{"id":546,"date":"2014-01-28T15:13:23","date_gmt":"2014-01-28T14:13:23","guid":{"rendered":"http:\/\/www.mylene.net\/presse-mylene-farmer\/?page_id=546"},"modified":"2014-01-28T15:13:23","modified_gmt":"2014-01-28T14:13:23","slug":"accueil","status":"publish","type":"page","link":"https:\/\/mig.mylene.net\/presse-mylene-farmer\/","title":{"rendered":"Myl\u00e8ne Farmer &#8211; Presse"},"content":{"rendered":"<p><strong>Nouvelle rubrique presse Myl\u00e8ne.Net.<\/strong><\/p>\n<p>Toutes les ann\u00e9es seront prochainement disponibles. 1989 \u00e0 2018 d\u00e9j\u00e0 en ligne.<\/p>\n<p>Pour les ann\u00e9es qui ne sont pas encore propos\u00e9es sur cette page, rendez-vous dans <a title=\"l'ancienne rubrique presse\" href=\"http:\/\/www.mylene.net\/media\/presse.php\">l&#8217;ancienne rubrique presse<\/a>.<\/p>\n<p>Vous pouvez aussi \u00e0 pr\u00e9sent rechercher des articles par les noms de journaux via le menu ci-dessous.<\/p>\n","protected":false},"excerpt":{"rendered":"<p>Nouvelle rubrique presse Myl\u00e8ne.Net. Toutes les ann\u00e9es seront prochainement disponibles. 1989 \u00e0 2018 d\u00e9j\u00e0 en ligne. Pour les ann\u00e9es qui ne sont pas encore propos\u00e9es sur cette page, rendez-vous dans l&#8217;ancienne rubrique presse. Vous pouvez aussi \u00e0 pr\u00e9sent rechercher des articles par les noms de journaux via le menu ci-dessous.<\/p>\n","protected":false},"author":1,"featured_media":0,"parent":0,"menu_order":0,"comment_status":"closed","ping_status":"open","template":"","meta":{"_acf_changed":false,"footnotes":""},"class_list":["post-546","page","type-page","status-publish","hentry"],"acf":[],"_links":{"self":[{"href":"https:\/\/mig.mylene.net\/presse-mylene-farmer\/wp-json\/wp\/v2\/pages\/546","targetHints":{"allow":["GET"]}}],"collection":[{"href":"https:\/\/mig.mylene.net\/presse-mylene-farmer\/wp-json\/wp\/v2\/pages"}],"about":[{"href":"https:\/\/mig.mylene.net\/presse-mylene-farmer\/wp-json\/wp\/v2\/types\/page"}],"author":[{"embeddable":true,"href":"https:\/\/mig.mylene.net\/presse-mylene-farmer\/wp-json\/wp\/v2\/users\/1"}],"replies":[{"embeddable":true,"href":"https:\/\/mig.mylene.net\/presse-mylene-farmer\/wp-json\/wp\/v2\/comments?post=546"}],"version-history":[{"count":0,"href":"https:\/\/mig.mylene.net\/presse-mylene-farmer\/wp-json\/wp\/v2\/pages\/546\/revisions"}],"wp:attachment":[{"href":"https:\/\/mig.mylene.net\/presse-mylene-farmer\/wp-json\/wp\/v2\/media?parent=546"}],"curies":[{"name":"wp","href":"https:\/\/api.w.org\/{rel}","templated":true}]}}