{"id":82,"date":"2013-07-03T15:39:51","date_gmt":"2013-07-03T14:39:51","guid":{"rendered":"http:\/\/www.mylene.net\/galerie\/?page_id=82"},"modified":"2013-07-03T15:39:51","modified_gmt":"2013-07-03T14:39:51","slug":"fonds-decran","status":"publish","type":"page","link":"https:\/\/mig.mylene.net\/galeries-photos-mylene-farmer\/fonds-decran","title":{"rendered":"Fonds d&rsquo;\u00e9cran"},"content":{"rendered":"<p><p>Invalid Displayed Gallery<\/p><\/p>\n<div class=\"galerie_description_fullline with_border\">\n<p><strong>Pour t\u00e9l\u00e9charger les fonds d&rsquo;\u00e9crans <a href=\"http:\/\/www.mylene.net\/village\/entrez.php\">connectez-vous \u00e0 votre compte Myl\u00e8ne.Net<\/a><br \/>\n<\/strong>\n<\/div>\n","protected":false},"excerpt":{"rendered":"<p>Invalid Displayed Gallery Pour t\u00e9l\u00e9charger les fonds d&rsquo;\u00e9crans connectez-vous \u00e0 votre compte Myl\u00e8ne.Net<\/p>\n","protected":false},"author":1,"featured_media":0,"parent":0,"menu_order":0,"comment_status":"closed","ping_status":"open","template":"","meta":{"_acf_changed":false,"ngg_post_thumbnail":0,"footnotes":""},"class_list":["post-82","page","type-page","status-publish","hentry"],"acf":[],"_links":{"self":[{"href":"https:\/\/mig.mylene.net\/galeries-photos-mylene-farmer\/wp-json\/wp\/v2\/pages\/82","targetHints":{"allow":["GET"]}}],"collection":[{"href":"https:\/\/mig.mylene.net\/galeries-photos-mylene-farmer\/wp-json\/wp\/v2\/pages"}],"about":[{"href":"https:\/\/mig.mylene.net\/galeries-photos-mylene-farmer\/wp-json\/wp\/v2\/types\/page"}],"author":[{"embeddable":true,"href":"https:\/\/mig.mylene.net\/galeries-photos-mylene-farmer\/wp-json\/wp\/v2\/users\/1"}],"replies":[{"embeddable":true,"href":"https:\/\/mig.mylene.net\/galeries-photos-mylene-farmer\/wp-json\/wp\/v2\/comments?post=82"}],"version-history":[{"count":0,"href":"https:\/\/mig.mylene.net\/galeries-photos-mylene-farmer\/wp-json\/wp\/v2\/pages\/82\/revisions"}],"wp:attachment":[{"href":"https:\/\/mig.mylene.net\/galeries-photos-mylene-farmer\/wp-json\/wp\/v2\/media?parent=82"}],"curies":[{"name":"wp","href":"https:\/\/api.w.org\/{rel}","templated":true}]}}