{"id":7622,"date":"2016-05-26T18:31:28","date_gmt":"2016-05-26T17:31:28","guid":{"rendered":"http:\/\/www.mylene.net\/mfv3atw\/galeries-photos-mf\/?page_id=7622"},"modified":"2025-03-26T08:38:07","modified_gmt":"2025-03-26T07:38:07","slug":"photographe-christophe-danchaud-06-mars-2016","status":"publish","type":"page","link":"https:\/\/mig.mylene.net\/galeries-photos-mylene-farmer\/photographe-christophe-danchaud-06-mars-2016","title":{"rendered":"Myl\u00e8ne Farmer &#8211; Photographe Christophe Danchaud &#8211; 06 mars 2016"},"content":{"rendered":"ngg_shortcode_0_placeholder\n<div class=\"galerie_description\">\n<div class=\"galerie_description_table\">\n<div class=\"galerie_description_line\">\n<div class=\"title themecolored\">Photographe<\/div>\n<div class=\"content\">Christophe Danchaud<\/div>\n<\/div>\n<div class=\"galerie_description_line\">\n<div class=\"title themecolored\">Date<\/div>\n<div class=\"content\">06 mars 2016<\/div>\n<\/div>\n<div class=\"galerie_description_line\">\n<div class=\"title themecolored\">Lieu<\/div>\n<div class=\"content\">Londres, Royaume-Uni<\/div>\n<\/div>\n<\/div>\n<\/div>\n<p>&nbsp;<\/p>\n<div class=\"galerie_description_fullline with_border\">\n<p>Photo post\u00e9e par Christophe Danchaud chor\u00e9graphe et maquilleur mais \u00e9galement ami de Myl\u00e8ne sur son compte instagram le 06 mars 2016 avec ces tags : christophedanchaud_makeupWE #London #coolday outside #walk me and #friend #mylenefarmer #happy #restday #love<\/p>\n<\/div>\n","protected":false},"excerpt":{"rendered":"<p>Photographe Christophe Danchaud Date 06 mars 2016 Lieu Londres, Royaume-Uni &nbsp; Photo post\u00e9e par Christophe Danchaud chor\u00e9graphe et maquilleur mais \u00e9galement ami de Myl\u00e8ne sur son compte instagram le 06 mars 2016 avec ces tags : christophedanchaud_makeupWE #London #coolday outside #walk me and #friend #mylenefarmer #happy #restday #love<\/p>\n","protected":false},"author":2,"featured_media":0,"parent":0,"menu_order":0,"comment_status":"closed","ping_status":"closed","template":"","meta":{"_acf_changed":false,"ngg_post_thumbnail":0,"footnotes":""},"class_list":["post-7622","page","type-page","status-publish","hentry"],"acf":[],"_links":{"self":[{"href":"https:\/\/mig.mylene.net\/galeries-photos-mylene-farmer\/wp-json\/wp\/v2\/pages\/7622","targetHints":{"allow":["GET"]}}],"collection":[{"href":"https:\/\/mig.mylene.net\/galeries-photos-mylene-farmer\/wp-json\/wp\/v2\/pages"}],"about":[{"href":"https:\/\/mig.mylene.net\/galeries-photos-mylene-farmer\/wp-json\/wp\/v2\/types\/page"}],"author":[{"embeddable":true,"href":"https:\/\/mig.mylene.net\/galeries-photos-mylene-farmer\/wp-json\/wp\/v2\/users\/2"}],"replies":[{"embeddable":true,"href":"https:\/\/mig.mylene.net\/galeries-photos-mylene-farmer\/wp-json\/wp\/v2\/comments?post=7622"}],"version-history":[{"count":1,"href":"https:\/\/mig.mylene.net\/galeries-photos-mylene-farmer\/wp-json\/wp\/v2\/pages\/7622\/revisions"}],"predecessor-version":[{"id":24627,"href":"https:\/\/mig.mylene.net\/galeries-photos-mylene-farmer\/wp-json\/wp\/v2\/pages\/7622\/revisions\/24627"}],"wp:attachment":[{"href":"https:\/\/mig.mylene.net\/galeries-photos-mylene-farmer\/wp-json\/wp\/v2\/media?parent=7622"}],"curies":[{"name":"wp","href":"https:\/\/api.w.org\/{rel}","templated":true}]}}