{"id":7615,"date":"2016-05-26T18:30:34","date_gmt":"2016-05-26T17:30:34","guid":{"rendered":"http:\/\/www.mylene.net\/mfv3atw\/galeries-photos-mf\/?page_id=7615"},"modified":"2025-03-26T08:37:31","modified_gmt":"2025-03-26T07:37:31","slug":"singin-in-the-rain-05-janvier-2016","status":"publish","type":"page","link":"https:\/\/mig.mylene.net\/galeries-photos-mylene-farmer\/singin-in-the-rain-05-janvier-2016","title":{"rendered":"Myl\u00e8ne Farmer &#8211; Singin&rsquo; in the Rain &#8211; 05 janvier 2016"},"content":{"rendered":"ngg_shortcode_0_placeholder\n<div class=\"galerie_description\">\n<div class=\"galerie_description_table\">\n<div class=\"galerie_description_line\">\n<div class=\"title themecolored\">Photographe<\/div>\n<div class=\"content\">&#8211;<\/div>\n<\/div>\n<div class=\"galerie_description_line\">\n<div class=\"title themecolored\">Date<\/div>\n<div class=\"content\">05 janvier 2016<\/div>\n<\/div>\n<div class=\"galerie_description_line\">\n<div class=\"title themecolored\">Lieu<\/div>\n<div class=\"content\">Th\u00e9\u00e2tre du Ch\u00e2telet, Paris, France<\/div>\n<\/div>\n<\/div>\n<\/div>\n<p>&nbsp;<\/p>\n<div class=\"galerie_description_fullline with_border\">\n<p>Myl\u00e8ne a assist\u00e9 avec Sting \u00e0 l&rsquo;une des repr\u00e9sentations de cette com\u00e9die musicale <em>Singin&rsquo; in the Rain<\/em> mise en sc\u00e8ne par Robert Carsen et qui s&rsquo;est jou\u00e9e du 27 novembre 2015 au 15 janvier 2016.<\/p>\n<\/div>\n","protected":false},"excerpt":{"rendered":"<p>Photographe &#8211; Date 05 janvier 2016 Lieu Th\u00e9\u00e2tre du Ch\u00e2telet, Paris, France &nbsp; Myl\u00e8ne a assist\u00e9 avec Sting \u00e0 l&rsquo;une des repr\u00e9sentations de cette com\u00e9die musicale Singin&rsquo; in the Rain mise en sc\u00e8ne par Robert Carsen et qui s&rsquo;est jou\u00e9e du 27 novembre 2015 au 15 janvier 2016.<\/p>\n","protected":false},"author":2,"featured_media":0,"parent":0,"menu_order":0,"comment_status":"closed","ping_status":"closed","template":"","meta":{"_acf_changed":false,"ngg_post_thumbnail":0,"footnotes":""},"class_list":["post-7615","page","type-page","status-publish","hentry"],"acf":[],"_links":{"self":[{"href":"https:\/\/mig.mylene.net\/galeries-photos-mylene-farmer\/wp-json\/wp\/v2\/pages\/7615","targetHints":{"allow":["GET"]}}],"collection":[{"href":"https:\/\/mig.mylene.net\/galeries-photos-mylene-farmer\/wp-json\/wp\/v2\/pages"}],"about":[{"href":"https:\/\/mig.mylene.net\/galeries-photos-mylene-farmer\/wp-json\/wp\/v2\/types\/page"}],"author":[{"embeddable":true,"href":"https:\/\/mig.mylene.net\/galeries-photos-mylene-farmer\/wp-json\/wp\/v2\/users\/2"}],"replies":[{"embeddable":true,"href":"https:\/\/mig.mylene.net\/galeries-photos-mylene-farmer\/wp-json\/wp\/v2\/comments?post=7615"}],"version-history":[{"count":1,"href":"https:\/\/mig.mylene.net\/galeries-photos-mylene-farmer\/wp-json\/wp\/v2\/pages\/7615\/revisions"}],"predecessor-version":[{"id":24626,"href":"https:\/\/mig.mylene.net\/galeries-photos-mylene-farmer\/wp-json\/wp\/v2\/pages\/7615\/revisions\/24626"}],"wp:attachment":[{"href":"https:\/\/mig.mylene.net\/galeries-photos-mylene-farmer\/wp-json\/wp\/v2\/media?parent=7615"}],"curies":[{"name":"wp","href":"https:\/\/api.w.org\/{rel}","templated":true}]}}