{"id":7606,"date":"2016-05-26T18:28:43","date_gmt":"2016-05-26T17:28:43","guid":{"rendered":"http:\/\/www.mylene.net\/mfv3atw\/galeries-photos-mf\/?page_id=7606"},"modified":"2025-03-26T08:36:31","modified_gmt":"2025-03-26T07:36:31","slug":"londres-30-avril-2016","status":"publish","type":"page","link":"https:\/\/mig.mylene.net\/galeries-photos-mylene-farmer\/londres-30-avril-2016","title":{"rendered":"Myl\u00e8ne Farmer &#8211; Londres &#8211; 30 avril 2016"},"content":{"rendered":"ngg_shortcode_0_placeholder\n<div class=\"galerie_description\">\n<div class=\"galerie_description_table\">\n<div class=\"galerie_description_line\">\n<div class=\"title themecolored\">Photographe<\/div>\n<div class=\"content\">&#8211;<\/div>\n<\/div>\n<div class=\"galerie_description_line\">\n<div class=\"title themecolored\">Date<\/div>\n<div class=\"content\">30 avril 2016<\/div>\n<\/div>\n<div class=\"galerie_description_line\">\n<div class=\"title themecolored\">Lieu<\/div>\n<div class=\"content\">Oxford Street, Londres, Royaume-Uni<\/div>\n<\/div>\n<\/div>\n<\/div>\n<p>&nbsp;<\/p>\n<div class=\"galerie_description_fullline with_border\">\n<p>Myl\u00e8ne est accompagn\u00e9e par la photographe Nathalie Del\u00e9pine.<br \/>\nPhotos prises par une fan (@Porcelain Wild).<br \/>\nMyl\u00e8ne porte un blazer gris mod\u00e8le Vedax avec t\u00eate de mort en strass au dos et d\u00e9tail \u00e0 effet python sous le col issu de la collection printemps\/\u00e9t\u00e9 2014 de chez Zadig et Voltaire (prix 450 euros) (info le-monde-mf \/ forum nobody knows)<a class=\"yoxview\" href=\"http:\/\/mylene.net\/img_\/fash-1.png\"><img decoding=\"async\" src=\"http:\/\/mylene.net\/img_\/fash-1m.jpg\" alt=\"\"><\/a><a class=\"yoxview\" href=\"http:\/\/mylene.net\/img_\/fash-2.jpg\"><img decoding=\"async\" src=\"http:\/\/mylene.net\/img_\/fash-2m.jpg\" alt=\"\"><\/a> <a class=\"yoxview\" href=\"http:\/\/mylene.net\/img_\/fash-3.jpg\"><img decoding=\"async\" src=\"http:\/\/mylene.net\/img_\/fash-3m.jpg\" alt=\"\"><\/a><\/p>\n<\/div>\n","protected":false},"excerpt":{"rendered":"<p>Photographe &#8211; Date 30 avril 2016 Lieu Oxford Street, Londres, Royaume-Uni &nbsp; Myl\u00e8ne est accompagn\u00e9e par la photographe Nathalie Del\u00e9pine. Photos prises par une fan (@Porcelain Wild). Myl\u00e8ne porte un blazer gris mod\u00e8le Vedax avec t\u00eate de mort en strass au dos et d\u00e9tail \u00e0 effet python sous le col issu de la collection printemps\/\u00e9t\u00e9 &hellip; <a href=\"https:\/\/mig.mylene.net\/galeries-photos-mylene-farmer\/londres-30-avril-2016\" class=\"more-link\">Continue reading<span class=\"screen-reader-text\"> \u00ab\u00a0Myl\u00e8ne Farmer &#8211; Londres &#8211; 30 avril 2016\u00a0\u00bb<\/span><\/a><\/p>\n","protected":false},"author":2,"featured_media":0,"parent":0,"menu_order":0,"comment_status":"closed","ping_status":"closed","template":"","meta":{"_acf_changed":false,"ngg_post_thumbnail":0,"footnotes":""},"class_list":["post-7606","page","type-page","status-publish","hentry"],"acf":[],"_links":{"self":[{"href":"https:\/\/mig.mylene.net\/galeries-photos-mylene-farmer\/wp-json\/wp\/v2\/pages\/7606","targetHints":{"allow":["GET"]}}],"collection":[{"href":"https:\/\/mig.mylene.net\/galeries-photos-mylene-farmer\/wp-json\/wp\/v2\/pages"}],"about":[{"href":"https:\/\/mig.mylene.net\/galeries-photos-mylene-farmer\/wp-json\/wp\/v2\/types\/page"}],"author":[{"embeddable":true,"href":"https:\/\/mig.mylene.net\/galeries-photos-mylene-farmer\/wp-json\/wp\/v2\/users\/2"}],"replies":[{"embeddable":true,"href":"https:\/\/mig.mylene.net\/galeries-photos-mylene-farmer\/wp-json\/wp\/v2\/comments?post=7606"}],"version-history":[{"count":1,"href":"https:\/\/mig.mylene.net\/galeries-photos-mylene-farmer\/wp-json\/wp\/v2\/pages\/7606\/revisions"}],"predecessor-version":[{"id":24624,"href":"https:\/\/mig.mylene.net\/galeries-photos-mylene-farmer\/wp-json\/wp\/v2\/pages\/7606\/revisions\/24624"}],"wp:attachment":[{"href":"https:\/\/mig.mylene.net\/galeries-photos-mylene-farmer\/wp-json\/wp\/v2\/media?parent=7606"}],"curies":[{"name":"wp","href":"https:\/\/api.w.org\/{rel}","templated":true}]}}