{"id":7553,"date":"2016-05-26T18:21:51","date_gmt":"2016-05-26T17:21:51","guid":{"rendered":"http:\/\/www.mylene.net\/mfv3atw\/galeries-photos-mf\/?page_id=7553"},"modified":"2025-03-26T08:30:31","modified_gmt":"2025-03-26T07:30:31","slug":"photographe-christophe-danchaud-07-juin-2015","status":"publish","type":"page","link":"https:\/\/mig.mylene.net\/galeries-photos-mylene-farmer\/photographe-christophe-danchaud-07-juin-2015","title":{"rendered":"Myl\u00e8ne Farmer &#8211; Photographe Christophe Danchaud &#8211; 07 juin 2015"},"content":{"rendered":"ngg_shortcode_0_placeholder\n<div class=\"galerie_description\">\n<div class=\"galerie_description_table\">\n<div class=\"galerie_description_line\">\n<div class=\"title themecolored\">Photographe<\/div>\n<div class=\"content\">Christophe Danchaud<\/div>\n<\/div>\n<div class=\"galerie_description_line\">\n<div class=\"title themecolored\">Date<\/div>\n<div class=\"content\">07 juin 2015<\/div>\n<\/div>\n<div class=\"galerie_description_line\">\n<div class=\"title themecolored\">Lieu<\/div>\n<div class=\"content\">Palais des Festivals, Cannes, France<\/div>\n<\/div>\n<\/div>\n<\/div>\n<p>&nbsp;<\/p>\n<div class=\"galerie_description_fullline with_border\">\n<p>Photo post\u00e9e par Christophe Danchaud chor\u00e9graphe et maquilleur mais \u00e9galement ami de Myl\u00e8ne sur son compte instagram le 07 juin 2015 avec ces tags : christophedanchaud_makeup#MyleneFarmer #icone #friend #marraine with my #lipstick #christophedanchaudetAbsolution #sweetandsafekiss numero #19 #fushia #absolution_cosmetics.<\/p>\n<p>Myl\u00e8ne porte un rouge \u00e0 l\u00e8vres issue de la gamme cr\u00e9\u00e9e par Christophe Danchaud pour la marque Absolution.<\/p>\n<\/div>\n","protected":false},"excerpt":{"rendered":"<p>Photographe Christophe Danchaud Date 07 juin 2015 Lieu Palais des Festivals, Cannes, France &nbsp; Photo post\u00e9e par Christophe Danchaud chor\u00e9graphe et maquilleur mais \u00e9galement ami de Myl\u00e8ne sur son compte instagram le 07 juin 2015 avec ces tags : christophedanchaud_makeup#MyleneFarmer #icone #friend #marraine with my #lipstick #christophedanchaudetAbsolution #sweetandsafekiss numero #19 #fushia #absolution_cosmetics. Myl\u00e8ne porte un &hellip; <a href=\"https:\/\/mig.mylene.net\/galeries-photos-mylene-farmer\/photographe-christophe-danchaud-07-juin-2015\" class=\"more-link\">Continue reading<span class=\"screen-reader-text\"> \u00ab\u00a0Myl\u00e8ne Farmer &#8211; Photographe Christophe Danchaud &#8211; 07 juin 2015\u00a0\u00bb<\/span><\/a><\/p>\n","protected":false},"author":2,"featured_media":0,"parent":0,"menu_order":0,"comment_status":"closed","ping_status":"closed","template":"","meta":{"_acf_changed":false,"ngg_post_thumbnail":0,"footnotes":""},"class_list":["post-7553","page","type-page","status-publish","hentry"],"acf":[],"_links":{"self":[{"href":"https:\/\/mig.mylene.net\/galeries-photos-mylene-farmer\/wp-json\/wp\/v2\/pages\/7553","targetHints":{"allow":["GET"]}}],"collection":[{"href":"https:\/\/mig.mylene.net\/galeries-photos-mylene-farmer\/wp-json\/wp\/v2\/pages"}],"about":[{"href":"https:\/\/mig.mylene.net\/galeries-photos-mylene-farmer\/wp-json\/wp\/v2\/types\/page"}],"author":[{"embeddable":true,"href":"https:\/\/mig.mylene.net\/galeries-photos-mylene-farmer\/wp-json\/wp\/v2\/users\/2"}],"replies":[{"embeddable":true,"href":"https:\/\/mig.mylene.net\/galeries-photos-mylene-farmer\/wp-json\/wp\/v2\/comments?post=7553"}],"version-history":[{"count":1,"href":"https:\/\/mig.mylene.net\/galeries-photos-mylene-farmer\/wp-json\/wp\/v2\/pages\/7553\/revisions"}],"predecessor-version":[{"id":24618,"href":"https:\/\/mig.mylene.net\/galeries-photos-mylene-farmer\/wp-json\/wp\/v2\/pages\/7553\/revisions\/24618"}],"wp:attachment":[{"href":"https:\/\/mig.mylene.net\/galeries-photos-mylene-farmer\/wp-json\/wp\/v2\/media?parent=7553"}],"curies":[{"name":"wp","href":"https:\/\/api.w.org\/{rel}","templated":true}]}}