{"id":7431,"date":"2016-05-26T18:14:07","date_gmt":"2016-05-26T17:14:07","guid":{"rendered":"http:\/\/www.mylene.net\/mfv3atw\/galeries-photos-mf\/?page_id=7431"},"modified":"2025-11-27T14:51:26","modified_gmt":"2025-11-27T13:51:26","slug":"photographe-sylvie-lancrenon-2015","status":"publish","type":"page","link":"https:\/\/mig.mylene.net\/galeries-photos-mylene-farmer\/photographe-sylvie-lancrenon-2015","title":{"rendered":"Myl\u00e8ne Farmer &#8211; Photographe Sylvie Lancrenon &#8211; Octobre 2015"},"content":{"rendered":"<p>ngg_shortcode_0_placeholder<br \/>\nngg_shortcode_1_placeholder<br \/>\nngg_shortcode_2_placeholder<br \/>\nngg_shortcode_3_placeholder<br \/>\nngg_shortcode_4_placeholder<\/p>\n<div class=\"galerie_description\">\n<div class=\"galerie_description_table\">\n<div class=\"galerie_description_line\">\n<div class=\"title themecolored\">Photographe<\/div>\n<div class=\"content\">Sylvie Lancrenon<\/div>\n<\/div>\n<div class=\"galerie_description_line\">\n<div class=\"title themecolored\">Date<\/div>\n<div class=\"content\">09 octobre 2015 (pour photos en ext\u00e9rieur)<\/div>\n<\/div>\n<div class=\"galerie_description_line\">\n<div class=\"title themecolored\">Lieu<\/div>\n<div class=\"content\">Le Raincy, Seine Saint Denis, France (pour les photos en ext\u00e9rieur)<\/div>\n<\/div>\n<\/div>\n<\/div>\n<p>&nbsp;<\/p>\n<div class=\"galerie_description_fullline with_border\">\n<p>S\u00e9ance photos pour le magazine \u00ab\u00a0Gala\u00a0\u00bb paru le 04 novembre 2015 et le magazine \u00ab\u00a0Le Point\u00a0\u00bb (pour les photos avec Michel Onfray) paru le 05 novembre 2015.<br \/>\nArticles dans la rubrique <a href=\"http:\/\/www.mylene.net\/presse-mylene-farmer\/accueil\/annee-2015\">Presse 2015<\/a>.<\/p>\n<p>Coiffure : John Nollet<\/p>\n<\/div>\n","protected":false},"excerpt":{"rendered":"<p>Photographe Sylvie Lancrenon Date 09 octobre 2015 (pour photos en ext\u00e9rieur) Lieu Le Raincy, Seine Saint Denis, France (pour les photos en ext\u00e9rieur) &nbsp; S\u00e9ance photos pour le magazine \u00ab\u00a0Gala\u00a0\u00bb paru le 04 novembre 2015 et le magazine \u00ab\u00a0Le Point\u00a0\u00bb (pour les photos avec Michel Onfray) paru le 05 novembre 2015. Articles dans la rubrique &hellip; <a href=\"https:\/\/mig.mylene.net\/galeries-photos-mylene-farmer\/photographe-sylvie-lancrenon-2015\" class=\"more-link\">Continue reading<span class=\"screen-reader-text\"> \u00ab\u00a0Myl\u00e8ne Farmer &#8211; Photographe Sylvie Lancrenon &#8211; Octobre 2015\u00a0\u00bb<\/span><\/a><\/p>\n","protected":false},"author":2,"featured_media":0,"parent":0,"menu_order":0,"comment_status":"closed","ping_status":"closed","template":"","meta":{"_acf_changed":false,"ngg_post_thumbnail":0,"footnotes":""},"class_list":["post-7431","page","type-page","status-publish","hentry"],"acf":[],"_links":{"self":[{"href":"https:\/\/mig.mylene.net\/galeries-photos-mylene-farmer\/wp-json\/wp\/v2\/pages\/7431","targetHints":{"allow":["GET"]}}],"collection":[{"href":"https:\/\/mig.mylene.net\/galeries-photos-mylene-farmer\/wp-json\/wp\/v2\/pages"}],"about":[{"href":"https:\/\/mig.mylene.net\/galeries-photos-mylene-farmer\/wp-json\/wp\/v2\/types\/page"}],"author":[{"embeddable":true,"href":"https:\/\/mig.mylene.net\/galeries-photos-mylene-farmer\/wp-json\/wp\/v2\/users\/2"}],"replies":[{"embeddable":true,"href":"https:\/\/mig.mylene.net\/galeries-photos-mylene-farmer\/wp-json\/wp\/v2\/comments?post=7431"}],"version-history":[{"count":3,"href":"https:\/\/mig.mylene.net\/galeries-photos-mylene-farmer\/wp-json\/wp\/v2\/pages\/7431\/revisions"}],"predecessor-version":[{"id":25044,"href":"https:\/\/mig.mylene.net\/galeries-photos-mylene-farmer\/wp-json\/wp\/v2\/pages\/7431\/revisions\/25044"}],"wp:attachment":[{"href":"https:\/\/mig.mylene.net\/galeries-photos-mylene-farmer\/wp-json\/wp\/v2\/media?parent=7431"}],"curies":[{"name":"wp","href":"https:\/\/api.w.org\/{rel}","templated":true}]}}