{"id":7358,"date":"2016-05-26T18:05:33","date_gmt":"2016-05-26T17:05:33","guid":{"rendered":"http:\/\/www.mylene.net\/mfv3atw\/galeries-photos-mf\/?page_id=7358"},"modified":"2025-03-26T08:23:30","modified_gmt":"2025-03-26T07:23:30","slug":"photographe-sylvie-lancrenon-octobre-2014","status":"publish","type":"page","link":"https:\/\/mig.mylene.net\/galeries-photos-mylene-farmer\/photographe-sylvie-lancrenon-octobre-2014","title":{"rendered":"Myl\u00e8ne Farmer &#8211; Photographe Sylvie Lancrenon &#8211; Octobre 2014"},"content":{"rendered":"ngg_shortcode_0_placeholder\n<div class=\"galerie_description\">\n<div class=\"galerie_description_table\">\n<div class=\"galerie_description_line\">\n<div class=\"title themecolored\">Photographe<\/div>\n<div class=\"content\">Sylvie Lancrenon<\/div>\n<\/div>\n<div class=\"galerie_description_line\">\n<div class=\"title themecolored\">Dates<\/div>\n<div class=\"content\">21 octobre 2014 (prise de vue) \/ 2015 (publication)<\/div>\n<\/div>\n<div class=\"galerie_description_line\">\n<div class=\"title themecolored\">Lieu<\/div>\n<div class=\"content\">Studio Sala, Paris XI, France<\/div>\n<\/div>\n<\/div>\n<\/div>\n<p>&nbsp;<\/p>\n<div class=\"galerie_description_fullline with_border\">\n<p>Photos pour le livre de Myl\u00e8ne Farmer et Sylvie Lancrenon <em>Fragile<\/em> publi\u00e9 aux \u00e9ditions Anne Carri\u00e8re le 15 mai 2015.<br \/>\nChef coiffeur : John Nollet<br \/>\nChef maquilleuse : Carole Lasnier<br \/>\nChef op\u00e9rateur : Michel Amathieu<br \/>\nChef d\u00e9corateur : Jean-Hugues de Chatillon<\/p>\n<\/div>\n","protected":false},"excerpt":{"rendered":"<p>Photographe Sylvie Lancrenon Dates 21 octobre 2014 (prise de vue) \/ 2015 (publication) Lieu Studio Sala, Paris XI, France &nbsp; Photos pour le livre de Myl\u00e8ne Farmer et Sylvie Lancrenon Fragile publi\u00e9 aux \u00e9ditions Anne Carri\u00e8re le 15 mai 2015. Chef coiffeur : John Nollet Chef maquilleuse : Carole Lasnier Chef op\u00e9rateur : Michel Amathieu &hellip; <a href=\"https:\/\/mig.mylene.net\/galeries-photos-mylene-farmer\/photographe-sylvie-lancrenon-octobre-2014\" class=\"more-link\">Continue reading<span class=\"screen-reader-text\"> \u00ab\u00a0Myl\u00e8ne Farmer &#8211; Photographe Sylvie Lancrenon &#8211; Octobre 2014\u00a0\u00bb<\/span><\/a><\/p>\n","protected":false},"author":2,"featured_media":0,"parent":0,"menu_order":0,"comment_status":"closed","ping_status":"closed","template":"","meta":{"_acf_changed":false,"ngg_post_thumbnail":0,"footnotes":""},"class_list":["post-7358","page","type-page","status-publish","hentry"],"acf":[],"_links":{"self":[{"href":"https:\/\/mig.mylene.net\/galeries-photos-mylene-farmer\/wp-json\/wp\/v2\/pages\/7358","targetHints":{"allow":["GET"]}}],"collection":[{"href":"https:\/\/mig.mylene.net\/galeries-photos-mylene-farmer\/wp-json\/wp\/v2\/pages"}],"about":[{"href":"https:\/\/mig.mylene.net\/galeries-photos-mylene-farmer\/wp-json\/wp\/v2\/types\/page"}],"author":[{"embeddable":true,"href":"https:\/\/mig.mylene.net\/galeries-photos-mylene-farmer\/wp-json\/wp\/v2\/users\/2"}],"replies":[{"embeddable":true,"href":"https:\/\/mig.mylene.net\/galeries-photos-mylene-farmer\/wp-json\/wp\/v2\/comments?post=7358"}],"version-history":[{"count":1,"href":"https:\/\/mig.mylene.net\/galeries-photos-mylene-farmer\/wp-json\/wp\/v2\/pages\/7358\/revisions"}],"predecessor-version":[{"id":24611,"href":"https:\/\/mig.mylene.net\/galeries-photos-mylene-farmer\/wp-json\/wp\/v2\/pages\/7358\/revisions\/24611"}],"wp:attachment":[{"href":"https:\/\/mig.mylene.net\/galeries-photos-mylene-farmer\/wp-json\/wp\/v2\/media?parent=7358"}],"curies":[{"name":"wp","href":"https:\/\/api.w.org\/{rel}","templated":true}]}}