{"id":7270,"date":"2016-05-26T17:54:52","date_gmt":"2016-05-26T16:54:52","guid":{"rendered":"http:\/\/www.mylene.net\/mfv3atw\/galeries-photos-mf\/?page_id=7270"},"modified":"2025-03-26T08:17:00","modified_gmt":"2025-03-26T07:17:00","slug":"timeless-2013-backstage-photographe-francois-hanss","status":"publish","type":"page","link":"https:\/\/mig.mylene.net\/galeries-photos-mylene-farmer\/timeless-2013-backstage-photographe-francois-hanss","title":{"rendered":"Myl\u00e8ne Farmer &#8211; Timeless 2013 &#8211; Backstage &#8211; Photographe Fran\u00e7ois Hanss"},"content":{"rendered":"\nngg_shortcode_0_placeholder\n\n\n\n<div class=\"galerie_description\">\n<div class=\"galerie_description_table\">\n<div class=\"galerie_description_line\">\n<div class=\"title themecolored\">Photographe<\/div>\n<div class=\"content\">Fran\u00e7ois Hanss<\/div>\n<\/div>\n<div class=\"galerie_description_line\">\n<div class=\"title themecolored\">Date<\/div>\n<div class=\"content\">Septembre \/ Octobre \/ 06 d\u00e9cembre 2013<\/div>\n<\/div>\n<div class=\"galerie_description_line\">\n<div class=\"title themecolored\">Lieu<\/div>\n<div class=\"content\">POPB (Bercy), Paris &amp; Halle Tony Garnier, Lyon &amp; Palais Nika\u00efa, Nice, France<\/div>\n<\/div>\n<\/div>\n<\/div>\n<p>&nbsp;<\/p>\n<div class=\"galerie_description_fullline with_border\">\n<p>Photos publi\u00e9es par le r\u00e9alisateur du film du concert sur les r\u00e9seaux sociaux.<\/p>\n<\/div>\n<\/div>\n","protected":false},"excerpt":{"rendered":"<p>Photographe Fran\u00e7ois Hanss Date Septembre \/ Octobre \/ 06 d\u00e9cembre 2013 Lieu POPB (Bercy), Paris &amp; Halle Tony Garnier, Lyon &amp; Palais Nika\u00efa, Nice, France &nbsp; Photos publi\u00e9es par le r\u00e9alisateur du film du concert sur les r\u00e9seaux sociaux.<\/p>\n","protected":false},"author":2,"featured_media":0,"parent":0,"menu_order":0,"comment_status":"closed","ping_status":"closed","template":"","meta":{"_acf_changed":false,"ngg_post_thumbnail":0,"footnotes":""},"class_list":["post-7270","page","type-page","status-publish","hentry"],"acf":[],"_links":{"self":[{"href":"https:\/\/mig.mylene.net\/galeries-photos-mylene-farmer\/wp-json\/wp\/v2\/pages\/7270","targetHints":{"allow":["GET"]}}],"collection":[{"href":"https:\/\/mig.mylene.net\/galeries-photos-mylene-farmer\/wp-json\/wp\/v2\/pages"}],"about":[{"href":"https:\/\/mig.mylene.net\/galeries-photos-mylene-farmer\/wp-json\/wp\/v2\/types\/page"}],"author":[{"embeddable":true,"href":"https:\/\/mig.mylene.net\/galeries-photos-mylene-farmer\/wp-json\/wp\/v2\/users\/2"}],"replies":[{"embeddable":true,"href":"https:\/\/mig.mylene.net\/galeries-photos-mylene-farmer\/wp-json\/wp\/v2\/comments?post=7270"}],"version-history":[{"count":4,"href":"https:\/\/mig.mylene.net\/galeries-photos-mylene-farmer\/wp-json\/wp\/v2\/pages\/7270\/revisions"}],"predecessor-version":[{"id":24606,"href":"https:\/\/mig.mylene.net\/galeries-photos-mylene-farmer\/wp-json\/wp\/v2\/pages\/7270\/revisions\/24606"}],"wp:attachment":[{"href":"https:\/\/mig.mylene.net\/galeries-photos-mylene-farmer\/wp-json\/wp\/v2\/media?parent=7270"}],"curies":[{"name":"wp","href":"https:\/\/api.w.org\/{rel}","templated":true}]}}