{"id":7246,"date":"2016-05-26T17:53:16","date_gmt":"2016-05-26T16:53:16","guid":{"rendered":"http:\/\/www.mylene.net\/mfv3atw\/galeries-photos-mf\/?page_id=7246"},"modified":"2025-03-26T07:46:02","modified_gmt":"2025-03-26T06:46:02","slug":"timeless-2013-backstage-photos-nathalie-delepine","status":"publish","type":"page","link":"https:\/\/mig.mylene.net\/galeries-photos-mylene-farmer\/timeless-2013-backstage-photos-nathalie-delepine","title":{"rendered":"Myl\u00e8ne Farmer &#8211; Timeless 2013 &#8211; Backstage &#8211; Photographe Nathalie Del\u00e9pine"},"content":{"rendered":"ngg_shortcode_0_placeholder\n<div class=\"galerie_description\">\n<div class=\"galerie_description_table\">\n<div class=\"galerie_description_line\">\n<div class=\"title themecolored\">Photographe<\/div>\n<div class=\"content\">Nathalie Del\u00e9pine<\/div>\n<\/div>\n<div class=\"galerie_description_line\">\n<div class=\"title themecolored\">Dates<\/div>\n<div class=\"content\">Septembre \u00e0 D\u00e9cembre 2013<\/div>\n<\/div>\n<div class=\"galerie_description_line\">\n<div class=\"title themecolored\">Lieux<\/div>\n<div class=\"content\">France, Belgique, Suisse, Russie<\/div>\n<\/div>\n<\/div>\n<\/div>\n<p>&nbsp;<\/p>\n<div class=\"galerie_description_fullline with_border\">\n<p>Treize de ces photos ont \u00e9t\u00e9 publi\u00e9es dans le <a href=\"http:\/\/www.mylene.net\/mylene\/mylene-farmer-referentiel-calendrier-2014.php\">calendrier officiel 2014<\/a>.<\/p>\n<p>D&rsquo;autres photos ont \u00e9t\u00e9 publi\u00e9es dans le magazine \u00ab\u00a0Gala\u00a0\u00bb du 24 d\u00e9cembre 2013.<\/p>\n<\/div>\n","protected":false},"excerpt":{"rendered":"<p>Photographe Nathalie Del\u00e9pine Dates Septembre \u00e0 D\u00e9cembre 2013 Lieux France, Belgique, Suisse, Russie &nbsp; Treize de ces photos ont \u00e9t\u00e9 publi\u00e9es dans le calendrier officiel 2014. D&rsquo;autres photos ont \u00e9t\u00e9 publi\u00e9es dans le magazine \u00ab\u00a0Gala\u00a0\u00bb du 24 d\u00e9cembre 2013.<\/p>\n","protected":false},"author":2,"featured_media":0,"parent":0,"menu_order":0,"comment_status":"closed","ping_status":"closed","template":"","meta":{"_acf_changed":false,"ngg_post_thumbnail":0,"footnotes":""},"class_list":["post-7246","page","type-page","status-publish","hentry"],"acf":[],"_links":{"self":[{"href":"https:\/\/mig.mylene.net\/galeries-photos-mylene-farmer\/wp-json\/wp\/v2\/pages\/7246","targetHints":{"allow":["GET"]}}],"collection":[{"href":"https:\/\/mig.mylene.net\/galeries-photos-mylene-farmer\/wp-json\/wp\/v2\/pages"}],"about":[{"href":"https:\/\/mig.mylene.net\/galeries-photos-mylene-farmer\/wp-json\/wp\/v2\/types\/page"}],"author":[{"embeddable":true,"href":"https:\/\/mig.mylene.net\/galeries-photos-mylene-farmer\/wp-json\/wp\/v2\/users\/2"}],"replies":[{"embeddable":true,"href":"https:\/\/mig.mylene.net\/galeries-photos-mylene-farmer\/wp-json\/wp\/v2\/comments?post=7246"}],"version-history":[{"count":2,"href":"https:\/\/mig.mylene.net\/galeries-photos-mylene-farmer\/wp-json\/wp\/v2\/pages\/7246\/revisions"}],"predecessor-version":[{"id":24602,"href":"https:\/\/mig.mylene.net\/galeries-photos-mylene-farmer\/wp-json\/wp\/v2\/pages\/7246\/revisions\/24602"}],"wp:attachment":[{"href":"https:\/\/mig.mylene.net\/galeries-photos-mylene-farmer\/wp-json\/wp\/v2\/media?parent=7246"}],"curies":[{"name":"wp","href":"https:\/\/api.w.org\/{rel}","templated":true}]}}