{"id":7165,"date":"2016-05-26T17:47:27","date_gmt":"2016-05-26T16:47:27","guid":{"rendered":"http:\/\/www.mylene.net\/mfv3atw\/galeries-photos-mf\/?page_id=7165"},"modified":"2025-12-03T12:06:04","modified_gmt":"2025-12-03T11:06:04","slug":"photographe-bettina-rheims-2013","status":"publish","type":"page","link":"https:\/\/mig.mylene.net\/galeries-photos-mylene-farmer\/photographe-bettina-rheims-2013","title":{"rendered":"Myl\u00e8ne Farmer &#8211; Photographe Bettina Rheims &#8211; Mai 2013"},"content":{"rendered":"ngg_shortcode_0_placeholder\nngg_shortcode_1_placeholder\nngg_shortcode_2_placeholder\nngg_shortcode_3_placeholder\nngg_shortcode_4_placeholder\nngg_shortcode_5_placeholder\n<div class=\"galerie_description\">\n<div class=\"galerie_description_table\">\n<div class=\"galerie_description_line\">\n<div class=\"title themecolored\">Photographe<\/div>\n<div class=\"content\">Bettina Rheims<\/div>\n<\/div>\n<div class=\"galerie_description_line\">\n<div class=\"title themecolored\">Date<\/div>\n<div class=\"content\">24 mai 2013<\/div>\n<\/div>\n<\/div>\n<\/div>\n<p>&nbsp;<\/p>\n<div class=\"galerie_description_fullline with_border\">\n<p>Premi\u00e8re collaboration de Myl\u00e8ne avec la photographe Bettina Rheims (s\u0153ur de Nathalie Rheims amie proche de Myl\u00e8ne).<\/p>\n<p>Stylisme : Yasmine Eslami<br \/>\nMaquillage : Christine Corbel<br \/>\nCoiffeur : Tomohiro Ohashi<br \/>\nProduction Studio : Vanessa Mourot, Harry Matenaer &amp; Jeremy Massa<br \/>\nDigital : Nathalie Hermann<\/p>\n<p>Photos publi\u00e9es dans le programme de la tourn\u00e9e <em>Timeless 2013<\/em>. Certaines photos seront \u00e9galement publi\u00e9es dans le magazine \u00ab\u00a0Paris Match\u00a0\u00bb du 12 septembre 2013 pour illustrer l&rsquo;interview de Myl\u00e8ne par Laurent Delahousse.<\/p>\n<\/div>\n","protected":false},"excerpt":{"rendered":"<p>&nbsp; &nbsp; &nbsp; &nbsp; &nbsp; Photographe Bettina Rheims Date 24 mai 2013 &nbsp; Premi\u00e8re collaboration de Myl\u00e8ne avec la photographe Bettina Rheims (s\u0153ur de Nathalie Rheims amie proche de Myl\u00e8ne). Stylisme : Yasmine Eslami Maquillage : Christine Corbel Coiffeur : Tomohiro Ohashi Production Studio : Vanessa Mourot, Harry Matenaer &amp; Jeremy Massa Digital : Nathalie &hellip; <a href=\"https:\/\/mig.mylene.net\/galeries-photos-mylene-farmer\/photographe-bettina-rheims-2013\" class=\"more-link\">Continue reading<span class=\"screen-reader-text\"> \u00ab\u00a0Myl\u00e8ne Farmer &#8211; Photographe Bettina Rheims &#8211; Mai 2013\u00a0\u00bb<\/span><\/a><\/p>\n","protected":false},"author":2,"featured_media":0,"parent":0,"menu_order":0,"comment_status":"closed","ping_status":"closed","template":"","meta":{"_acf_changed":false,"ngg_post_thumbnail":0,"footnotes":""},"class_list":["post-7165","page","type-page","status-publish","hentry"],"acf":[],"_links":{"self":[{"href":"https:\/\/mig.mylene.net\/galeries-photos-mylene-farmer\/wp-json\/wp\/v2\/pages\/7165","targetHints":{"allow":["GET"]}}],"collection":[{"href":"https:\/\/mig.mylene.net\/galeries-photos-mylene-farmer\/wp-json\/wp\/v2\/pages"}],"about":[{"href":"https:\/\/mig.mylene.net\/galeries-photos-mylene-farmer\/wp-json\/wp\/v2\/types\/page"}],"author":[{"embeddable":true,"href":"https:\/\/mig.mylene.net\/galeries-photos-mylene-farmer\/wp-json\/wp\/v2\/users\/2"}],"replies":[{"embeddable":true,"href":"https:\/\/mig.mylene.net\/galeries-photos-mylene-farmer\/wp-json\/wp\/v2\/comments?post=7165"}],"version-history":[{"count":2,"href":"https:\/\/mig.mylene.net\/galeries-photos-mylene-farmer\/wp-json\/wp\/v2\/pages\/7165\/revisions"}],"predecessor-version":[{"id":25109,"href":"https:\/\/mig.mylene.net\/galeries-photos-mylene-farmer\/wp-json\/wp\/v2\/pages\/7165\/revisions\/25109"}],"wp:attachment":[{"href":"https:\/\/mig.mylene.net\/galeries-photos-mylene-farmer\/wp-json\/wp\/v2\/media?parent=7165"}],"curies":[{"name":"wp","href":"https:\/\/api.w.org\/{rel}","templated":true}]}}