{"id":7111,"date":"2016-05-26T17:46:14","date_gmt":"2016-05-26T16:46:14","guid":{"rendered":"http:\/\/www.mylene.net\/mfv3atw\/galeries-photos-mf\/?page_id=7111"},"modified":"2025-08-11T17:52:55","modified_gmt":"2025-08-11T15:52:55","slug":"cite-du-cinema-21-septembre-2012","status":"publish","type":"page","link":"https:\/\/mig.mylene.net\/galeries-photos-mylene-farmer\/cite-du-cinema-21-septembre-2012","title":{"rendered":"Myl\u00e8ne Farmer &#8211; Cit\u00e9 du cin\u00e9ma &#8211; 21 septembre 2012"},"content":{"rendered":"<p>ngg_shortcode_0_placeholder<br \/>\nngg_shortcode_1_placeholder<\/p>\n<div class=\"galerie_description\">\n<div class=\"galerie_description_table\">\n<div class=\"galerie_description_line\">\n<div class=\"title themecolored\">Photographes<\/div>\n<div class=\"content\">Divers<\/div>\n<\/div>\n<div class=\"galerie_description_line\">\n<div class=\"title themecolored\">Date<\/div>\n<div class=\"content\">21 septembre 2012<\/div>\n<\/div>\n<div class=\"galerie_description_line\">\n<div class=\"title themecolored\">Lieu<\/div>\n<div class=\"content\">Cit\u00e9 du Cin\u00e9ma,Saint-Denis, France<\/div>\n<\/div>\n<\/div>\n<\/div>\n<p>&nbsp;<\/p>\n<div class=\"galerie_description_fullline with_border\">\n<p>D\u00eener d&rsquo;inauguration de la Cit\u00e9 du Cin\u00e9ma cr\u00e9\u00e9e par Luc Besson.<br \/>\nMyl\u00e8ne est accompagn\u00e9e par son ami le maquilleur et chor\u00e9graphe Christophe Danchaud.<\/p>\n<\/div>\n","protected":false},"excerpt":{"rendered":"<p>Photographes Divers Date 21 septembre 2012 Lieu Cit\u00e9 du Cin\u00e9ma,Saint-Denis, France &nbsp; D\u00eener d&rsquo;inauguration de la Cit\u00e9 du Cin\u00e9ma cr\u00e9\u00e9e par Luc Besson. Myl\u00e8ne est accompagn\u00e9e par son ami le maquilleur et chor\u00e9graphe Christophe Danchaud.<\/p>\n","protected":false},"author":2,"featured_media":0,"parent":0,"menu_order":0,"comment_status":"closed","ping_status":"closed","template":"","meta":{"_acf_changed":false,"ngg_post_thumbnail":0,"footnotes":""},"class_list":["post-7111","page","type-page","status-publish","hentry"],"acf":[],"_links":{"self":[{"href":"https:\/\/mig.mylene.net\/galeries-photos-mylene-farmer\/wp-json\/wp\/v2\/pages\/7111","targetHints":{"allow":["GET"]}}],"collection":[{"href":"https:\/\/mig.mylene.net\/galeries-photos-mylene-farmer\/wp-json\/wp\/v2\/pages"}],"about":[{"href":"https:\/\/mig.mylene.net\/galeries-photos-mylene-farmer\/wp-json\/wp\/v2\/types\/page"}],"author":[{"embeddable":true,"href":"https:\/\/mig.mylene.net\/galeries-photos-mylene-farmer\/wp-json\/wp\/v2\/users\/2"}],"replies":[{"embeddable":true,"href":"https:\/\/mig.mylene.net\/galeries-photos-mylene-farmer\/wp-json\/wp\/v2\/comments?post=7111"}],"version-history":[{"count":2,"href":"https:\/\/mig.mylene.net\/galeries-photos-mylene-farmer\/wp-json\/wp\/v2\/pages\/7111\/revisions"}],"predecessor-version":[{"id":24896,"href":"https:\/\/mig.mylene.net\/galeries-photos-mylene-farmer\/wp-json\/wp\/v2\/pages\/7111\/revisions\/24896"}],"wp:attachment":[{"href":"https:\/\/mig.mylene.net\/galeries-photos-mylene-farmer\/wp-json\/wp\/v2\/media?parent=7111"}],"curies":[{"name":"wp","href":"https:\/\/api.w.org\/{rel}","templated":true}]}}