{"id":6926,"date":"2016-05-25T20:36:11","date_gmt":"2016-05-25T19:36:11","guid":{"rendered":"http:\/\/www.mylene.net\/mfv3atw\/galeries-photos-mf\/?page_id=6926"},"modified":"2025-08-11T17:51:36","modified_gmt":"2025-08-11T15:51:36","slug":"defile-jean-paul-gaultier-06-juillet-2011","status":"publish","type":"page","link":"https:\/\/mig.mylene.net\/galeries-photos-mylene-farmer\/defile-jean-paul-gaultier-06-juillet-2011","title":{"rendered":"Myl\u00e8ne Farmer &#8211; D\u00e9fil\u00e9 Jean Paul Gaultier &#8211; 06 juillet 2011"},"content":{"rendered":"ngg_shortcode_0_placeholder\nngg_shortcode_1_placeholder\n<div class=\"galerie_description\">\n<div class=\"galerie_description_table\">\n<div class=\"galerie_description_line\">\n<div class=\"title themecolored\">Photographes<\/div>\n<div class=\"content\">Divers<\/div>\n<\/div>\n<div class=\"galerie_description_line\">\n<div class=\"title themecolored\">Date<\/div>\n<div class=\"content\">06 juillet 2011<\/div>\n<\/div>\n<div class=\"galerie_description_line\">\n<div class=\"title themecolored\">Lieu<\/div>\n<div class=\"content\">325 rue Saint-Martin, Paris, France<\/div>\n<\/div>\n<\/div>\n<\/div>\n<p>&nbsp;<\/p>\n<div class=\"galerie_description_fullline with_border\">\n<p>D\u00e9fil\u00e9 Haute Couture Automne &#8211; Hiver 2011 \/ 2012 Jean Paul Gaultier.<br \/>\nLe d\u00e9fil\u00e9 se d\u00e9roule dans les ateliers du cr\u00e9ateur.<\/p>\n<p>Myl\u00e8ne cl\u00f4ture le d\u00e9fil\u00e9. Elle porte la robe de mari\u00e9e \u00ab\u00a0Libertine Swan\u00a0\u00bb<\/p>\n<\/div>\n","protected":false},"excerpt":{"rendered":"<p>&nbsp; Photographes Divers Date 06 juillet 2011 Lieu 325 rue Saint-Martin, Paris, France &nbsp; D\u00e9fil\u00e9 Haute Couture Automne &#8211; Hiver 2011 \/ 2012 Jean Paul Gaultier. Le d\u00e9fil\u00e9 se d\u00e9roule dans les ateliers du cr\u00e9ateur. Myl\u00e8ne cl\u00f4ture le d\u00e9fil\u00e9. Elle porte la robe de mari\u00e9e \u00ab\u00a0Libertine Swan\u00a0\u00bb<\/p>\n","protected":false},"author":2,"featured_media":0,"parent":0,"menu_order":0,"comment_status":"closed","ping_status":"closed","template":"","meta":{"_acf_changed":false,"ngg_post_thumbnail":0,"footnotes":""},"class_list":["post-6926","page","type-page","status-publish","hentry"],"acf":[],"_links":{"self":[{"href":"https:\/\/mig.mylene.net\/galeries-photos-mylene-farmer\/wp-json\/wp\/v2\/pages\/6926","targetHints":{"allow":["GET"]}}],"collection":[{"href":"https:\/\/mig.mylene.net\/galeries-photos-mylene-farmer\/wp-json\/wp\/v2\/pages"}],"about":[{"href":"https:\/\/mig.mylene.net\/galeries-photos-mylene-farmer\/wp-json\/wp\/v2\/types\/page"}],"author":[{"embeddable":true,"href":"https:\/\/mig.mylene.net\/galeries-photos-mylene-farmer\/wp-json\/wp\/v2\/users\/2"}],"replies":[{"embeddable":true,"href":"https:\/\/mig.mylene.net\/galeries-photos-mylene-farmer\/wp-json\/wp\/v2\/comments?post=6926"}],"version-history":[{"count":2,"href":"https:\/\/mig.mylene.net\/galeries-photos-mylene-farmer\/wp-json\/wp\/v2\/pages\/6926\/revisions"}],"predecessor-version":[{"id":24894,"href":"https:\/\/mig.mylene.net\/galeries-photos-mylene-farmer\/wp-json\/wp\/v2\/pages\/6926\/revisions\/24894"}],"wp:attachment":[{"href":"https:\/\/mig.mylene.net\/galeries-photos-mylene-farmer\/wp-json\/wp\/v2\/media?parent=6926"}],"curies":[{"name":"wp","href":"https:\/\/api.w.org\/{rel}","templated":true}]}}