{"id":6800,"date":"2016-05-25T20:24:34","date_gmt":"2016-05-25T19:24:34","guid":{"rendered":"http:\/\/www.mylene.net\/mfv3atw\/galeries-photos-mf\/?page_id=6800"},"modified":"2025-03-26T07:27:07","modified_gmt":"2025-03-26T06:27:07","slug":"tournage-clip-lonely-lisa-photographe-nathalie-delepine-mai-2011","status":"publish","type":"page","link":"https:\/\/mig.mylene.net\/galeries-photos-mylene-farmer\/tournage-clip-lonely-lisa-photographe-nathalie-delepine-mai-2011","title":{"rendered":"Myl\u00e8ne Farmer &#8211; Tournage clip Lonely Lisa &#8211; Photographe Nathalie Del\u00e9pine &#8211; Mai 2011"},"content":{"rendered":"ngg_shortcode_0_placeholder\n<div class=\"galerie_description\">\n<div class=\"galerie_description_table\">\n<div class=\"galerie_description_line\">\n<div class=\"title themecolored\">Photographe<\/div>\n<div class=\"content\">Nathalie Del\u00e9pine<\/div>\n<\/div>\n<div class=\"galerie_description_line\">\n<div class=\"title themecolored\">Date<\/div>\n<div class=\"content\">Mai 2011<\/div>\n<\/div>\n<div class=\"galerie_description_line\">\n<div class=\"title themecolored\">Lieu<\/div>\n<div class=\"content\">Tel Aviv, Isra\u00ebl<\/div>\n<\/div>\n<\/div>\n<\/div>\n<p>&nbsp;<\/p>\n<div class=\"galerie_description_fullline with_border\">\n<p>Nathalie Del\u00e9pine \u00e9tait avec John Nollet l&rsquo;un des deux photographes de plateau du clip <em>Lonely Lisa<\/em>.<\/p>\n<p>Page du <a href=\"http:\/\/www.mylene.net\/mylene\/mylene-farmer_lonely-lisa_clip.php\">clip <em>Lonely Lisa<\/em><\/a> r\u00e9alis\u00e9 par Roy Raz.<\/p>\n<\/div>\n","protected":false},"excerpt":{"rendered":"<p>Photographe Nathalie Del\u00e9pine Date Mai 2011 Lieu Tel Aviv, Isra\u00ebl &nbsp; Nathalie Del\u00e9pine \u00e9tait avec John Nollet l&rsquo;un des deux photographes de plateau du clip Lonely Lisa. Page du clip Lonely Lisa r\u00e9alis\u00e9 par Roy Raz.<\/p>\n","protected":false},"author":2,"featured_media":0,"parent":0,"menu_order":0,"comment_status":"closed","ping_status":"closed","template":"","meta":{"_acf_changed":false,"ngg_post_thumbnail":0,"footnotes":""},"class_list":["post-6800","page","type-page","status-publish","hentry"],"acf":[],"_links":{"self":[{"href":"https:\/\/mig.mylene.net\/galeries-photos-mylene-farmer\/wp-json\/wp\/v2\/pages\/6800","targetHints":{"allow":["GET"]}}],"collection":[{"href":"https:\/\/mig.mylene.net\/galeries-photos-mylene-farmer\/wp-json\/wp\/v2\/pages"}],"about":[{"href":"https:\/\/mig.mylene.net\/galeries-photos-mylene-farmer\/wp-json\/wp\/v2\/types\/page"}],"author":[{"embeddable":true,"href":"https:\/\/mig.mylene.net\/galeries-photos-mylene-farmer\/wp-json\/wp\/v2\/users\/2"}],"replies":[{"embeddable":true,"href":"https:\/\/mig.mylene.net\/galeries-photos-mylene-farmer\/wp-json\/wp\/v2\/comments?post=6800"}],"version-history":[{"count":1,"href":"https:\/\/mig.mylene.net\/galeries-photos-mylene-farmer\/wp-json\/wp\/v2\/pages\/6800\/revisions"}],"predecessor-version":[{"id":24588,"href":"https:\/\/mig.mylene.net\/galeries-photos-mylene-farmer\/wp-json\/wp\/v2\/pages\/6800\/revisions\/24588"}],"wp:attachment":[{"href":"https:\/\/mig.mylene.net\/galeries-photos-mylene-farmer\/wp-json\/wp\/v2\/media?parent=6800"}],"curies":[{"name":"wp","href":"https:\/\/api.w.org\/{rel}","templated":true}]}}