{"id":6405,"date":"2016-05-25T19:53:59","date_gmt":"2016-05-25T18:53:59","guid":{"rendered":"http:\/\/www.mylene.net\/mfv3atw\/galeries-photos-mf\/?page_id=6405"},"modified":"2025-03-25T16:18:59","modified_gmt":"2025-03-25T15:18:59","slug":"tour-2009-backstage-photographe-francois-hanss","status":"publish","type":"page","link":"https:\/\/mig.mylene.net\/galeries-photos-mylene-farmer\/tour-2009-backstage-photographe-francois-hanss","title":{"rendered":"Myl\u00e8ne Farmer &#8211; Tour 2009 &#8211; Backstage &#8211; Photographe : Fran\u00e7ois Hanss"},"content":{"rendered":"ngg_shortcode_0_placeholder\n<div class=\"galerie_description\">\n<div class=\"galerie_description_table\">\n<div class=\"galerie_description_line\">\n<div class=\"title themecolored\">Photographe<\/div>\n<div class=\"content\">Fran\u00e7ois Hanss<\/div>\n<\/div>\n<div class=\"galerie_description_line\">\n<div class=\"title themecolored\">Dates<\/div>\n<div class=\"content\">Mai \u00e0 Septembre 2009<\/div>\n<\/div>\n<div class=\"galerie_description_line\">\n<div class=\"title themecolored\">Lieux<\/div>\n<div class=\"content\">France, Suisse, Belgique<\/div>\n<\/div>\n<\/div>\n<\/div>\n<p>&nbsp;<\/p>\n<div class=\"galerie_description_fullline with_border\">\n<p>Photos publi\u00e9es par le r\u00e9alisateur du film des concerts sur les r\u00e9seaux sociaux.<\/p>\n<\/div>\n","protected":false},"excerpt":{"rendered":"<p>Photographe Fran\u00e7ois Hanss Dates Mai \u00e0 Septembre 2009 Lieux France, Suisse, Belgique &nbsp; Photos publi\u00e9es par le r\u00e9alisateur du film des concerts sur les r\u00e9seaux sociaux.<\/p>\n","protected":false},"author":2,"featured_media":0,"parent":0,"menu_order":0,"comment_status":"closed","ping_status":"closed","template":"","meta":{"_acf_changed":false,"ngg_post_thumbnail":0,"footnotes":""},"class_list":["post-6405","page","type-page","status-publish","hentry"],"acf":[],"_links":{"self":[{"href":"https:\/\/mig.mylene.net\/galeries-photos-mylene-farmer\/wp-json\/wp\/v2\/pages\/6405","targetHints":{"allow":["GET"]}}],"collection":[{"href":"https:\/\/mig.mylene.net\/galeries-photos-mylene-farmer\/wp-json\/wp\/v2\/pages"}],"about":[{"href":"https:\/\/mig.mylene.net\/galeries-photos-mylene-farmer\/wp-json\/wp\/v2\/types\/page"}],"author":[{"embeddable":true,"href":"https:\/\/mig.mylene.net\/galeries-photos-mylene-farmer\/wp-json\/wp\/v2\/users\/2"}],"replies":[{"embeddable":true,"href":"https:\/\/mig.mylene.net\/galeries-photos-mylene-farmer\/wp-json\/wp\/v2\/comments?post=6405"}],"version-history":[{"count":1,"href":"https:\/\/mig.mylene.net\/galeries-photos-mylene-farmer\/wp-json\/wp\/v2\/pages\/6405\/revisions"}],"predecessor-version":[{"id":24577,"href":"https:\/\/mig.mylene.net\/galeries-photos-mylene-farmer\/wp-json\/wp\/v2\/pages\/6405\/revisions\/24577"}],"wp:attachment":[{"href":"https:\/\/mig.mylene.net\/galeries-photos-mylene-farmer\/wp-json\/wp\/v2\/media?parent=6405"}],"curies":[{"name":"wp","href":"https:\/\/api.w.org\/{rel}","templated":true}]}}