{"id":6401,"date":"2016-05-25T19:53:19","date_gmt":"2016-05-25T18:53:19","guid":{"rendered":"http:\/\/www.mylene.net\/mfv3atw\/galeries-photos-mf\/?page_id=6401"},"modified":"2025-11-27T14:40:08","modified_gmt":"2025-11-27T13:40:08","slug":"tour-2009-backstage-photographe-nathalie-delepine","status":"publish","type":"page","link":"https:\/\/mig.mylene.net\/galeries-photos-mylene-farmer\/tour-2009-backstage-photographe-nathalie-delepine","title":{"rendered":"Myl\u00e8ne Farmer &#8211; Tour 2009 &#8211; Backstage &#8211; Photographe : Nathalie Delepine"},"content":{"rendered":"<p>ngg_shortcode_0_placeholder<br \/>\nngg_shortcode_1_placeholder<br \/>\nngg_shortcode_2_placeholder<br \/>\nngg_shortcode_3_placeholder<br \/>\nngg_shortcode_4_placeholder<\/p>\n<div class=\"galerie_description\">\n<div class=\"galerie_description_table\">\n<div class=\"galerie_description_line\">\n<div class=\"title themecolored\">Photographe<\/div>\n<div class=\"content\">Nathalie Del\u00e9pine<\/div>\n<\/div>\n<div class=\"galerie_description_line\">\n<div class=\"title themecolored\">Dates<\/div>\n<div class=\"content\">Mai \u00e0 Septembre 2009<\/div>\n<\/div>\n<div class=\"galerie_description_line\">\n<div class=\"title themecolored\">Lieux<\/div>\n<div class=\"content\">France, Suisse, Belgique<\/div>\n<\/div>\n<\/div>\n<\/div>\n<p>&nbsp;<\/p>\n<div class=\"galerie_description_fullline with_border\">\n<p>Premi\u00e8re publication dans le magazine \u00ab\u00a0Gala\u00a0\u00bb du 9 septembre 2009.<\/p>\n<p>D&rsquo;autres photos ont \u00e9t\u00e9 publi\u00e9es dans le <a href=\"http:\/\/www.mylene.net\/mylene\/mylene-farmer-referentiel-calendrier-2010.php\">calendrier officiel 2010<\/a> paru le 26 octobre 2009 puis dans le fanzine \u00ab\u00a0Styx Magazine sp\u00e9cial Backstage Tour 2009\u00a0\u00bb paru en 2010.<\/p>\n<\/div>\n","protected":false},"excerpt":{"rendered":"<p>Photographe Nathalie Del\u00e9pine Dates Mai \u00e0 Septembre 2009 Lieux France, Suisse, Belgique &nbsp; Premi\u00e8re publication dans le magazine \u00ab\u00a0Gala\u00a0\u00bb du 9 septembre 2009. D&rsquo;autres photos ont \u00e9t\u00e9 publi\u00e9es dans le calendrier officiel 2010 paru le 26 octobre 2009 puis dans le fanzine \u00ab\u00a0Styx Magazine sp\u00e9cial Backstage Tour 2009\u00a0\u00bb paru en 2010.<\/p>\n","protected":false},"author":2,"featured_media":0,"parent":0,"menu_order":0,"comment_status":"closed","ping_status":"closed","template":"","meta":{"_acf_changed":false,"ngg_post_thumbnail":0,"footnotes":""},"class_list":["post-6401","page","type-page","status-publish","hentry"],"acf":[],"_links":{"self":[{"href":"https:\/\/mig.mylene.net\/galeries-photos-mylene-farmer\/wp-json\/wp\/v2\/pages\/6401","targetHints":{"allow":["GET"]}}],"collection":[{"href":"https:\/\/mig.mylene.net\/galeries-photos-mylene-farmer\/wp-json\/wp\/v2\/pages"}],"about":[{"href":"https:\/\/mig.mylene.net\/galeries-photos-mylene-farmer\/wp-json\/wp\/v2\/types\/page"}],"author":[{"embeddable":true,"href":"https:\/\/mig.mylene.net\/galeries-photos-mylene-farmer\/wp-json\/wp\/v2\/users\/2"}],"replies":[{"embeddable":true,"href":"https:\/\/mig.mylene.net\/galeries-photos-mylene-farmer\/wp-json\/wp\/v2\/comments?post=6401"}],"version-history":[{"count":2,"href":"https:\/\/mig.mylene.net\/galeries-photos-mylene-farmer\/wp-json\/wp\/v2\/pages\/6401\/revisions"}],"predecessor-version":[{"id":25038,"href":"https:\/\/mig.mylene.net\/galeries-photos-mylene-farmer\/wp-json\/wp\/v2\/pages\/6401\/revisions\/25038"}],"wp:attachment":[{"href":"https:\/\/mig.mylene.net\/galeries-photos-mylene-farmer\/wp-json\/wp\/v2\/media?parent=6401"}],"curies":[{"name":"wp","href":"https:\/\/api.w.org\/{rel}","templated":true}]}}