{"id":6390,"date":"2016-05-25T19:52:21","date_gmt":"2016-05-25T18:52:21","guid":{"rendered":"http:\/\/www.mylene.net\/mfv3atw\/galeries-photos-mf\/?page_id=6390"},"modified":"2025-03-25T16:18:02","modified_gmt":"2025-03-25T15:18:02","slug":"tour-2009-backstage-photographe-robin","status":"publish","type":"page","link":"https:\/\/mig.mylene.net\/galeries-photos-mylene-farmer\/tour-2009-backstage-photographe-robin","title":{"rendered":"Myl\u00e8ne Farmer &#8211; Tour 2009 &#8211; Backstage &#8211; Photographe : Robin"},"content":{"rendered":"ngg_shortcode_0_placeholder\n<div class=\"galerie_description\">\n<div class=\"galerie_description_table\">\n<div class=\"galerie_description_line\">\n<div class=\"title themecolored\">Photographe<\/div>\n<div class=\"content\">Robin<\/div>\n<\/div>\n<div class=\"galerie_description_line\">\n<div class=\"title themecolored\">Dates<\/div>\n<div class=\"content\">Mai \u00e0 Septembre 2009<\/div>\n<\/div>\n<div class=\"galerie_description_line\">\n<div class=\"title themecolored\">Lieux<\/div>\n<div class=\"content\">France, Suisse, Belgique<\/div>\n<\/div>\n<\/div>\n<\/div>\n<p>&nbsp;<\/p>\n<div class=\"galerie_description_fullline with_border\">\n<p>Premi\u00e8re publication dans le magazine \u00ab Gala \u00bb du 9 septembre 2009.<\/p>\n<p>D\u2019autres photos ont \u00e9t\u00e9 publi\u00e9es dans le <a href=\"http:\/\/www.mylene.net\/mylene\/mylene-farmer-referentiel-calendrier-2010.php\">calendrier officiel 2010<\/a> paru le 26 octobre 2009 puis dans le fanzine \u00ab Styx Magazine sp\u00e9cial Backstage Tour 2009 \u00bb paru en 2010.<\/p>\n<\/div>\n","protected":false},"excerpt":{"rendered":"<p>Photographe Robin Dates Mai \u00e0 Septembre 2009 Lieux France, Suisse, Belgique &nbsp; Premi\u00e8re publication dans le magazine \u00ab Gala \u00bb du 9 septembre 2009. D\u2019autres photos ont \u00e9t\u00e9 publi\u00e9es dans le calendrier officiel 2010 paru le 26 octobre 2009 puis dans le fanzine \u00ab Styx Magazine sp\u00e9cial Backstage Tour 2009 \u00bb paru en 2010.<\/p>\n","protected":false},"author":2,"featured_media":0,"parent":0,"menu_order":0,"comment_status":"closed","ping_status":"closed","template":"","meta":{"_acf_changed":false,"ngg_post_thumbnail":0,"footnotes":""},"class_list":["post-6390","page","type-page","status-publish","hentry"],"acf":[],"_links":{"self":[{"href":"https:\/\/mig.mylene.net\/galeries-photos-mylene-farmer\/wp-json\/wp\/v2\/pages\/6390","targetHints":{"allow":["GET"]}}],"collection":[{"href":"https:\/\/mig.mylene.net\/galeries-photos-mylene-farmer\/wp-json\/wp\/v2\/pages"}],"about":[{"href":"https:\/\/mig.mylene.net\/galeries-photos-mylene-farmer\/wp-json\/wp\/v2\/types\/page"}],"author":[{"embeddable":true,"href":"https:\/\/mig.mylene.net\/galeries-photos-mylene-farmer\/wp-json\/wp\/v2\/users\/2"}],"replies":[{"embeddable":true,"href":"https:\/\/mig.mylene.net\/galeries-photos-mylene-farmer\/wp-json\/wp\/v2\/comments?post=6390"}],"version-history":[{"count":1,"href":"https:\/\/mig.mylene.net\/galeries-photos-mylene-farmer\/wp-json\/wp\/v2\/pages\/6390\/revisions"}],"predecessor-version":[{"id":24576,"href":"https:\/\/mig.mylene.net\/galeries-photos-mylene-farmer\/wp-json\/wp\/v2\/pages\/6390\/revisions\/24576"}],"wp:attachment":[{"href":"https:\/\/mig.mylene.net\/galeries-photos-mylene-farmer\/wp-json\/wp\/v2\/media?parent=6390"}],"curies":[{"name":"wp","href":"https:\/\/api.w.org\/{rel}","templated":true}]}}