{"id":6296,"date":"2016-05-25T19:41:45","date_gmt":"2016-05-25T18:41:45","guid":{"rendered":"http:\/\/www.mylene.net\/mfv3atw\/galeries-photos-mf\/?page_id=6296"},"modified":"2025-03-25T16:15:56","modified_gmt":"2025-03-25T15:15:56","slug":"tournage-clip-appelle-mon-numero-2008-photographe-stephane-paillard","status":"publish","type":"page","link":"https:\/\/mig.mylene.net\/galeries-photos-mylene-farmer\/tournage-clip-appelle-mon-numero-2008-photographe-stephane-paillard","title":{"rendered":"Myl\u00e8ne Farmer &#8211; Tournage clip Appelle mon num\u00e9ro &#8211; 2008 &#8211; Photographe : St\u00e9phane Paillard"},"content":{"rendered":"ngg_shortcode_0_placeholder\n<div class=\"galerie_description_table\">\n<div class=\"galerie_description_line\">\n<div class=\"title themecolored\">Photographe<\/div>\n<div class=\"content\">St\u00e9phane Paillard<\/div>\n<\/div>\n<div class=\"galerie_description_line\">\n<div class=\"title themecolored\">Dates<\/div>\n<div class=\"content\">03 et 04 octobre 2008<\/div>\n<\/div>\n<div class=\"galerie_description_line\">\n<div class=\"title themecolored\">Lieu<\/div>\n<div class=\"content\">France<\/div>\n<\/div>\n<\/div>\n<p>&nbsp;<\/p>\n<div class=\"galerie_description_fullline with_border\">\n<p>Clip r\u00e9alis\u00e9 par Beno\u00eet Di Sabatino<br \/>\nPage <a href=\"https:\/\/mylene.net\/mylene\/c_appellemonnumero.php\">clip <em>Appelle mon num\u00e9ro <\/em><\/a><br \/>\nPhoto du chef constructeur du d\u00e9cor, St\u00e9phane Paillard<br \/>\nSource : <a href=\"http:\/\/www.stephane-paillard.fr\/\" target=\"_blank\" rel=\"noopener\">http:\/\/www.stephane-paillard.fr\/<\/a><\/p>\n<\/div>\n","protected":false},"excerpt":{"rendered":"<p>Photographe St\u00e9phane Paillard Dates 03 et 04 octobre 2008 Lieu France &nbsp; Clip r\u00e9alis\u00e9 par Beno\u00eet Di Sabatino Page clip Appelle mon num\u00e9ro Photo du chef constructeur du d\u00e9cor, St\u00e9phane Paillard Source : http:\/\/www.stephane-paillard.fr\/<\/p>\n","protected":false},"author":2,"featured_media":0,"parent":0,"menu_order":0,"comment_status":"closed","ping_status":"closed","template":"","meta":{"_acf_changed":false,"ngg_post_thumbnail":0,"footnotes":""},"class_list":["post-6296","page","type-page","status-publish","hentry"],"acf":[],"_links":{"self":[{"href":"https:\/\/mig.mylene.net\/galeries-photos-mylene-farmer\/wp-json\/wp\/v2\/pages\/6296","targetHints":{"allow":["GET"]}}],"collection":[{"href":"https:\/\/mig.mylene.net\/galeries-photos-mylene-farmer\/wp-json\/wp\/v2\/pages"}],"about":[{"href":"https:\/\/mig.mylene.net\/galeries-photos-mylene-farmer\/wp-json\/wp\/v2\/types\/page"}],"author":[{"embeddable":true,"href":"https:\/\/mig.mylene.net\/galeries-photos-mylene-farmer\/wp-json\/wp\/v2\/users\/2"}],"replies":[{"embeddable":true,"href":"https:\/\/mig.mylene.net\/galeries-photos-mylene-farmer\/wp-json\/wp\/v2\/comments?post=6296"}],"version-history":[{"count":1,"href":"https:\/\/mig.mylene.net\/galeries-photos-mylene-farmer\/wp-json\/wp\/v2\/pages\/6296\/revisions"}],"predecessor-version":[{"id":24573,"href":"https:\/\/mig.mylene.net\/galeries-photos-mylene-farmer\/wp-json\/wp\/v2\/pages\/6296\/revisions\/24573"}],"wp:attachment":[{"href":"https:\/\/mig.mylene.net\/galeries-photos-mylene-farmer\/wp-json\/wp\/v2\/media?parent=6296"}],"curies":[{"name":"wp","href":"https:\/\/api.w.org\/{rel}","templated":true}]}}