{"id":6220,"date":"2016-05-25T19:38:03","date_gmt":"2016-05-25T18:38:03","guid":{"rendered":"http:\/\/www.mylene.net\/mfv3atw\/galeries-photos-mf\/?page_id=6220"},"modified":"2025-08-17T10:12:32","modified_gmt":"2025-08-17T08:12:32","slug":"elysee-01er-octobre-2007","status":"publish","type":"page","link":"https:\/\/mig.mylene.net\/galeries-photos-mylene-farmer\/elysee-01er-octobre-2007","title":{"rendered":"Myl\u00e8ne Farmer &#8211; Elys\u00e9e &#8211; 01er octobre 2007"},"content":{"rendered":"ngg_shortcode_0_placeholder\nngg_shortcode_1_placeholder\n<div class=\"galerie_description\">\n<div class=\"galerie_description_table\">\n<div class=\"galerie_description_line\">\n<div class=\"title themecolored\">Photographes<\/div>\n<div class=\"content\">Divers<\/div>\n<\/div>\n<div class=\"galerie_description_line\">\n<div class=\"title themecolored\">Date<\/div>\n<div class=\"content\">01er octobre 2007<\/div>\n<\/div>\n<div class=\"galerie_description_line\">\n<div class=\"title themecolored\">Lieu<\/div>\n<div class=\"content\">Palais de l&rsquo;Elys\u00e9e &amp; H\u00f4tel Bristol, Paris VIII, France<\/div>\n<\/div>\n<\/div>\n<\/div>\n<p>&nbsp;<\/p>\n<div class=\"galerie_description_fullline with_border\">\n<p>Remise de la l\u00e9gion d&rsquo;honneur \u00e0 David Lynch.<br \/>\nMyl\u00e8ne \u00e9tait accompagn\u00e9e de Beno\u00eet Di Sabatino.<br \/>\nCertaines photos ont \u00e9t\u00e9 prises au Palais de l&rsquo;Elys\u00e9e d&rsquo;autres lors du d\u00e9jeuner \u00ab\u00a0Cartier\u00a0\u00bb organis\u00e9 \u00e0 l&rsquo;h\u00f4tel Bristol.<\/p>\n<\/div>\n","protected":false},"excerpt":{"rendered":"<p>&nbsp; &nbsp; Photographes Divers Date 01er octobre 2007 Lieu Palais de l&rsquo;Elys\u00e9e &amp; H\u00f4tel Bristol, Paris VIII, France &nbsp; Remise de la l\u00e9gion d&rsquo;honneur \u00e0 David Lynch. Myl\u00e8ne \u00e9tait accompagn\u00e9e de Beno\u00eet Di Sabatino. Certaines photos ont \u00e9t\u00e9 prises au Palais de l&rsquo;Elys\u00e9e d&rsquo;autres lors du d\u00e9jeuner \u00ab\u00a0Cartier\u00a0\u00bb organis\u00e9 \u00e0 l&rsquo;h\u00f4tel Bristol.<\/p>\n","protected":false},"author":2,"featured_media":0,"parent":0,"menu_order":0,"comment_status":"closed","ping_status":"closed","template":"","meta":{"_acf_changed":false,"ngg_post_thumbnail":0,"footnotes":""},"class_list":["post-6220","page","type-page","status-publish","hentry"],"acf":[],"_links":{"self":[{"href":"https:\/\/mig.mylene.net\/galeries-photos-mylene-farmer\/wp-json\/wp\/v2\/pages\/6220","targetHints":{"allow":["GET"]}}],"collection":[{"href":"https:\/\/mig.mylene.net\/galeries-photos-mylene-farmer\/wp-json\/wp\/v2\/pages"}],"about":[{"href":"https:\/\/mig.mylene.net\/galeries-photos-mylene-farmer\/wp-json\/wp\/v2\/types\/page"}],"author":[{"embeddable":true,"href":"https:\/\/mig.mylene.net\/galeries-photos-mylene-farmer\/wp-json\/wp\/v2\/users\/2"}],"replies":[{"embeddable":true,"href":"https:\/\/mig.mylene.net\/galeries-photos-mylene-farmer\/wp-json\/wp\/v2\/comments?post=6220"}],"version-history":[{"count":2,"href":"https:\/\/mig.mylene.net\/galeries-photos-mylene-farmer\/wp-json\/wp\/v2\/pages\/6220\/revisions"}],"predecessor-version":[{"id":24938,"href":"https:\/\/mig.mylene.net\/galeries-photos-mylene-farmer\/wp-json\/wp\/v2\/pages\/6220\/revisions\/24938"}],"wp:attachment":[{"href":"https:\/\/mig.mylene.net\/galeries-photos-mylene-farmer\/wp-json\/wp\/v2\/media?parent=6220"}],"curies":[{"name":"wp","href":"https:\/\/api.w.org\/{rel}","templated":true}]}}