{"id":6193,"date":"2016-05-25T19:37:12","date_gmt":"2016-05-25T18:37:12","guid":{"rendered":"http:\/\/www.mylene.net\/mfv3atw\/galeries-photos-mf\/?page_id=6193"},"modified":"2025-03-25T16:12:59","modified_gmt":"2025-03-25T15:12:59","slug":"venise-08-juin-2007","status":"publish","type":"page","link":"https:\/\/mig.mylene.net\/galeries-photos-mylene-farmer\/venise-08-juin-2007","title":{"rendered":"Myl\u00e8ne Farmer &#8211; Venise &#8211; 08 juin 2007"},"content":{"rendered":"ngg_shortcode_0_placeholder\n<div class=\"galerie_description\">\n<div class=\"galerie_description_table\">\n<div class=\"galerie_description_line\">\n<div class=\"title themecolored\">Photographes<\/div>\n<div class=\"content\">Divers<\/div>\n<\/div>\n<div class=\"galerie_description_line\">\n<div class=\"title themecolored\">Date<\/div>\n<div class=\"content\">08 juin 2007<\/div>\n<\/div>\n<div class=\"galerie_description_line\">\n<div class=\"title themecolored\">Lieu<\/div>\n<div class=\"content\">Fondation Cini, Venise, Italie<\/div>\n<\/div>\n<\/div>\n<\/div>\n<p>&nbsp;<\/p>\n<div class=\"galerie_description_fullline with_border\">\n<p>Pinault Party. D\u00eener \u00e0 la Fondation Cini. 52\u00e8 Biennale de Venise.<\/p>\n<p>Myl\u00e8ne Farmer est accompagn\u00e9e par Nathalie Rheims et Beno\u00eet Di Sabatino.<\/p>\n<p>Elle porte une robe dite \u00ab\u00a0ex-votos\u00a0\u00bb cr\u00e9\u00e9e par Franck Sorbier (cr\u00e9ateur des costumes des concerts <em>Avant que l&rsquo;ombre&#8230; \u00e0 Bercy<\/em> en 2006).<br \/>\nPour l&rsquo;anecdote, Myl\u00e8ne a t\u00e9l\u00e9phon\u00e9 le lendemain de la soir\u00e9e au couturier pour lui expliquer que la robe lui avait g\u00e2ch\u00e9 quelque peu la soir\u00e9e car tr\u00e8s lourde et plut\u00f4t inconfortable.<\/p>\n<\/div>\n","protected":false},"excerpt":{"rendered":"<p>Photographes Divers Date 08 juin 2007 Lieu Fondation Cini, Venise, Italie &nbsp; Pinault Party. D\u00eener \u00e0 la Fondation Cini. 52\u00e8 Biennale de Venise. Myl\u00e8ne Farmer est accompagn\u00e9e par Nathalie Rheims et Beno\u00eet Di Sabatino. Elle porte une robe dite \u00ab\u00a0ex-votos\u00a0\u00bb cr\u00e9\u00e9e par Franck Sorbier (cr\u00e9ateur des costumes des concerts Avant que l&rsquo;ombre&#8230; \u00e0 Bercy en &hellip; <a href=\"https:\/\/mig.mylene.net\/galeries-photos-mylene-farmer\/venise-08-juin-2007\" class=\"more-link\">Continue reading<span class=\"screen-reader-text\"> \u00ab\u00a0Myl\u00e8ne Farmer &#8211; Venise &#8211; 08 juin 2007\u00a0\u00bb<\/span><\/a><\/p>\n","protected":false},"author":2,"featured_media":0,"parent":0,"menu_order":0,"comment_status":"closed","ping_status":"closed","template":"","meta":{"_acf_changed":false,"ngg_post_thumbnail":0,"footnotes":""},"class_list":["post-6193","page","type-page","status-publish","hentry"],"acf":[],"_links":{"self":[{"href":"https:\/\/mig.mylene.net\/galeries-photos-mylene-farmer\/wp-json\/wp\/v2\/pages\/6193","targetHints":{"allow":["GET"]}}],"collection":[{"href":"https:\/\/mig.mylene.net\/galeries-photos-mylene-farmer\/wp-json\/wp\/v2\/pages"}],"about":[{"href":"https:\/\/mig.mylene.net\/galeries-photos-mylene-farmer\/wp-json\/wp\/v2\/types\/page"}],"author":[{"embeddable":true,"href":"https:\/\/mig.mylene.net\/galeries-photos-mylene-farmer\/wp-json\/wp\/v2\/users\/2"}],"replies":[{"embeddable":true,"href":"https:\/\/mig.mylene.net\/galeries-photos-mylene-farmer\/wp-json\/wp\/v2\/comments?post=6193"}],"version-history":[{"count":1,"href":"https:\/\/mig.mylene.net\/galeries-photos-mylene-farmer\/wp-json\/wp\/v2\/pages\/6193\/revisions"}],"predecessor-version":[{"id":24570,"href":"https:\/\/mig.mylene.net\/galeries-photos-mylene-farmer\/wp-json\/wp\/v2\/pages\/6193\/revisions\/24570"}],"wp:attachment":[{"href":"https:\/\/mig.mylene.net\/galeries-photos-mylene-farmer\/wp-json\/wp\/v2\/media?parent=6193"}],"curies":[{"name":"wp","href":"https:\/\/api.w.org\/{rel}","templated":true}]}}