{"id":6126,"date":"2016-05-25T19:33:29","date_gmt":"2016-05-25T18:33:29","guid":{"rendered":"http:\/\/www.mylene.net\/mfv3atw\/galeries-photos-mf\/?page_id=6126"},"modified":"2025-03-25T16:10:46","modified_gmt":"2025-03-25T15:10:46","slug":"jt-de-20-heures-tf1-12-decembre-2006","status":"publish","type":"page","link":"https:\/\/mig.mylene.net\/galeries-photos-mylene-farmer\/jt-de-20-heures-tf1-12-decembre-2006","title":{"rendered":"Myl\u00e8ne Farmer &#8211; JT de 20 heures TF1 &#8211; 12 decembre 2006"},"content":{"rendered":"ngg_shortcode_0_placeholder\n<div class=\"galerie_description\">\n<div class=\"galerie_description_table\">\n<div class=\"galerie_description_line\">\n<div class=\"title themecolored\">Photographe<\/div>\n<div class=\"content\">Laurent Zabulon<\/div>\n<\/div>\n<div class=\"galerie_description_line\">\n<div class=\"title themecolored\">Date<\/div>\n<div class=\"content\">12 d\u00e9cembre 2006<\/div>\n<\/div>\n<div class=\"galerie_description_line\">\n<div class=\"title themecolored\">Lieu<\/div>\n<div class=\"content\">Plateau du JT de TF1, Boulogne Billancourt, France<\/div>\n<\/div>\n<\/div>\n<\/div>\n<p>&nbsp;<\/p>\n<div class=\"galerie_description_fullline with_border\">\n<p>Photo prise apr\u00e8s le JT de 20 heures de PPDA sur TF1 dont Myl\u00e8ne \u00e9tait l&rsquo;invit\u00e9e pour la promotion de l&rsquo;album et de la vid\u00e9o live <em>Avant que l&rsquo;ombre&#8230; \u00e0 Bercy<\/em> et du film <em>Arthur et les Minimoys<\/em>.<\/p>\n<p><a href=\"http:\/\/www.mylene.net\/modules\/index.php?r=289\">Vid\u00e9o<\/a><\/p>\n<\/div>\n","protected":false},"excerpt":{"rendered":"<p>Photographe Laurent Zabulon Date 12 d\u00e9cembre 2006 Lieu Plateau du JT de TF1, Boulogne Billancourt, France &nbsp; Photo prise apr\u00e8s le JT de 20 heures de PPDA sur TF1 dont Myl\u00e8ne \u00e9tait l&rsquo;invit\u00e9e pour la promotion de l&rsquo;album et de la vid\u00e9o live Avant que l&rsquo;ombre&#8230; \u00e0 Bercy et du film Arthur et les Minimoys. &hellip; <a href=\"https:\/\/mig.mylene.net\/galeries-photos-mylene-farmer\/jt-de-20-heures-tf1-12-decembre-2006\" class=\"more-link\">Continue reading<span class=\"screen-reader-text\"> \u00ab\u00a0Myl\u00e8ne Farmer &#8211; JT de 20 heures TF1 &#8211; 12 decembre 2006\u00a0\u00bb<\/span><\/a><\/p>\n","protected":false},"author":2,"featured_media":0,"parent":0,"menu_order":0,"comment_status":"closed","ping_status":"closed","template":"","meta":{"_acf_changed":false,"ngg_post_thumbnail":0,"footnotes":""},"class_list":["post-6126","page","type-page","status-publish","hentry"],"acf":[],"_links":{"self":[{"href":"https:\/\/mig.mylene.net\/galeries-photos-mylene-farmer\/wp-json\/wp\/v2\/pages\/6126","targetHints":{"allow":["GET"]}}],"collection":[{"href":"https:\/\/mig.mylene.net\/galeries-photos-mylene-farmer\/wp-json\/wp\/v2\/pages"}],"about":[{"href":"https:\/\/mig.mylene.net\/galeries-photos-mylene-farmer\/wp-json\/wp\/v2\/types\/page"}],"author":[{"embeddable":true,"href":"https:\/\/mig.mylene.net\/galeries-photos-mylene-farmer\/wp-json\/wp\/v2\/users\/2"}],"replies":[{"embeddable":true,"href":"https:\/\/mig.mylene.net\/galeries-photos-mylene-farmer\/wp-json\/wp\/v2\/comments?post=6126"}],"version-history":[{"count":1,"href":"https:\/\/mig.mylene.net\/galeries-photos-mylene-farmer\/wp-json\/wp\/v2\/pages\/6126\/revisions"}],"predecessor-version":[{"id":24567,"href":"https:\/\/mig.mylene.net\/galeries-photos-mylene-farmer\/wp-json\/wp\/v2\/pages\/6126\/revisions\/24567"}],"wp:attachment":[{"href":"https:\/\/mig.mylene.net\/galeries-photos-mylene-farmer\/wp-json\/wp\/v2\/media?parent=6126"}],"curies":[{"name":"wp","href":"https:\/\/api.w.org\/{rel}","templated":true}]}}