{"id":5997,"date":"2016-05-25T19:17:01","date_gmt":"2016-05-25T18:17:01","guid":{"rendered":"http:\/\/www.mylene.net\/mfv3atw\/galeries-photos-mf\/?page_id=5997"},"modified":"2025-03-25T16:08:07","modified_gmt":"2025-03-25T15:08:07","slug":"nrj-music-awards-2003-prestation","status":"publish","type":"page","link":"https:\/\/mig.mylene.net\/galeries-photos-mylene-farmer\/nrj-music-awards-2003-prestation","title":{"rendered":"Myl\u00e8ne Farmer &#8211; NRJ Music Awards 2003 &#8211; Prestation"},"content":{"rendered":"ngg_shortcode_0_placeholder\n<div class=\"galerie_description\">\n<div class=\"galerie_description_table\">\n<div class=\"galerie_description_line\">\n<div class=\"title themecolored\">Photographes<\/div>\n<div class=\"content\">Divers<\/div>\n<\/div>\n<div class=\"galerie_description_line\">\n<div class=\"title themecolored\">Date<\/div>\n<div class=\"content\">18 janvier 2003<\/div>\n<\/div>\n<div class=\"galerie_description_line\">\n<div class=\"title themecolored\">Lieu<\/div>\n<div class=\"content\">Palais des Festivals, Cannes, France<\/div>\n<\/div>\n<\/div>\n<\/div>\n<p>&nbsp;<\/p>\n<div class=\"galerie_description_fullline with_border\">\n<p>Emission diffus\u00e9e en direct sur TF1 et pr\u00e9sent\u00e9e par Anthony Kavanagh.<br \/>\nMyl\u00e8ne interpr\u00e8te<em> R\u00eaver<\/em> en direct en en live accompagn\u00e9e au piano par Yvan Cassar.<br \/>\n<a href=\"http:\/\/www.mylene.net\/modules\/index.php?r=363\">Vid\u00e9o \u00ab\u00a0NRJ Music Awards 2003\u00a0\u00bb<\/a><\/p>\n<\/div>\n","protected":false},"excerpt":{"rendered":"<p>Photographes Divers Date 18 janvier 2003 Lieu Palais des Festivals, Cannes, France &nbsp; Emission diffus\u00e9e en direct sur TF1 et pr\u00e9sent\u00e9e par Anthony Kavanagh. Myl\u00e8ne interpr\u00e8te R\u00eaver en direct en en live accompagn\u00e9e au piano par Yvan Cassar. Vid\u00e9o \u00ab\u00a0NRJ Music Awards 2003\u00a0\u00bb<\/p>\n","protected":false},"author":2,"featured_media":0,"parent":0,"menu_order":0,"comment_status":"closed","ping_status":"closed","template":"","meta":{"_acf_changed":false,"ngg_post_thumbnail":0,"footnotes":""},"class_list":["post-5997","page","type-page","status-publish","hentry"],"acf":[],"_links":{"self":[{"href":"https:\/\/mig.mylene.net\/galeries-photos-mylene-farmer\/wp-json\/wp\/v2\/pages\/5997","targetHints":{"allow":["GET"]}}],"collection":[{"href":"https:\/\/mig.mylene.net\/galeries-photos-mylene-farmer\/wp-json\/wp\/v2\/pages"}],"about":[{"href":"https:\/\/mig.mylene.net\/galeries-photos-mylene-farmer\/wp-json\/wp\/v2\/types\/page"}],"author":[{"embeddable":true,"href":"https:\/\/mig.mylene.net\/galeries-photos-mylene-farmer\/wp-json\/wp\/v2\/users\/2"}],"replies":[{"embeddable":true,"href":"https:\/\/mig.mylene.net\/galeries-photos-mylene-farmer\/wp-json\/wp\/v2\/comments?post=5997"}],"version-history":[{"count":1,"href":"https:\/\/mig.mylene.net\/galeries-photos-mylene-farmer\/wp-json\/wp\/v2\/pages\/5997\/revisions"}],"predecessor-version":[{"id":24562,"href":"https:\/\/mig.mylene.net\/galeries-photos-mylene-farmer\/wp-json\/wp\/v2\/pages\/5997\/revisions\/24562"}],"wp:attachment":[{"href":"https:\/\/mig.mylene.net\/galeries-photos-mylene-farmer\/wp-json\/wp\/v2\/media?parent=5997"}],"curies":[{"name":"wp","href":"https:\/\/api.w.org\/{rel}","templated":true}]}}