{"id":5923,"date":"2016-05-25T19:13:31","date_gmt":"2016-05-25T18:13:31","guid":{"rendered":"http:\/\/www.mylene.net\/mfv3atw\/galeries-photos-mf\/?page_id=5923"},"modified":"2025-03-25T16:05:31","modified_gmt":"2025-03-25T15:05:31","slug":"avant-premiere-confessions-of-a-dangerous-mind-02-decembre-2002","status":"publish","type":"page","link":"https:\/\/mig.mylene.net\/galeries-photos-mylene-farmer\/avant-premiere-confessions-of-a-dangerous-mind-02-decembre-2002","title":{"rendered":"Myl\u00e8ne Farmer &#8211; Avant premi\u00e8re Confessions of a dangerous mind &#8211; 02 d\u00e9cembre 2002"},"content":{"rendered":"ngg_shortcode_0_placeholder\n<div class=\"galerie_description\">\n<div class=\"galerie_description_table\">\n<div class=\"galerie_description_line\">\n<div class=\"title themecolored\">Photographes<\/div>\n<div class=\"content\">Divers<\/div>\n<\/div>\n<div class=\"galerie_description_line\">\n<div class=\"title themecolored\">Date<\/div>\n<div class=\"content\">02 d\u00e9cembre 2002<\/div>\n<\/div>\n<div class=\"galerie_description_line\">\n<div class=\"title themecolored\">Lieu<\/div>\n<div class=\"content\">H\u00f4tel Costes, Paris, France<\/div>\n<\/div>\n<\/div>\n<\/div>\n<p>&nbsp;<\/p>\n<div class=\"galerie_description_fullline with_border\">\n<p>Photos de Myl\u00e8ne Farmer apr\u00e8s un d\u00eener avec l&rsquo;acteur George Clooney (r\u00e9alisateur du film <em>Confessions of a dangerous mind<\/em>) \u00e0 Paris lors de la promotion du film. Parmi les autres convives, l&rsquo;actrice Kristine Scott Thomas.<\/p>\n<\/div>\n","protected":false},"excerpt":{"rendered":"<p>Photographes Divers Date 02 d\u00e9cembre 2002 Lieu H\u00f4tel Costes, Paris, France &nbsp; Photos de Myl\u00e8ne Farmer apr\u00e8s un d\u00eener avec l&rsquo;acteur George Clooney (r\u00e9alisateur du film Confessions of a dangerous mind) \u00e0 Paris lors de la promotion du film. Parmi les autres convives, l&rsquo;actrice Kristine Scott Thomas.<\/p>\n","protected":false},"author":2,"featured_media":0,"parent":0,"menu_order":0,"comment_status":"closed","ping_status":"closed","template":"","meta":{"_acf_changed":false,"ngg_post_thumbnail":0,"footnotes":""},"class_list":["post-5923","page","type-page","status-publish","hentry"],"acf":[],"_links":{"self":[{"href":"https:\/\/mig.mylene.net\/galeries-photos-mylene-farmer\/wp-json\/wp\/v2\/pages\/5923","targetHints":{"allow":["GET"]}}],"collection":[{"href":"https:\/\/mig.mylene.net\/galeries-photos-mylene-farmer\/wp-json\/wp\/v2\/pages"}],"about":[{"href":"https:\/\/mig.mylene.net\/galeries-photos-mylene-farmer\/wp-json\/wp\/v2\/types\/page"}],"author":[{"embeddable":true,"href":"https:\/\/mig.mylene.net\/galeries-photos-mylene-farmer\/wp-json\/wp\/v2\/users\/2"}],"replies":[{"embeddable":true,"href":"https:\/\/mig.mylene.net\/galeries-photos-mylene-farmer\/wp-json\/wp\/v2\/comments?post=5923"}],"version-history":[{"count":1,"href":"https:\/\/mig.mylene.net\/galeries-photos-mylene-farmer\/wp-json\/wp\/v2\/pages\/5923\/revisions"}],"predecessor-version":[{"id":24559,"href":"https:\/\/mig.mylene.net\/galeries-photos-mylene-farmer\/wp-json\/wp\/v2\/pages\/5923\/revisions\/24559"}],"wp:attachment":[{"href":"https:\/\/mig.mylene.net\/galeries-photos-mylene-farmer\/wp-json\/wp\/v2\/media?parent=5923"}],"curies":[{"name":"wp","href":"https:\/\/api.w.org\/{rel}","templated":true}]}}