{"id":5816,"date":"2016-05-25T18:56:59","date_gmt":"2016-05-25T17:56:59","guid":{"rendered":"http:\/\/www.mylene.net\/mfv3atw\/galeries-photos-mf\/?page_id=5816"},"modified":"2025-03-25T16:00:59","modified_gmt":"2025-03-25T15:00:59","slug":"avant-premiere-get-over-it-08-mars-2001","status":"publish","type":"page","link":"https:\/\/mig.mylene.net\/galeries-photos-mylene-farmer\/avant-premiere-get-over-it-08-mars-2001","title":{"rendered":"Myl\u00e8ne Farmer &#8211; Avant-premi\u00e8re Get over it &#8211; 08 mars 2001"},"content":{"rendered":"ngg_shortcode_0_placeholder\n<div class=\"galerie_description\">\n<div class=\"galerie_description_table\">\n<div class=\"galerie_description_line\">\n<div class=\"title themecolored\">Photographes<\/div>\n<div class=\"content\">Divers<\/div>\n<\/div>\n<div class=\"galerie_description_line\">\n<div class=\"title themecolored\">Date<\/div>\n<div class=\"content\">8 mars 2001<\/div>\n<\/div>\n<div class=\"galerie_description_line\">\n<div class=\"title themecolored\">Lieu<\/div>\n<div class=\"content\">Los Angeles, Californie, Etats-Unis<\/div>\n<\/div>\n<\/div>\n<\/div>\n<p>&nbsp;<\/p>\n<div class=\"galerie_description_fullline with_border\">\n<p>Myl\u00e8ne assiste \u00e0 l&rsquo;avant-premi\u00e8re mondiale du film <em>Get over it <\/em>une com\u00e9die r\u00e9alis\u00e9e par Tommy O&rsquo;Haver avec Kirsten Dunst et Ben Foster dans les r\u00f4les principaux. Le film est sorti en France directement en vid\u00e9o sous le titre<em> Alison Forever<\/em>.<\/p>\n<\/div>\n","protected":false},"excerpt":{"rendered":"<p>Photographes Divers Date 8 mars 2001 Lieu Los Angeles, Californie, Etats-Unis &nbsp; Myl\u00e8ne assiste \u00e0 l&rsquo;avant-premi\u00e8re mondiale du film Get over it une com\u00e9die r\u00e9alis\u00e9e par Tommy O&rsquo;Haver avec Kirsten Dunst et Ben Foster dans les r\u00f4les principaux. Le film est sorti en France directement en vid\u00e9o sous le titre Alison Forever.<\/p>\n","protected":false},"author":2,"featured_media":0,"parent":0,"menu_order":0,"comment_status":"closed","ping_status":"closed","template":"","meta":{"_acf_changed":false,"ngg_post_thumbnail":0,"footnotes":""},"class_list":["post-5816","page","type-page","status-publish","hentry"],"acf":[],"_links":{"self":[{"href":"https:\/\/mig.mylene.net\/galeries-photos-mylene-farmer\/wp-json\/wp\/v2\/pages\/5816","targetHints":{"allow":["GET"]}}],"collection":[{"href":"https:\/\/mig.mylene.net\/galeries-photos-mylene-farmer\/wp-json\/wp\/v2\/pages"}],"about":[{"href":"https:\/\/mig.mylene.net\/galeries-photos-mylene-farmer\/wp-json\/wp\/v2\/types\/page"}],"author":[{"embeddable":true,"href":"https:\/\/mig.mylene.net\/galeries-photos-mylene-farmer\/wp-json\/wp\/v2\/users\/2"}],"replies":[{"embeddable":true,"href":"https:\/\/mig.mylene.net\/galeries-photos-mylene-farmer\/wp-json\/wp\/v2\/comments?post=5816"}],"version-history":[{"count":1,"href":"https:\/\/mig.mylene.net\/galeries-photos-mylene-farmer\/wp-json\/wp\/v2\/pages\/5816\/revisions"}],"predecessor-version":[{"id":24554,"href":"https:\/\/mig.mylene.net\/galeries-photos-mylene-farmer\/wp-json\/wp\/v2\/pages\/5816\/revisions\/24554"}],"wp:attachment":[{"href":"https:\/\/mig.mylene.net\/galeries-photos-mylene-farmer\/wp-json\/wp\/v2\/media?parent=5816"}],"curies":[{"name":"wp","href":"https:\/\/api.w.org\/{rel}","templated":true}]}}