{"id":5785,"date":"2016-05-25T18:54:57","date_gmt":"2016-05-25T17:54:57","guid":{"rendered":"http:\/\/www.mylene.net\/mfv3atw\/galeries-photos-mf\/?page_id=5785"},"modified":"2025-03-25T16:00:08","modified_gmt":"2025-03-25T15:00:08","slug":"photographe-isabel-snyder-2001","status":"publish","type":"page","link":"https:\/\/mig.mylene.net\/galeries-photos-mylene-farmer\/photographe-isabel-snyder-2001","title":{"rendered":"Myl\u00e8ne Farmer &#8211; Photographe Isabel Snyder &#8211; 2001"},"content":{"rendered":"ngg_shortcode_0_placeholder\n<div class=\"galerie_description\">\n<div class=\"galerie_description_table\">\n<div class=\"galerie_description_line\">\n<div class=\"title themecolored\">Photographe<\/div>\n<div class=\"content\">Isabel Snyder<\/div>\n<\/div>\n<div class=\"galerie_description_line\">\n<div class=\"title themecolored\">Date<\/div>\n<div class=\"content\">Et\u00e9 2001<\/div>\n<\/div>\n<div class=\"galerie_description_line\">\n<div class=\"title themecolored\">Lieu<\/div>\n<div class=\"content\">Los Angeles, Etats-Unis<\/div>\n<\/div>\n<\/div>\n<\/div>\n<p>&nbsp;<\/p>\n<div class=\"galerie_description_fullline with_border\">\n<p>S\u00e9ance photo pour le single <em>Les mots<\/em>, le duo de Myl\u00e8ne avec Seal. Trois de ces photos seront utilis\u00e9es pour illustrer les diff\u00e9rents supports de ce single.<\/p>\n<p><a href=\"http:\/\/mylene.net\/mylene\/isabel-snyder-interview-2005.php\">Interview d&rsquo;Isabel Snyder<\/a>.<\/p>\n<\/div>\n","protected":false},"excerpt":{"rendered":"<p>Photographe Isabel Snyder Date Et\u00e9 2001 Lieu Los Angeles, Etats-Unis &nbsp; S\u00e9ance photo pour le single Les mots, le duo de Myl\u00e8ne avec Seal. Trois de ces photos seront utilis\u00e9es pour illustrer les diff\u00e9rents supports de ce single. Interview d&rsquo;Isabel Snyder.<\/p>\n","protected":false},"author":2,"featured_media":0,"parent":0,"menu_order":0,"comment_status":"closed","ping_status":"closed","template":"","meta":{"_acf_changed":false,"ngg_post_thumbnail":0,"footnotes":""},"class_list":["post-5785","page","type-page","status-publish","hentry"],"acf":[],"_links":{"self":[{"href":"https:\/\/mig.mylene.net\/galeries-photos-mylene-farmer\/wp-json\/wp\/v2\/pages\/5785","targetHints":{"allow":["GET"]}}],"collection":[{"href":"https:\/\/mig.mylene.net\/galeries-photos-mylene-farmer\/wp-json\/wp\/v2\/pages"}],"about":[{"href":"https:\/\/mig.mylene.net\/galeries-photos-mylene-farmer\/wp-json\/wp\/v2\/types\/page"}],"author":[{"embeddable":true,"href":"https:\/\/mig.mylene.net\/galeries-photos-mylene-farmer\/wp-json\/wp\/v2\/users\/2"}],"replies":[{"embeddable":true,"href":"https:\/\/mig.mylene.net\/galeries-photos-mylene-farmer\/wp-json\/wp\/v2\/comments?post=5785"}],"version-history":[{"count":1,"href":"https:\/\/mig.mylene.net\/galeries-photos-mylene-farmer\/wp-json\/wp\/v2\/pages\/5785\/revisions"}],"predecessor-version":[{"id":24553,"href":"https:\/\/mig.mylene.net\/galeries-photos-mylene-farmer\/wp-json\/wp\/v2\/pages\/5785\/revisions\/24553"}],"wp:attachment":[{"href":"https:\/\/mig.mylene.net\/galeries-photos-mylene-farmer\/wp-json\/wp\/v2\/media?parent=5785"}],"curies":[{"name":"wp","href":"https:\/\/api.w.org\/{rel}","templated":true}]}}