{"id":5749,"date":"2016-05-25T18:49:29","date_gmt":"2016-05-25T17:49:29","guid":{"rendered":"http:\/\/www.mylene.net\/mfv3atw\/galeries-photos-mf\/?page_id=5749"},"modified":"2025-03-25T15:58:38","modified_gmt":"2025-03-25T14:58:38","slug":"avant-premiere-les-razmokets-a-paris-05-novembre-2000","status":"publish","type":"page","link":"https:\/\/mig.mylene.net\/galeries-photos-mylene-farmer\/avant-premiere-les-razmokets-a-paris-05-novembre-2000","title":{"rendered":"Myl\u00e8ne Farmer &#8211; Avant-premi\u00e8re Les Razmokets \u00e0 Paris &#8211; 05 novembre 2000"},"content":{"rendered":"ngg_shortcode_0_placeholder\n<div class=\"galerie_description\">\n<div class=\"galerie_description_table\">\n<div class=\"galerie_description_line\">\n<div class=\"title themecolored\">Photographes<\/div>\n<div class=\"content\">Divers<\/div>\n<\/div>\n<div class=\"galerie_description_line\">\n<div class=\"title themecolored\">Date<\/div>\n<div class=\"content\">07 novembre 2015<\/div>\n<\/div>\n<div class=\"galerie_description_line\">\n<div class=\"title themecolored\">Lieu<\/div>\n<div class=\"content\">Grauman&rsquo;s Chinese Theatre, Hollywood Boulevard, Los Angeles, Etats-Unis<\/div>\n<\/div>\n<\/div>\n<\/div>\n<p>&nbsp;<\/p>\n<div class=\"galerie_description_fullline with_border\">\n<p>Myl\u00e8ne est accompagn\u00e9e sur certaines photos par un ami pr\u00e9nomm\u00e9 Jeff (il ne s&rsquo;agit pas de Jeff Dahlgren).<br \/>\nMyl\u00e8ne interpr\u00e8te la chanson L<em>&lsquo;Histoire d&rsquo;une f\u00e9e, c&rsquo;est&#8230;<\/em> sur la bande originale du film <em>Les Razmokets \u00e0 Paris<\/em>.<\/p>\n<\/div>\n","protected":false},"excerpt":{"rendered":"<p>Photographes Divers Date 07 novembre 2015 Lieu Grauman&rsquo;s Chinese Theatre, Hollywood Boulevard, Los Angeles, Etats-Unis &nbsp; Myl\u00e8ne est accompagn\u00e9e sur certaines photos par un ami pr\u00e9nomm\u00e9 Jeff (il ne s&rsquo;agit pas de Jeff Dahlgren). Myl\u00e8ne interpr\u00e8te la chanson L&lsquo;Histoire d&rsquo;une f\u00e9e, c&rsquo;est&#8230; sur la bande originale du film Les Razmokets \u00e0 Paris.<\/p>\n","protected":false},"author":2,"featured_media":0,"parent":0,"menu_order":0,"comment_status":"closed","ping_status":"closed","template":"","meta":{"_acf_changed":false,"ngg_post_thumbnail":0,"footnotes":""},"class_list":["post-5749","page","type-page","status-publish","hentry"],"acf":[],"_links":{"self":[{"href":"https:\/\/mig.mylene.net\/galeries-photos-mylene-farmer\/wp-json\/wp\/v2\/pages\/5749","targetHints":{"allow":["GET"]}}],"collection":[{"href":"https:\/\/mig.mylene.net\/galeries-photos-mylene-farmer\/wp-json\/wp\/v2\/pages"}],"about":[{"href":"https:\/\/mig.mylene.net\/galeries-photos-mylene-farmer\/wp-json\/wp\/v2\/types\/page"}],"author":[{"embeddable":true,"href":"https:\/\/mig.mylene.net\/galeries-photos-mylene-farmer\/wp-json\/wp\/v2\/users\/2"}],"replies":[{"embeddable":true,"href":"https:\/\/mig.mylene.net\/galeries-photos-mylene-farmer\/wp-json\/wp\/v2\/comments?post=5749"}],"version-history":[{"count":1,"href":"https:\/\/mig.mylene.net\/galeries-photos-mylene-farmer\/wp-json\/wp\/v2\/pages\/5749\/revisions"}],"predecessor-version":[{"id":24551,"href":"https:\/\/mig.mylene.net\/galeries-photos-mylene-farmer\/wp-json\/wp\/v2\/pages\/5749\/revisions\/24551"}],"wp:attachment":[{"href":"https:\/\/mig.mylene.net\/galeries-photos-mylene-farmer\/wp-json\/wp\/v2\/media?parent=5749"}],"curies":[{"name":"wp","href":"https:\/\/api.w.org\/{rel}","templated":true}]}}