{"id":5730,"date":"2016-05-25T18:47:06","date_gmt":"2016-05-25T17:47:06","guid":{"rendered":"http:\/\/www.mylene.net\/mfv3atw\/galeries-photos-mf\/?page_id=5730"},"modified":"2025-03-25T15:56:42","modified_gmt":"2025-03-25T14:56:42","slug":"eldoradio-russie-08-novembre-2000","status":"publish","type":"page","link":"https:\/\/mig.mylene.net\/galeries-photos-mylene-farmer\/eldoradio-russie-08-novembre-2000","title":{"rendered":"Myl\u00e8ne Farmer &#8211; Eldoradio &#8211; Russie &#8211; 08 mars 2000"},"content":{"rendered":"ngg_shortcode_0_placeholder\n<div class=\"galerie_description\">\n<div class=\"galerie_description_table\">\n<div class=\"galerie_description_line\">\n<div class=\"title themecolored\">Photographe<\/div>\n<div class=\"content\">Inconnu<\/div>\n<\/div>\n<div class=\"galerie_description_line\">\n<div class=\"title themecolored\">Date<\/div>\n<div class=\"content\">08 mars 2000<\/div>\n<\/div>\n<div class=\"galerie_description_line\">\n<div class=\"title themecolored\">Lieu<\/div>\n<div class=\"content\">Studios de la radio Eldoradio, Saint P\u00e9tersbourg, Russie<\/div>\n<\/div>\n<\/div>\n<\/div>\n<p>&nbsp;<\/p>\n<div class=\"galerie_description_fullline with_border\">\n<p>Myl\u00e8ne a accord\u00e9 une interview \u00e0 cette radio russe le jour de son concert du <em>Mylenium Tour<\/em> \u00e0 Saint P\u00e9tersbourg.<br \/>\n<a href=\"http:\/\/www.mylene.net\/mylene\/mylene-farmer-interview-eldoradio-08-mars-2000.php\">Retranscription de l&rsquo;interview<\/a><\/p>\n<\/div>\n","protected":false},"excerpt":{"rendered":"<p>Photographe Inconnu Date 08 mars 2000 Lieu Studios de la radio Eldoradio, Saint P\u00e9tersbourg, Russie &nbsp; Myl\u00e8ne a accord\u00e9 une interview \u00e0 cette radio russe le jour de son concert du Mylenium Tour \u00e0 Saint P\u00e9tersbourg. Retranscription de l&rsquo;interview<\/p>\n","protected":false},"author":2,"featured_media":0,"parent":0,"menu_order":0,"comment_status":"closed","ping_status":"closed","template":"","meta":{"_acf_changed":false,"ngg_post_thumbnail":0,"footnotes":""},"class_list":["post-5730","page","type-page","status-publish","hentry"],"acf":[],"_links":{"self":[{"href":"https:\/\/mig.mylene.net\/galeries-photos-mylene-farmer\/wp-json\/wp\/v2\/pages\/5730","targetHints":{"allow":["GET"]}}],"collection":[{"href":"https:\/\/mig.mylene.net\/galeries-photos-mylene-farmer\/wp-json\/wp\/v2\/pages"}],"about":[{"href":"https:\/\/mig.mylene.net\/galeries-photos-mylene-farmer\/wp-json\/wp\/v2\/types\/page"}],"author":[{"embeddable":true,"href":"https:\/\/mig.mylene.net\/galeries-photos-mylene-farmer\/wp-json\/wp\/v2\/users\/2"}],"replies":[{"embeddable":true,"href":"https:\/\/mig.mylene.net\/galeries-photos-mylene-farmer\/wp-json\/wp\/v2\/comments?post=5730"}],"version-history":[{"count":1,"href":"https:\/\/mig.mylene.net\/galeries-photos-mylene-farmer\/wp-json\/wp\/v2\/pages\/5730\/revisions"}],"predecessor-version":[{"id":24549,"href":"https:\/\/mig.mylene.net\/galeries-photos-mylene-farmer\/wp-json\/wp\/v2\/pages\/5730\/revisions\/24549"}],"wp:attachment":[{"href":"https:\/\/mig.mylene.net\/galeries-photos-mylene-farmer\/wp-json\/wp\/v2\/media?parent=5730"}],"curies":[{"name":"wp","href":"https:\/\/api.w.org\/{rel}","templated":true}]}}