{"id":5608,"date":"2016-05-25T17:30:11","date_gmt":"2016-05-25T16:30:11","guid":{"rendered":"http:\/\/www.mylene.net\/mfv3atw\/galeries-photos-mf\/?page_id=5608"},"modified":"2025-03-25T15:52:58","modified_gmt":"2025-03-25T14:52:58","slug":"exposition-robert-de-niro-06-mai-1999","status":"publish","type":"page","link":"https:\/\/mig.mylene.net\/galeries-photos-mylene-farmer\/exposition-robert-de-niro-06-mai-1999","title":{"rendered":"Myl\u00e8ne Farmer &#8211; Exposition Robert De Niro &#8211; 06 mai 1999"},"content":{"rendered":"ngg_shortcode_0_placeholder\n<div class=\"galerie_description\">\n<div class=\"galerie_description_table\">\n<div class=\"galerie_description_line\">\n<div class=\"title themecolored\">Photographes<\/div>\n<div class=\"content\">Divers<\/div>\n<\/div>\n<div class=\"galerie_description_line\">\n<div class=\"title themecolored\">Date<\/div>\n<div class=\"content\">06 mai 1999<\/div>\n<\/div>\n<div class=\"galerie_description_line\">\n<div class=\"title themecolored\">Lieu<\/div>\n<div class=\"content\">Galerie Piltzer, 78 avenue des Champs-Elys\u00e9es, Paris VIII, France<\/div>\n<\/div>\n<\/div>\n<p>&nbsp;<\/p>\n<div class=\"galerie_description_fullline with_border\">\n<p>Inauguration de l&rsquo;exposition <em>Giambologna, la sculpture du ma\u00eetre et ses successeurs<\/em> dans laquelle \u00e9taient&nbsp;expos\u00e9es des oeuvres de Robert de Niro Sr (le p\u00e8re de l&rsquo;acteur) d\u00e9c\u00e9d\u00e9 en 1993. Une exposition qui s&rsquo;est tenue de mai \u00e0 septembre 1999 \u00e0 la Galerie Piltzer \u00e0 Paris.<\/p>\n<p>Myl\u00e8ne \u00e9tait accompagn\u00e9e de Christophe Danchaud.<br \/>\nAssistaient \u00e9galement \u00e0 ce vernissage : Robert de Niro, Uma Thurman, Naomi Campbell&#8230;<\/p>\n<p>Photos publi\u00e9es dans la presse dans diff\u00e9rents magazines. Premi\u00e8re publication connue dans \u00ab\u00a0Ici Paris\u00a0\u00bb le 11 mai 1999.<\/p>\n<\/div>\n<\/div>\n","protected":false},"excerpt":{"rendered":"<p>Photographes Divers Date 06 mai 1999 Lieu Galerie Piltzer, 78 avenue des Champs-Elys\u00e9es, Paris VIII, France &nbsp; Inauguration de l&rsquo;exposition Giambologna, la sculpture du ma\u00eetre et ses successeurs dans laquelle \u00e9taient&nbsp;expos\u00e9es des oeuvres de Robert de Niro Sr (le p\u00e8re de l&rsquo;acteur) d\u00e9c\u00e9d\u00e9 en 1993. Une exposition qui s&rsquo;est tenue de mai \u00e0 septembre 1999 &hellip; <a href=\"https:\/\/mig.mylene.net\/galeries-photos-mylene-farmer\/exposition-robert-de-niro-06-mai-1999\" class=\"more-link\">Continue reading<span class=\"screen-reader-text\"> \u00ab\u00a0Myl\u00e8ne Farmer &#8211; Exposition Robert De Niro &#8211; 06 mai 1999\u00a0\u00bb<\/span><\/a><\/p>\n","protected":false},"author":2,"featured_media":0,"parent":0,"menu_order":0,"comment_status":"closed","ping_status":"closed","template":"","meta":{"_acf_changed":false,"ngg_post_thumbnail":0,"footnotes":""},"class_list":["post-5608","page","type-page","status-publish","hentry"],"acf":[],"_links":{"self":[{"href":"https:\/\/mig.mylene.net\/galeries-photos-mylene-farmer\/wp-json\/wp\/v2\/pages\/5608","targetHints":{"allow":["GET"]}}],"collection":[{"href":"https:\/\/mig.mylene.net\/galeries-photos-mylene-farmer\/wp-json\/wp\/v2\/pages"}],"about":[{"href":"https:\/\/mig.mylene.net\/galeries-photos-mylene-farmer\/wp-json\/wp\/v2\/types\/page"}],"author":[{"embeddable":true,"href":"https:\/\/mig.mylene.net\/galeries-photos-mylene-farmer\/wp-json\/wp\/v2\/users\/2"}],"replies":[{"embeddable":true,"href":"https:\/\/mig.mylene.net\/galeries-photos-mylene-farmer\/wp-json\/wp\/v2\/comments?post=5608"}],"version-history":[{"count":1,"href":"https:\/\/mig.mylene.net\/galeries-photos-mylene-farmer\/wp-json\/wp\/v2\/pages\/5608\/revisions"}],"predecessor-version":[{"id":24545,"href":"https:\/\/mig.mylene.net\/galeries-photos-mylene-farmer\/wp-json\/wp\/v2\/pages\/5608\/revisions\/24545"}],"wp:attachment":[{"href":"https:\/\/mig.mylene.net\/galeries-photos-mylene-farmer\/wp-json\/wp\/v2\/media?parent=5608"}],"curies":[{"name":"wp","href":"https:\/\/api.w.org\/{rel}","templated":true}]}}