{"id":5566,"date":"2016-05-25T17:28:09","date_gmt":"2016-05-25T16:28:09","guid":{"rendered":"http:\/\/www.mylene.net\/mfv3atw\/galeries-photos-mf\/?page_id=5566"},"modified":"2025-03-25T15:51:15","modified_gmt":"2025-03-25T14:51:15","slug":"tournage-publicite-mylenium-tour-mai-1999","status":"publish","type":"page","link":"https:\/\/mig.mylene.net\/galeries-photos-mylene-farmer\/tournage-publicite-mylenium-tour-mai-1999","title":{"rendered":"Myl\u00e8ne Farmer &#8211; Tournage publicit\u00e9 Mylenium Tour &#8211; Mai 1999"},"content":{"rendered":"ngg_shortcode_0_placeholder\n<div class=\"galerie_description\">\n<div class=\"galerie_description_table\">\n<div class=\"galerie_description_line\">\n<div class=\"title themecolored\">Photographe<\/div>\n<div class=\"content\">Inconnu<\/div>\n<\/div>\n<div class=\"galerie_description_line\">\n<div class=\"title themecolored\">Date<\/div>\n<div class=\"content\">Mai 1999<\/div>\n<\/div>\n<div class=\"galerie_description_line\">\n<div class=\"title themecolored\">Lieu<\/div>\n<div class=\"content\">Parc de l&rsquo;abbaye de M\u00e9riel, Oise, France<\/div>\n<\/div>\n<\/div>\n<\/div>\n<p>&nbsp;<\/p>\n<div class=\"galerie_description_fullline with_border\">\n<p>Tournage du spot de publicit\u00e9 pour les concerts <em>Mylenium Tour<\/em> r\u00e9alis\u00e9 par Fran\u00e7ois Hanss.<br \/>\nCe spot a \u00e9t\u00e9 r\u00e9alis\u00e9 par Fran\u00e7ois Hanss juste avant le clip <em>Je te rends ton amour<\/em> dans le m\u00eame lieu.<br \/>\nPremi\u00e8re publication des photos dans le magazine \u00ab\u00a0Voici\u00a0\u00bb.<br \/>\n<a href=\"http:\/\/www.mylene.net\/media\/mylene-farmer-pub-tv-concerts-mylenium-tour.php\">Vid\u00e9o publicit\u00e9 Mylenium Tour<\/a><\/p>\n<\/div>\n","protected":false},"excerpt":{"rendered":"<p>Photographe Inconnu Date Mai 1999 Lieu Parc de l&rsquo;abbaye de M\u00e9riel, Oise, France &nbsp; Tournage du spot de publicit\u00e9 pour les concerts Mylenium Tour r\u00e9alis\u00e9 par Fran\u00e7ois Hanss. Ce spot a \u00e9t\u00e9 r\u00e9alis\u00e9 par Fran\u00e7ois Hanss juste avant le clip Je te rends ton amour dans le m\u00eame lieu. Premi\u00e8re publication des photos dans le &hellip; <a href=\"https:\/\/mig.mylene.net\/galeries-photos-mylene-farmer\/tournage-publicite-mylenium-tour-mai-1999\" class=\"more-link\">Continue reading<span class=\"screen-reader-text\"> \u00ab\u00a0Myl\u00e8ne Farmer &#8211; Tournage publicit\u00e9 Mylenium Tour &#8211; Mai 1999\u00a0\u00bb<\/span><\/a><\/p>\n","protected":false},"author":2,"featured_media":0,"parent":0,"menu_order":0,"comment_status":"closed","ping_status":"closed","template":"","meta":{"_acf_changed":false,"ngg_post_thumbnail":0,"footnotes":""},"class_list":["post-5566","page","type-page","status-publish","hentry"],"acf":[],"_links":{"self":[{"href":"https:\/\/mig.mylene.net\/galeries-photos-mylene-farmer\/wp-json\/wp\/v2\/pages\/5566","targetHints":{"allow":["GET"]}}],"collection":[{"href":"https:\/\/mig.mylene.net\/galeries-photos-mylene-farmer\/wp-json\/wp\/v2\/pages"}],"about":[{"href":"https:\/\/mig.mylene.net\/galeries-photos-mylene-farmer\/wp-json\/wp\/v2\/types\/page"}],"author":[{"embeddable":true,"href":"https:\/\/mig.mylene.net\/galeries-photos-mylene-farmer\/wp-json\/wp\/v2\/users\/2"}],"replies":[{"embeddable":true,"href":"https:\/\/mig.mylene.net\/galeries-photos-mylene-farmer\/wp-json\/wp\/v2\/comments?post=5566"}],"version-history":[{"count":1,"href":"https:\/\/mig.mylene.net\/galeries-photos-mylene-farmer\/wp-json\/wp\/v2\/pages\/5566\/revisions"}],"predecessor-version":[{"id":24543,"href":"https:\/\/mig.mylene.net\/galeries-photos-mylene-farmer\/wp-json\/wp\/v2\/pages\/5566\/revisions\/24543"}],"wp:attachment":[{"href":"https:\/\/mig.mylene.net\/galeries-photos-mylene-farmer\/wp-json\/wp\/v2\/media?parent=5566"}],"curies":[{"name":"wp","href":"https:\/\/api.w.org\/{rel}","templated":true}]}}