{"id":5550,"date":"2016-05-25T17:26:14","date_gmt":"2016-05-25T16:26:14","guid":{"rendered":"http:\/\/www.mylene.net\/mfv3atw\/galeries-photos-mf\/?page_id=5550"},"modified":"2025-03-25T15:49:34","modified_gmt":"2025-03-25T14:49:34","slug":"les-annees-tubes-tf1-02-avril-1999","status":"publish","type":"page","link":"https:\/\/mig.mylene.net\/galeries-photos-mylene-farmer\/les-annees-tubes-tf1-02-avril-1999","title":{"rendered":"Myl\u00e8ne Farmer &#8211; Les ann\u00e9es tubes &#8211; TF1 &#8211; 02 avril 1999"},"content":{"rendered":"ngg_shortcode_0_placeholder\n<div class=\"galerie_description\">\n<div class=\"galerie_description_table\">\n<div class=\"galerie_description_line\">\n<div class=\"title themecolored\">Photographes<\/div>\n<div class=\"content\">Divers<\/div>\n<\/div>\n<div class=\"galerie_description_line\">\n<div class=\"title themecolored\">Date<\/div>\n<div class=\"content\">02 avril 1999 (diffusion)<\/div>\n<\/div>\n<\/div>\n<\/div>\n<p>&nbsp;<\/p>\n<div class=\"galerie_description_fullline with_border\">\n<p>Emission diffus\u00e9e en prime time sur TF1.<br \/>\nPremi\u00e8re t\u00e9l\u00e9vision pour la promotion du single <em>L&rsquo;\u00c2me-Stram-Gram<\/em> et de l&rsquo;album <em>Innamoramento<\/em>.<br \/>\nMyl\u00e8ne r\u00e9pond \u00e0 des questions de Jean-Pierre Foucault.<br \/>\n<a href=\"http:\/\/www.mylene.net\/modules\/index.php?r=281\">Vid\u00e9os<\/a><\/p>\n<\/div>\n","protected":false},"excerpt":{"rendered":"<p>Photographes Divers Date 02 avril 1999 (diffusion) &nbsp; Emission diffus\u00e9e en prime time sur TF1. Premi\u00e8re t\u00e9l\u00e9vision pour la promotion du single L&rsquo;\u00c2me-Stram-Gram et de l&rsquo;album Innamoramento. Myl\u00e8ne r\u00e9pond \u00e0 des questions de Jean-Pierre Foucault. Vid\u00e9os<\/p>\n","protected":false},"author":2,"featured_media":0,"parent":0,"menu_order":0,"comment_status":"closed","ping_status":"closed","template":"","meta":{"_acf_changed":false,"ngg_post_thumbnail":0,"footnotes":""},"class_list":["post-5550","page","type-page","status-publish","hentry"],"acf":[],"_links":{"self":[{"href":"https:\/\/mig.mylene.net\/galeries-photos-mylene-farmer\/wp-json\/wp\/v2\/pages\/5550","targetHints":{"allow":["GET"]}}],"collection":[{"href":"https:\/\/mig.mylene.net\/galeries-photos-mylene-farmer\/wp-json\/wp\/v2\/pages"}],"about":[{"href":"https:\/\/mig.mylene.net\/galeries-photos-mylene-farmer\/wp-json\/wp\/v2\/types\/page"}],"author":[{"embeddable":true,"href":"https:\/\/mig.mylene.net\/galeries-photos-mylene-farmer\/wp-json\/wp\/v2\/users\/2"}],"replies":[{"embeddable":true,"href":"https:\/\/mig.mylene.net\/galeries-photos-mylene-farmer\/wp-json\/wp\/v2\/comments?post=5550"}],"version-history":[{"count":1,"href":"https:\/\/mig.mylene.net\/galeries-photos-mylene-farmer\/wp-json\/wp\/v2\/pages\/5550\/revisions"}],"predecessor-version":[{"id":24541,"href":"https:\/\/mig.mylene.net\/galeries-photos-mylene-farmer\/wp-json\/wp\/v2\/pages\/5550\/revisions\/24541"}],"wp:attachment":[{"href":"https:\/\/mig.mylene.net\/galeries-photos-mylene-farmer\/wp-json\/wp\/v2\/media?parent=5550"}],"curies":[{"name":"wp","href":"https:\/\/api.w.org\/{rel}","templated":true}]}}