{"id":5387,"date":"2016-05-25T17:18:36","date_gmt":"2016-05-25T16:18:36","guid":{"rendered":"http:\/\/www.mylene.net\/mfv3atw\/galeries-photos-mf\/?page_id=5387"},"modified":"2025-03-25T15:43:50","modified_gmt":"2025-03-25T14:43:50","slug":"photographe-christophe-danchaud-1999","status":"publish","type":"page","link":"https:\/\/mig.mylene.net\/galeries-photos-mylene-farmer\/photographe-christophe-danchaud-1999","title":{"rendered":"Myl\u00e8ne Farmer &#8211; Photographe Christophe Danchaud &#8211; 1999"},"content":{"rendered":"ngg_shortcode_0_placeholder\n<div class=\"galerie_description\">\n<div class=\"galerie_description_table\">\n<div class=\"galerie_description_line\">\n<div class=\"title themecolored\">Photographe<\/div>\n<div class=\"content\">Christophe Danchaud<\/div>\n<\/div>\n<div class=\"galerie_description_line\">\n<div class=\"title themecolored\">Date<\/div>\n<div class=\"content\">1999<\/div>\n<\/div>\n<\/div>\n<\/div>\n<p>&nbsp;<\/p>\n<div class=\"galerie_description_fullline with_border\">\n<p>Photo prise lors du changement de coiffure de Myl\u00e8ne (avec pause d&rsquo;extensions) qui va porter une chevelure fris\u00e9e pour la promotion de l&rsquo;album <em>Innamoramento<\/em> et du single <em>L&rsquo;\u00c2me-Stram-Gram<\/em>.<br \/>\nOn retrouve cette photo dans le livret de l&rsquo;album <em>Innamoramento<\/em>.<\/p>\n<\/div>\n","protected":false},"excerpt":{"rendered":"<p>Photographe Christophe Danchaud Date 1999 &nbsp; Photo prise lors du changement de coiffure de Myl\u00e8ne (avec pause d&rsquo;extensions) qui va porter une chevelure fris\u00e9e pour la promotion de l&rsquo;album Innamoramento et du single L&rsquo;\u00c2me-Stram-Gram. On retrouve cette photo dans le livret de l&rsquo;album Innamoramento.<\/p>\n","protected":false},"author":2,"featured_media":0,"parent":0,"menu_order":0,"comment_status":"closed","ping_status":"closed","template":"","meta":{"_acf_changed":false,"ngg_post_thumbnail":0,"footnotes":""},"class_list":["post-5387","page","type-page","status-publish","hentry"],"acf":[],"_links":{"self":[{"href":"https:\/\/mig.mylene.net\/galeries-photos-mylene-farmer\/wp-json\/wp\/v2\/pages\/5387","targetHints":{"allow":["GET"]}}],"collection":[{"href":"https:\/\/mig.mylene.net\/galeries-photos-mylene-farmer\/wp-json\/wp\/v2\/pages"}],"about":[{"href":"https:\/\/mig.mylene.net\/galeries-photos-mylene-farmer\/wp-json\/wp\/v2\/types\/page"}],"author":[{"embeddable":true,"href":"https:\/\/mig.mylene.net\/galeries-photos-mylene-farmer\/wp-json\/wp\/v2\/users\/2"}],"replies":[{"embeddable":true,"href":"https:\/\/mig.mylene.net\/galeries-photos-mylene-farmer\/wp-json\/wp\/v2\/comments?post=5387"}],"version-history":[{"count":1,"href":"https:\/\/mig.mylene.net\/galeries-photos-mylene-farmer\/wp-json\/wp\/v2\/pages\/5387\/revisions"}],"predecessor-version":[{"id":24536,"href":"https:\/\/mig.mylene.net\/galeries-photos-mylene-farmer\/wp-json\/wp\/v2\/pages\/5387\/revisions\/24536"}],"wp:attachment":[{"href":"https:\/\/mig.mylene.net\/galeries-photos-mylene-farmer\/wp-json\/wp\/v2\/media?parent=5387"}],"curies":[{"name":"wp","href":"https:\/\/api.w.org\/{rel}","templated":true}]}}