{"id":5304,"date":"2016-05-25T17:16:26","date_gmt":"2016-05-25T16:16:26","guid":{"rendered":"http:\/\/www.mylene.net\/mfv3atw\/galeries-photos-mf\/?page_id=5304"},"modified":"2025-12-03T12:26:44","modified_gmt":"2025-12-03T11:26:44","slug":"photographe-paolo-roversi-1999","status":"publish","type":"page","link":"https:\/\/mig.mylene.net\/galeries-photos-mylene-farmer\/photographe-paolo-roversi-1999","title":{"rendered":"Myl\u00e8ne Farmer &#8211; Photographe Paolo Roversi &#8211; 1999"},"content":{"rendered":"ngg_shortcode_0_placeholder\nngg_shortcode_1_placeholder\nngg_shortcode_2_placeholder\nngg_shortcode_3_placeholder\nngg_shortcode_4_placeholder\nngg_shortcode_5_placeholder\nngg_shortcode_6_placeholder\nngg_shortcode_7_placeholder\n<div class=\"galerie_description\">\n<div class=\"galerie_description_table\">\n<div class=\"galerie_description_line\">\n<div class=\"title themecolored\">Photographe<\/div>\n<div class=\"content\">Paolo Roversi<\/div>\n<\/div>\n<div class=\"galerie_description_line\">\n<div class=\"title themecolored\">Date<\/div>\n<div class=\"content\">1999<\/div>\n<\/div>\n<\/div>\n<\/div>\n<p>&nbsp;<\/p>\n<div class=\"galerie_description_fullline with_border\">\n<p>Les photos issues de ce shooting r\u00e9alis\u00e9 d\u00e9but 1999 (initialement pour la promotion de l&rsquo;album <em>Innamoramento<\/em>) n&rsquo;ont pas \u00e9t\u00e9 valid\u00e9es par Myl\u00e8ne. Certaines ont cependant \u00e9t\u00e9 publi\u00e9es par un fanzine, \u00ab\u00a0L&rsquo;Instant Mag\u00a0\u00bb en 2004.<\/p>\n<\/div>\n","protected":false},"excerpt":{"rendered":"<p>&nbsp; &nbsp; &nbsp; &nbsp; &nbsp; &nbsp; &nbsp; Photographe Paolo Roversi Date 1999 &nbsp; Les photos issues de ce shooting r\u00e9alis\u00e9 d\u00e9but 1999 (initialement pour la promotion de l&rsquo;album Innamoramento) n&rsquo;ont pas \u00e9t\u00e9 valid\u00e9es par Myl\u00e8ne. Certaines ont cependant \u00e9t\u00e9 publi\u00e9es par un fanzine, \u00ab\u00a0L&rsquo;Instant Mag\u00a0\u00bb en 2004.<\/p>\n","protected":false},"author":2,"featured_media":0,"parent":0,"menu_order":0,"comment_status":"closed","ping_status":"closed","template":"","meta":{"_acf_changed":false,"ngg_post_thumbnail":0,"footnotes":""},"class_list":["post-5304","page","type-page","status-publish","hentry"],"acf":[],"_links":{"self":[{"href":"https:\/\/mig.mylene.net\/galeries-photos-mylene-farmer\/wp-json\/wp\/v2\/pages\/5304","targetHints":{"allow":["GET"]}}],"collection":[{"href":"https:\/\/mig.mylene.net\/galeries-photos-mylene-farmer\/wp-json\/wp\/v2\/pages"}],"about":[{"href":"https:\/\/mig.mylene.net\/galeries-photos-mylene-farmer\/wp-json\/wp\/v2\/types\/page"}],"author":[{"embeddable":true,"href":"https:\/\/mig.mylene.net\/galeries-photos-mylene-farmer\/wp-json\/wp\/v2\/users\/2"}],"replies":[{"embeddable":true,"href":"https:\/\/mig.mylene.net\/galeries-photos-mylene-farmer\/wp-json\/wp\/v2\/comments?post=5304"}],"version-history":[{"count":2,"href":"https:\/\/mig.mylene.net\/galeries-photos-mylene-farmer\/wp-json\/wp\/v2\/pages\/5304\/revisions"}],"predecessor-version":[{"id":25118,"href":"https:\/\/mig.mylene.net\/galeries-photos-mylene-farmer\/wp-json\/wp\/v2\/pages\/5304\/revisions\/25118"}],"wp:attachment":[{"href":"https:\/\/mig.mylene.net\/galeries-photos-mylene-farmer\/wp-json\/wp\/v2\/media?parent=5304"}],"curies":[{"name":"wp","href":"https:\/\/api.w.org\/{rel}","templated":true}]}}