{"id":5268,"date":"2016-05-25T17:13:14","date_gmt":"2016-05-25T16:13:14","guid":{"rendered":"http:\/\/www.mylene.net\/mfv3atw\/galeries-photos-mf\/?page_id=5268"},"modified":"2025-03-25T15:39:29","modified_gmt":"2025-03-25T14:39:29","slug":"jubile-mario-luraschi-07-mars-1998","status":"publish","type":"page","link":"https:\/\/mig.mylene.net\/galeries-photos-mylene-farmer\/jubile-mario-luraschi-07-mars-1998","title":{"rendered":"Myl\u00e8ne Farmer &#8211; Jubil\u00e9 Mario Luraschi &#8211; 07 mars 1998"},"content":{"rendered":"ngg_shortcode_0_placeholder\n<div class=\"galerie_description\">\n<div class=\"galerie_description_table\">\n<div class=\"galerie_description_line\">\n<div class=\"title themecolored\">Photographes<\/div>\n<div class=\"content\">Divers<\/div>\n<\/div>\n<div class=\"galerie_description_line\">\n<div class=\"title themecolored\">Date<\/div>\n<div class=\"content\">07 mars 1998<\/div>\n<\/div>\n<div class=\"galerie_description_line\">\n<div class=\"title themecolored\">Lieu<\/div>\n<div class=\"content\">Palais Omnisports Bercy, Paris, France<\/div>\n<\/div>\n<\/div>\n<\/div>\n<p>&nbsp;<\/p>\n<div class=\"galerie_description_fullline with_border\">\n<p>Jubil\u00e9 organis\u00e9 pour l&rsquo;anniversaire de Mario Luraschi (ses 50 ans mais \u00e9galement ses 30 ans de carri\u00e8re) auquel participe Myl\u00e8ne.<br \/>\nDes extraits seront diffus\u00e9s sur la cha\u00eene Paris Premi\u00e8re mais aucune image de la prestation de Myl\u00e8ne n&rsquo;y figurera , la chanteuse ayant refus\u00e9 d&rsquo;\u00eatre film\u00e9e mais a accept\u00e9 d&rsquo;\u00eatre photographi\u00e9e.<br \/>\nElle reproduit la fameuse casacade du clip <em>Pourvu qu&rsquo;elles soient douces<\/em> lorsque le campement se fait attaquer.<\/p>\n<\/div>\n","protected":false},"excerpt":{"rendered":"<p>Photographes Divers Date 07 mars 1998 Lieu Palais Omnisports Bercy, Paris, France &nbsp; Jubil\u00e9 organis\u00e9 pour l&rsquo;anniversaire de Mario Luraschi (ses 50 ans mais \u00e9galement ses 30 ans de carri\u00e8re) auquel participe Myl\u00e8ne. Des extraits seront diffus\u00e9s sur la cha\u00eene Paris Premi\u00e8re mais aucune image de la prestation de Myl\u00e8ne n&rsquo;y figurera , la chanteuse &hellip; <a href=\"https:\/\/mig.mylene.net\/galeries-photos-mylene-farmer\/jubile-mario-luraschi-07-mars-1998\" class=\"more-link\">Continue reading<span class=\"screen-reader-text\"> \u00ab\u00a0Myl\u00e8ne Farmer &#8211; Jubil\u00e9 Mario Luraschi &#8211; 07 mars 1998\u00a0\u00bb<\/span><\/a><\/p>\n","protected":false},"author":2,"featured_media":0,"parent":0,"menu_order":0,"comment_status":"closed","ping_status":"closed","template":"","meta":{"_acf_changed":false,"ngg_post_thumbnail":0,"footnotes":""},"class_list":["post-5268","page","type-page","status-publish","hentry"],"acf":[],"_links":{"self":[{"href":"https:\/\/mig.mylene.net\/galeries-photos-mylene-farmer\/wp-json\/wp\/v2\/pages\/5268","targetHints":{"allow":["GET"]}}],"collection":[{"href":"https:\/\/mig.mylene.net\/galeries-photos-mylene-farmer\/wp-json\/wp\/v2\/pages"}],"about":[{"href":"https:\/\/mig.mylene.net\/galeries-photos-mylene-farmer\/wp-json\/wp\/v2\/types\/page"}],"author":[{"embeddable":true,"href":"https:\/\/mig.mylene.net\/galeries-photos-mylene-farmer\/wp-json\/wp\/v2\/users\/2"}],"replies":[{"embeddable":true,"href":"https:\/\/mig.mylene.net\/galeries-photos-mylene-farmer\/wp-json\/wp\/v2\/comments?post=5268"}],"version-history":[{"count":1,"href":"https:\/\/mig.mylene.net\/galeries-photos-mylene-farmer\/wp-json\/wp\/v2\/pages\/5268\/revisions"}],"predecessor-version":[{"id":24534,"href":"https:\/\/mig.mylene.net\/galeries-photos-mylene-farmer\/wp-json\/wp\/v2\/pages\/5268\/revisions\/24534"}],"wp:attachment":[{"href":"https:\/\/mig.mylene.net\/galeries-photos-mylene-farmer\/wp-json\/wp\/v2\/media?parent=5268"}],"curies":[{"name":"wp","href":"https:\/\/api.w.org\/{rel}","templated":true}]}}