{"id":5215,"date":"2016-05-25T17:11:53","date_gmt":"2016-05-25T16:11:53","guid":{"rendered":"http:\/\/www.mylene.net\/mfv3atw\/galeries-photos-mf\/?page_id=5215"},"modified":"2025-12-03T12:34:37","modified_gmt":"2025-12-03T11:34:37","slug":"photographe-marino-parisotto-vay-decembre-1998","status":"publish","type":"page","link":"https:\/\/mig.mylene.net\/galeries-photos-mylene-farmer\/photographe-marino-parisotto-vay-decembre-1998","title":{"rendered":"Myl\u00e8ne Farmer &#8211; Photographe Marino Parisotto Vay &#8211; D\u00e9cembre 1998"},"content":{"rendered":"ngg_shortcode_0_placeholder\n<div class=\"galerie_description\">\n<div class=\"galerie_description_table\">\n<div class=\"galerie_description_line\">\n<div class=\"title themecolored\">Photographe<\/div>\n<div class=\"content\">Marino Parisotto Vay<\/div>\n<\/div>\n<div class=\"galerie_description_line\">\n<div class=\"title themecolored\">Date<\/div>\n<div class=\"content\">D\u00e9cembre 1998<\/div>\n<\/div>\n<div class=\"galerie_description_line\">\n<div class=\"title themecolored\">Lieu<\/div>\n<div class=\"content\">Key Biscane, Floride, Etats-Unis<\/div>\n<\/div>\n<\/div>\n<\/div>\n<p>&nbsp;<\/p>\n<div class=\"galerie_description_fullline with_border\">\n<p>S\u00e9ance photos pour l&rsquo;album <em>Innamoramento<\/em> (pochette et livret).<br \/>\nD&rsquo;autres photos (sur l&rsquo;\u00e9chelle) seront utilis\u00e9es pour l&rsquo;affiche et le programme du <em>Mylenium Tour<\/em> ou pour les pochettes des singles <em>L&rsquo;\u00c2me-Stram-Gram<\/em> et <em>Je te rends ton amour<\/em>.<br \/>\nCertaines photos seront r\u00e9alis\u00e9es sur la plage le jour, d&rsquo;autres la nuit.<\/p>\n<\/div>\n","protected":false},"excerpt":{"rendered":"<p>Photographe Marino Parisotto Vay Date D\u00e9cembre 1998 Lieu Key Biscane, Floride, Etats-Unis &nbsp; S\u00e9ance photos pour l&rsquo;album Innamoramento (pochette et livret). D&rsquo;autres photos (sur l&rsquo;\u00e9chelle) seront utilis\u00e9es pour l&rsquo;affiche et le programme du Mylenium Tour ou pour les pochettes des singles L&rsquo;\u00c2me-Stram-Gram et Je te rends ton amour. Certaines photos seront r\u00e9alis\u00e9es sur la plage &hellip; <a href=\"https:\/\/mig.mylene.net\/galeries-photos-mylene-farmer\/photographe-marino-parisotto-vay-decembre-1998\" class=\"more-link\">Continue reading<span class=\"screen-reader-text\"> \u00ab\u00a0Myl\u00e8ne Farmer &#8211; Photographe Marino Parisotto Vay &#8211; D\u00e9cembre 1998\u00a0\u00bb<\/span><\/a><\/p>\n","protected":false},"author":2,"featured_media":0,"parent":0,"menu_order":0,"comment_status":"closed","ping_status":"closed","template":"","meta":{"_acf_changed":false,"ngg_post_thumbnail":0,"footnotes":""},"class_list":["post-5215","page","type-page","status-publish","hentry"],"acf":[],"_links":{"self":[{"href":"https:\/\/mig.mylene.net\/galeries-photos-mylene-farmer\/wp-json\/wp\/v2\/pages\/5215","targetHints":{"allow":["GET"]}}],"collection":[{"href":"https:\/\/mig.mylene.net\/galeries-photos-mylene-farmer\/wp-json\/wp\/v2\/pages"}],"about":[{"href":"https:\/\/mig.mylene.net\/galeries-photos-mylene-farmer\/wp-json\/wp\/v2\/types\/page"}],"author":[{"embeddable":true,"href":"https:\/\/mig.mylene.net\/galeries-photos-mylene-farmer\/wp-json\/wp\/v2\/users\/2"}],"replies":[{"embeddable":true,"href":"https:\/\/mig.mylene.net\/galeries-photos-mylene-farmer\/wp-json\/wp\/v2\/comments?post=5215"}],"version-history":[{"count":2,"href":"https:\/\/mig.mylene.net\/galeries-photos-mylene-farmer\/wp-json\/wp\/v2\/pages\/5215\/revisions"}],"predecessor-version":[{"id":25124,"href":"https:\/\/mig.mylene.net\/galeries-photos-mylene-farmer\/wp-json\/wp\/v2\/pages\/5215\/revisions\/25124"}],"wp:attachment":[{"href":"https:\/\/mig.mylene.net\/galeries-photos-mylene-farmer\/wp-json\/wp\/v2\/media?parent=5215"}],"curies":[{"name":"wp","href":"https:\/\/api.w.org\/{rel}","templated":true}]}}