{"id":5126,"date":"2016-05-25T17:06:50","date_gmt":"2016-05-25T16:06:50","guid":{"rendered":"http:\/\/www.mylene.net\/mfv3atw\/galeries-photos-mf\/?page_id=5126"},"modified":"2025-12-03T11:30:56","modified_gmt":"2025-12-03T10:30:56","slug":"mylene-farmer-20h-paris-premiere-30-mai-1996","status":"publish","type":"page","link":"https:\/\/mig.mylene.net\/galeries-photos-mylene-farmer\/mylene-farmer-20h-paris-premiere-30-mai-1996","title":{"rendered":"Myl\u00e8ne Farmer &#8211; 20H Paris Premi\u00e8re &#8211; 30 mai 1996"},"content":{"rendered":"<p>ngg_shortcode_0_placeholder<br \/>\nngg_shortcode_1_placeholder<br \/>\nngg_shortcode_2_placeholder<br \/>\nngg_shortcode_3_placeholder<br \/>\nngg_shortcode_4_placeholder<br \/>\nngg_shortcode_5_placeholder<\/p>\n<div class=\"galerie_description\">\n<div class=\"galerie_description_table\">\n<div class=\"galerie_description_line\">\n<div class=\"title themecolored\">Photographes<\/div>\n<div class=\"content\">Divers<\/div>\n<\/div>\n<div class=\"galerie_description_line\">\n<div class=\"title themecolored\">Date<\/div>\n<div class=\"content\">30 mai 1996 (date de diffusion)<\/div>\n<\/div>\n<div class=\"galerie_description_line\">\n<div class=\"title themecolored\">Lieu<\/div>\n<div class=\"content\">Studio vers la Porte Maillot, Paris, France<\/div>\n<\/div>\n<\/div>\n<\/div>\n<p>&nbsp;<\/p>\n<div class=\"galerie_description_fullline with_border\">\n<p>\u00c9mission pr\u00e9sent\u00e9e par Paul Amar et diffus\u00e9e du lundi au vendredi \u00e0 20 heures sur Paris Premi\u00e8re.<br \/>\nMyl\u00e8ne est l&rsquo;invit\u00e9e ce jour (la veille du premier concert du<em> Tour 1996 <\/em>\u00e0 Bercy) pour une tr\u00e8s longue interview d&rsquo;une dur\u00e9e d&rsquo;une heure.<br \/>\n<a href=\"http:\/\/www.mylene.net\/modules\/index.php?r=345\">Vid\u00e9o<\/a><\/p>\n<\/div>\n","protected":false},"excerpt":{"rendered":"<p>Photographes Divers Date 30 mai 1996 (date de diffusion) Lieu Studio vers la Porte Maillot, Paris, France &nbsp; \u00c9mission pr\u00e9sent\u00e9e par Paul Amar et diffus\u00e9e du lundi au vendredi \u00e0 20 heures sur Paris Premi\u00e8re. Myl\u00e8ne est l&rsquo;invit\u00e9e ce jour (la veille du premier concert du Tour 1996 \u00e0 Bercy) pour une tr\u00e8s longue interview &hellip; <a href=\"https:\/\/mig.mylene.net\/galeries-photos-mylene-farmer\/mylene-farmer-20h-paris-premiere-30-mai-1996\" class=\"more-link\">Continue reading<span class=\"screen-reader-text\"> \u00ab\u00a0Myl\u00e8ne Farmer &#8211; 20H Paris Premi\u00e8re &#8211; 30 mai 1996\u00a0\u00bb<\/span><\/a><\/p>\n","protected":false},"author":2,"featured_media":0,"parent":0,"menu_order":0,"comment_status":"closed","ping_status":"closed","template":"","meta":{"_acf_changed":false,"ngg_post_thumbnail":0,"footnotes":""},"class_list":["post-5126","page","type-page","status-publish","hentry"],"acf":[],"_links":{"self":[{"href":"https:\/\/mig.mylene.net\/galeries-photos-mylene-farmer\/wp-json\/wp\/v2\/pages\/5126","targetHints":{"allow":["GET"]}}],"collection":[{"href":"https:\/\/mig.mylene.net\/galeries-photos-mylene-farmer\/wp-json\/wp\/v2\/pages"}],"about":[{"href":"https:\/\/mig.mylene.net\/galeries-photos-mylene-farmer\/wp-json\/wp\/v2\/types\/page"}],"author":[{"embeddable":true,"href":"https:\/\/mig.mylene.net\/galeries-photos-mylene-farmer\/wp-json\/wp\/v2\/users\/2"}],"replies":[{"embeddable":true,"href":"https:\/\/mig.mylene.net\/galeries-photos-mylene-farmer\/wp-json\/wp\/v2\/comments?post=5126"}],"version-history":[{"count":2,"href":"https:\/\/mig.mylene.net\/galeries-photos-mylene-farmer\/wp-json\/wp\/v2\/pages\/5126\/revisions"}],"predecessor-version":[{"id":25100,"href":"https:\/\/mig.mylene.net\/galeries-photos-mylene-farmer\/wp-json\/wp\/v2\/pages\/5126\/revisions\/25100"}],"wp:attachment":[{"href":"https:\/\/mig.mylene.net\/galeries-photos-mylene-farmer\/wp-json\/wp\/v2\/media?parent=5126"}],"curies":[{"name":"wp","href":"https:\/\/api.w.org\/{rel}","templated":true}]}}