{"id":5090,"date":"2016-05-25T17:05:37","date_gmt":"2016-05-25T16:05:37","guid":{"rendered":"http:\/\/www.mylene.net\/mfv3atw\/galeries-photos-mf\/?page_id=5090"},"modified":"2026-02-23T13:52:01","modified_gmt":"2026-02-23T12:52:01","slug":"tour-1996-photos-non-officielles-concerts","status":"publish","type":"page","link":"https:\/\/mig.mylene.net\/galeries-photos-mylene-farmer\/tour-1996-photos-non-officielles-concerts","title":{"rendered":"Myl\u00e8ne Farmer &#8211; Tour 1996 &#8211; Photos non officielles concerts"},"content":{"rendered":"<p>ngg_shortcode_0_placeholder<br \/>\nngg_shortcode_1_placeholder<br \/>\nngg_shortcode_2_placeholder<br \/>\nngg_shortcode_3_placeholder<br \/>\nngg_shortcode_4_placeholder<br \/>\nngg_shortcode_5_placeholder<br \/>\nngg_shortcode_6_placeholder<br \/>\nngg_shortcode_7_placeholder<br \/>\nngg_shortcode_8_placeholder<br \/>\nngg_shortcode_9_placeholder<br \/>\nngg_shortcode_10_placeholder<\/p>\n<div class=\"galerie_description\">\n<div class=\"galerie_description_table\">\n<div class=\"galerie_description_line\">\n<div class=\"title themecolored\">Photographes<\/div>\n<div class=\"content\">Divers<\/div>\n<\/div>\n<div class=\"galerie_description_line\">\n<div class=\"title themecolored\">Dates<\/div>\n<div class=\"content\">du 25 mai au 15 d\u00e9cembre 1996<\/div>\n<\/div>\n<div class=\"galerie_description_line\">\n<div class=\"title themecolored\">Lieux<\/div>\n<div class=\"content\">France, Belgique, Suisse<\/div>\n<\/div>\n<\/div>\n<\/div>\n<p>&nbsp;<\/p>\n<div class=\"galerie_description_fullline with_border\">\n<p>Photos non officielles des concerts prises par des fans ou des journalistes pour des agences de presse. Le seul photographe accr\u00e9dit\u00e9 pour la tourn\u00e9e \u00e9tait Claude Gassian.<\/p>\n<\/div>\n","protected":false},"excerpt":{"rendered":"<p>Photographes Divers Dates du 25 mai au 15 d\u00e9cembre 1996 Lieux France, Belgique, Suisse &nbsp; Photos non officielles des concerts prises par des fans ou des journalistes pour des agences de presse. Le seul photographe accr\u00e9dit\u00e9 pour la tourn\u00e9e \u00e9tait Claude Gassian.<\/p>\n","protected":false},"author":2,"featured_media":0,"parent":0,"menu_order":0,"comment_status":"closed","ping_status":"closed","template":"","meta":{"_acf_changed":false,"ngg_post_thumbnail":0,"footnotes":""},"class_list":["post-5090","page","type-page","status-publish","hentry"],"acf":[],"_links":{"self":[{"href":"https:\/\/mig.mylene.net\/galeries-photos-mylene-farmer\/wp-json\/wp\/v2\/pages\/5090","targetHints":{"allow":["GET"]}}],"collection":[{"href":"https:\/\/mig.mylene.net\/galeries-photos-mylene-farmer\/wp-json\/wp\/v2\/pages"}],"about":[{"href":"https:\/\/mig.mylene.net\/galeries-photos-mylene-farmer\/wp-json\/wp\/v2\/types\/page"}],"author":[{"embeddable":true,"href":"https:\/\/mig.mylene.net\/galeries-photos-mylene-farmer\/wp-json\/wp\/v2\/users\/2"}],"replies":[{"embeddable":true,"href":"https:\/\/mig.mylene.net\/galeries-photos-mylene-farmer\/wp-json\/wp\/v2\/comments?post=5090"}],"version-history":[{"count":8,"href":"https:\/\/mig.mylene.net\/galeries-photos-mylene-farmer\/wp-json\/wp\/v2\/pages\/5090\/revisions"}],"predecessor-version":[{"id":25145,"href":"https:\/\/mig.mylene.net\/galeries-photos-mylene-farmer\/wp-json\/wp\/v2\/pages\/5090\/revisions\/25145"}],"wp:attachment":[{"href":"https:\/\/mig.mylene.net\/galeries-photos-mylene-farmer\/wp-json\/wp\/v2\/media?parent=5090"}],"curies":[{"name":"wp","href":"https:\/\/api.w.org\/{rel}","templated":true}]}}