{"id":5033,"date":"2016-05-25T17:02:47","date_gmt":"2016-05-25T16:02:47","guid":{"rendered":"http:\/\/www.mylene.net\/mfv3atw\/galeries-photos-mf\/?page_id=5033"},"modified":"2016-05-25T17:02:47","modified_gmt":"2016-05-25T16:02:47","slug":"photographe-karl-dickenson-1996","status":"publish","type":"page","link":"https:\/\/mig.mylene.net\/galeries-photos-mylene-farmer\/photographe-karl-dickenson-1996","title":{"rendered":"Myl\u00e8ne Farmer &#8211; Photographe : Karl Dickenson &#8211; 1996"},"content":{"rendered":"<p><p>Invalid Displayed Gallery<\/p><\/p>\n<p><p>Invalid Displayed Gallery<\/p><\/p>\n<p><p>Invalid Displayed Gallery<\/p><\/p>\n<p><p>Invalid Displayed Gallery<\/p><\/p>\n<p><p>Invalid Displayed Gallery<\/p><\/p>\n<p><p>Invalid Displayed Gallery<\/p><\/p>\n<p><p>Invalid Displayed Gallery<\/p><\/p>\n<p><p>Invalid Displayed Gallery<\/p><\/p>\n<p><p>Invalid Displayed Gallery<\/p><\/p>\n<p><p>Invalid Displayed Gallery<\/p><\/p>\n<div class=\"galerie_description\">\n<div class=\"galerie_description_table\">\n<div class=\"galerie_description_line\">\n<div class=\"title themecolored\">Photographe<\/div>\n<div class=\"content\">Karl Dickenson<\/div>\n<\/div>\n<div class=\"galerie_description_line\">\n<div class=\"title themecolored\">Date<\/div>\n<div class=\"content\">1996<\/div>\n<\/div>\n<\/div>\n<\/div>\n<p><\/p>\n<div class=\"galerie_description_fullline with_border\">\n<p>L&rsquo;une des photos de cette s\u00e9ance sera utilis\u00e9e pour illustrer la pochette du single <em>R\u00eaver<\/em>.<\/p>\n<\/div>\n","protected":false},"excerpt":{"rendered":"<p>Invalid Displayed Gallery Invalid Displayed Gallery Invalid Displayed Gallery Invalid Displayed Gallery Invalid Displayed Gallery Invalid Displayed Gallery Invalid Displayed Gallery Invalid Displayed Gallery Invalid Displayed Gallery Invalid Displayed Gallery Photographe Karl Dickenson Date 1996 L&rsquo;une des photos de cette s\u00e9ance sera utilis\u00e9e pour illustrer la pochette du single R\u00eaver.<\/p>\n","protected":false},"author":2,"featured_media":0,"parent":0,"menu_order":0,"comment_status":"closed","ping_status":"closed","template":"","meta":{"_acf_changed":false,"ngg_post_thumbnail":0,"footnotes":""},"class_list":["post-5033","page","type-page","status-publish","hentry"],"acf":[],"_links":{"self":[{"href":"https:\/\/mig.mylene.net\/galeries-photos-mylene-farmer\/wp-json\/wp\/v2\/pages\/5033","targetHints":{"allow":["GET"]}}],"collection":[{"href":"https:\/\/mig.mylene.net\/galeries-photos-mylene-farmer\/wp-json\/wp\/v2\/pages"}],"about":[{"href":"https:\/\/mig.mylene.net\/galeries-photos-mylene-farmer\/wp-json\/wp\/v2\/types\/page"}],"author":[{"embeddable":true,"href":"https:\/\/mig.mylene.net\/galeries-photos-mylene-farmer\/wp-json\/wp\/v2\/users\/2"}],"replies":[{"embeddable":true,"href":"https:\/\/mig.mylene.net\/galeries-photos-mylene-farmer\/wp-json\/wp\/v2\/comments?post=5033"}],"version-history":[{"count":0,"href":"https:\/\/mig.mylene.net\/galeries-photos-mylene-farmer\/wp-json\/wp\/v2\/pages\/5033\/revisions"}],"wp:attachment":[{"href":"https:\/\/mig.mylene.net\/galeries-photos-mylene-farmer\/wp-json\/wp\/v2\/media?parent=5033"}],"curies":[{"name":"wp","href":"https:\/\/api.w.org\/{rel}","templated":true}]}}