{"id":4999,"date":"2016-05-25T14:42:25","date_gmt":"2016-05-25T13:42:25","guid":{"rendered":"http:\/\/www.mylene.net\/mfv3atw\/galeries-photos-mf\/?page_id=4999"},"modified":"2025-03-25T15:12:10","modified_gmt":"2025-03-25T14:12:10","slug":"devant-les-studios-de-lemission-studio-gabriel-12-decembre-1995","status":"publish","type":"page","link":"https:\/\/mig.mylene.net\/galeries-photos-mylene-farmer\/devant-les-studios-de-lemission-studio-gabriel-12-decembre-1995","title":{"rendered":"Mylene Farmer &#8211; Devant les studios de l&rsquo;\u00e9mission Studio Gabriel &#8211; 12 decembre 1995"},"content":{"rendered":"ngg_shortcode_0_placeholder\n<div class=\"galerie_description\">\n<div class=\"galerie_description_table\">\n<div class=\"galerie_description_line\">\n<div class=\"title themecolored\">Photographes<\/div>\n<div class=\"content\">Divers<\/div>\n<\/div>\n<div class=\"galerie_description_line\">\n<div class=\"title themecolored\">Date<\/div>\n<div class=\"content\">12 d\u00e9cembre 1995<\/div>\n<\/div>\n<div class=\"galerie_description_line\">\n<div class=\"title themecolored\">Lieu<\/div>\n<div class=\"content\">Paris, France<\/div>\n<\/div>\n<\/div>\n<\/div>\n<p>&nbsp;<\/p>\n<div class=\"galerie_description_fullline with_border\">\n<p>Arriv\u00e9e de Myl\u00e8ne Farmer pour l&rsquo;enregisrement de l&rsquo;\u00e9mission \u00ab\u00a0Studio Gabriel\u00a0\u00bb pr\u00e9sent\u00e9e par Michel Drucker et qui sera diffus\u00e9e sur France 2 le 14 d\u00e9cembre \u00e0 19h.<\/p>\n<p><a href=\"http:\/\/www.mylene.net\/modules\/index.php?r=347\">\u00ab\u00a0Studio Gabriel\u00a0\u00bb &#8211; Infos &amp; Vid\u00e9o<\/a><\/p>\n<\/div>\n","protected":false},"excerpt":{"rendered":"<p>Photographes Divers Date 12 d\u00e9cembre 1995 Lieu Paris, France &nbsp; Arriv\u00e9e de Myl\u00e8ne Farmer pour l&rsquo;enregisrement de l&rsquo;\u00e9mission \u00ab\u00a0Studio Gabriel\u00a0\u00bb pr\u00e9sent\u00e9e par Michel Drucker et qui sera diffus\u00e9e sur France 2 le 14 d\u00e9cembre \u00e0 19h. \u00ab\u00a0Studio Gabriel\u00a0\u00bb &#8211; Infos &amp; Vid\u00e9o<\/p>\n","protected":false},"author":2,"featured_media":0,"parent":0,"menu_order":0,"comment_status":"closed","ping_status":"closed","template":"","meta":{"_acf_changed":false,"ngg_post_thumbnail":0,"footnotes":""},"class_list":["post-4999","page","type-page","status-publish","hentry"],"acf":[],"_links":{"self":[{"href":"https:\/\/mig.mylene.net\/galeries-photos-mylene-farmer\/wp-json\/wp\/v2\/pages\/4999","targetHints":{"allow":["GET"]}}],"collection":[{"href":"https:\/\/mig.mylene.net\/galeries-photos-mylene-farmer\/wp-json\/wp\/v2\/pages"}],"about":[{"href":"https:\/\/mig.mylene.net\/galeries-photos-mylene-farmer\/wp-json\/wp\/v2\/types\/page"}],"author":[{"embeddable":true,"href":"https:\/\/mig.mylene.net\/galeries-photos-mylene-farmer\/wp-json\/wp\/v2\/users\/2"}],"replies":[{"embeddable":true,"href":"https:\/\/mig.mylene.net\/galeries-photos-mylene-farmer\/wp-json\/wp\/v2\/comments?post=4999"}],"version-history":[{"count":1,"href":"https:\/\/mig.mylene.net\/galeries-photos-mylene-farmer\/wp-json\/wp\/v2\/pages\/4999\/revisions"}],"predecessor-version":[{"id":24526,"href":"https:\/\/mig.mylene.net\/galeries-photos-mylene-farmer\/wp-json\/wp\/v2\/pages\/4999\/revisions\/24526"}],"wp:attachment":[{"href":"https:\/\/mig.mylene.net\/galeries-photos-mylene-farmer\/wp-json\/wp\/v2\/media?parent=4999"}],"curies":[{"name":"wp","href":"https:\/\/api.w.org\/{rel}","templated":true}]}}