{"id":4992,"date":"2016-05-25T14:41:33","date_gmt":"2016-05-25T13:41:33","guid":{"rendered":"http:\/\/www.mylene.net\/mfv3atw\/galeries-photos-mf\/?page_id=4992"},"modified":"2025-03-25T15:11:05","modified_gmt":"2025-03-25T14:11:05","slug":"arrivee-aux-studios-deurope-1-18-octobre-1995","status":"publish","type":"page","link":"https:\/\/mig.mylene.net\/galeries-photos-mylene-farmer\/arrivee-aux-studios-deurope-1-18-octobre-1995","title":{"rendered":"Myl\u00e8ne Farmer &#8211; Arriv\u00e9e aux studios d&rsquo;Europe 1 &#8211; 18 octobre 1995"},"content":{"rendered":"ngg_shortcode_0_placeholder\n<div class=\"galerie_description\">\n<div class=\"galerie_description_table\">\n<div class=\"galerie_description_line\">\n<div class=\"title themecolored\">Photographes<\/div>\n<div class=\"content\">Divers<\/div>\n<\/div>\n<div class=\"galerie_description_line\">\n<div class=\"title themecolored\">Date<\/div>\n<div class=\"content\">18 octobre 1995<\/div>\n<\/div>\n<div class=\"galerie_description_line\">\n<div class=\"title themecolored\">Lieu<\/div>\n<div class=\"content\">Studios de la radio Europe 1, Rue Fran\u00e7ois 1er, Paris, France<\/div>\n<\/div>\n<\/div>\n<\/div>\n<p>&nbsp;<\/p>\n<div class=\"galerie_description_fullline with_border\">\n<p>Arriv\u00e9e de Myl\u00e8ne pour une interview avec Jean-Fran\u00e7ois Rabilloud diffus\u00e9e dans \u00ab\u00a0Europe Matin\u00a0\u00bb le 18 octobre 1995 vers 08h.<br \/>\n<a href=\"http:\/\/www.mylene.net\/mylene\/mylene-farmer-interview-europe-1-18-octobre-1995.php\">Retranscription de l&rsquo;interview<\/a><\/p>\n<\/div>\n","protected":false},"excerpt":{"rendered":"<p>Photographes Divers Date 18 octobre 1995 Lieu Studios de la radio Europe 1, Rue Fran\u00e7ois 1er, Paris, France &nbsp; Arriv\u00e9e de Myl\u00e8ne pour une interview avec Jean-Fran\u00e7ois Rabilloud diffus\u00e9e dans \u00ab\u00a0Europe Matin\u00a0\u00bb le 18 octobre 1995 vers 08h. Retranscription de l&rsquo;interview<\/p>\n","protected":false},"author":2,"featured_media":0,"parent":0,"menu_order":0,"comment_status":"closed","ping_status":"closed","template":"","meta":{"_acf_changed":false,"ngg_post_thumbnail":0,"footnotes":""},"class_list":["post-4992","page","type-page","status-publish","hentry"],"acf":[],"_links":{"self":[{"href":"https:\/\/mig.mylene.net\/galeries-photos-mylene-farmer\/wp-json\/wp\/v2\/pages\/4992","targetHints":{"allow":["GET"]}}],"collection":[{"href":"https:\/\/mig.mylene.net\/galeries-photos-mylene-farmer\/wp-json\/wp\/v2\/pages"}],"about":[{"href":"https:\/\/mig.mylene.net\/galeries-photos-mylene-farmer\/wp-json\/wp\/v2\/types\/page"}],"author":[{"embeddable":true,"href":"https:\/\/mig.mylene.net\/galeries-photos-mylene-farmer\/wp-json\/wp\/v2\/users\/2"}],"replies":[{"embeddable":true,"href":"https:\/\/mig.mylene.net\/galeries-photos-mylene-farmer\/wp-json\/wp\/v2\/comments?post=4992"}],"version-history":[{"count":1,"href":"https:\/\/mig.mylene.net\/galeries-photos-mylene-farmer\/wp-json\/wp\/v2\/pages\/4992\/revisions"}],"predecessor-version":[{"id":24525,"href":"https:\/\/mig.mylene.net\/galeries-photos-mylene-farmer\/wp-json\/wp\/v2\/pages\/4992\/revisions\/24525"}],"wp:attachment":[{"href":"https:\/\/mig.mylene.net\/galeries-photos-mylene-farmer\/wp-json\/wp\/v2\/media?parent=4992"}],"curies":[{"name":"wp","href":"https:\/\/api.w.org\/{rel}","templated":true}]}}