{"id":4985,"date":"2016-05-25T14:40:33","date_gmt":"2016-05-25T13:40:33","guid":{"rendered":"http:\/\/www.mylene.net\/mfv3atw\/galeries-photos-mf\/?page_id=4985"},"modified":"2025-03-25T15:10:14","modified_gmt":"2025-03-25T14:10:14","slug":"arrivee-aux-studios-de-rtl-16-octobre-1995","status":"publish","type":"page","link":"https:\/\/mig.mylene.net\/galeries-photos-mylene-farmer\/arrivee-aux-studios-de-rtl-16-octobre-1995","title":{"rendered":"Myl\u00e8ne Farmer &#8211; Arriv\u00e9e aux studios de RTL &#8211; 16 octobre 1995"},"content":{"rendered":"ngg_shortcode_0_placeholder\n<div class=\"galerie_description\">\n<div class=\"galerie_description_table\">\n<div class=\"galerie_description_line\">\n<div class=\"title themecolored\">Photographes<\/div>\n<div class=\"content\">Divers<\/div>\n<\/div>\n<div class=\"galerie_description_line\">\n<div class=\"title themecolored\">Date<\/div>\n<div class=\"content\">16 octobre 1995<\/div>\n<\/div>\n<div class=\"galerie_description_line\">\n<div class=\"title themecolored\">Lieu<\/div>\n<div class=\"content\">Studios de la radio RTL, 22 rue Bayard, Paris, France<\/div>\n<\/div>\n<\/div>\n<\/div>\n<p>&nbsp;<\/p>\n<div class=\"galerie_description_fullline with_border\">\n<p>Arriv\u00e9e de Myl\u00e8ne pour une interview par Jean-Marie Lef\u00e8bvre dans le journal de 18 heures.<br \/>\n<a href=\"http:\/\/mylene.net\/mylene\/mylene-farmer-interview-rtl-16-octobre-1995.php\">Retranscription de l&rsquo;interview<\/a><\/p>\n<\/div>\n","protected":false},"excerpt":{"rendered":"<p>Photographes Divers Date 16 octobre 1995 Lieu Studios de la radio RTL, 22 rue Bayard, Paris, France &nbsp; Arriv\u00e9e de Myl\u00e8ne pour une interview par Jean-Marie Lef\u00e8bvre dans le journal de 18 heures. Retranscription de l&rsquo;interview<\/p>\n","protected":false},"author":2,"featured_media":0,"parent":0,"menu_order":0,"comment_status":"closed","ping_status":"closed","template":"","meta":{"_acf_changed":false,"ngg_post_thumbnail":0,"footnotes":""},"class_list":["post-4985","page","type-page","status-publish","hentry"],"acf":[],"_links":{"self":[{"href":"https:\/\/mig.mylene.net\/galeries-photos-mylene-farmer\/wp-json\/wp\/v2\/pages\/4985","targetHints":{"allow":["GET"]}}],"collection":[{"href":"https:\/\/mig.mylene.net\/galeries-photos-mylene-farmer\/wp-json\/wp\/v2\/pages"}],"about":[{"href":"https:\/\/mig.mylene.net\/galeries-photos-mylene-farmer\/wp-json\/wp\/v2\/types\/page"}],"author":[{"embeddable":true,"href":"https:\/\/mig.mylene.net\/galeries-photos-mylene-farmer\/wp-json\/wp\/v2\/users\/2"}],"replies":[{"embeddable":true,"href":"https:\/\/mig.mylene.net\/galeries-photos-mylene-farmer\/wp-json\/wp\/v2\/comments?post=4985"}],"version-history":[{"count":1,"href":"https:\/\/mig.mylene.net\/galeries-photos-mylene-farmer\/wp-json\/wp\/v2\/pages\/4985\/revisions"}],"predecessor-version":[{"id":24524,"href":"https:\/\/mig.mylene.net\/galeries-photos-mylene-farmer\/wp-json\/wp\/v2\/pages\/4985\/revisions\/24524"}],"wp:attachment":[{"href":"https:\/\/mig.mylene.net\/galeries-photos-mylene-farmer\/wp-json\/wp\/v2\/media?parent=4985"}],"curies":[{"name":"wp","href":"https:\/\/api.w.org\/{rel}","templated":true}]}}