{"id":4960,"date":"2016-05-25T14:39:24","date_gmt":"2016-05-25T13:39:24","guid":{"rendered":"http:\/\/www.mylene.net\/mfv3atw\/galeries-photos-mf\/?page_id=4960"},"modified":"2025-03-25T15:09:21","modified_gmt":"2025-03-25T14:09:21","slug":"rencontre-avec-amelie-nothomb-photographe-marianne-rosenstiehl-1995","status":"publish","type":"page","link":"https:\/\/mig.mylene.net\/galeries-photos-mylene-farmer\/rencontre-avec-amelie-nothomb-photographe-marianne-rosenstiehl-1995","title":{"rendered":"Myl\u00e8ne Farmer &#8211; Rencontre avec Am\u00e9lie Nothomb &#8211; Photographe Marianne Rosenstiehl &#8211; D\u00e9cembre 1995"},"content":{"rendered":"ngg_shortcode_0_placeholder\n<div class=\"galerie_description\">\n<div class=\"galerie_description_table\">\n<div class=\"galerie_description_line\">\n<div class=\"title themecolored\">Photographe<\/div>\n<div class=\"content\">Marianne Rosenstiehl<\/div>\n<\/div>\n<div class=\"galerie_description_line\">\n<div class=\"title themecolored\">Date<\/div>\n<div class=\"content\">22 d\u00e9cembre 1995<\/div>\n<\/div>\n<div class=\"galerie_description_line\">\n<div class=\"title themecolored\">Lieu<\/div>\n<div class=\"content\">H\u00f4tel Le Crillon, Paris, France<\/div>\n<\/div>\n<\/div>\n<\/div>\n<p>&nbsp;<\/p>\n<div class=\"galerie_description_fullline with_border\">\n<p>S\u00e9ance photos pour l&rsquo;interview crois\u00e9e entre Myl\u00e8ne Farmer et Am\u00e9lie Nothomb publi\u00e9e dans le magazine \u00ab\u00a0Vogue\u00a0\u00bb allemand en mars 1996.<\/p>\n<\/div>\n","protected":false},"excerpt":{"rendered":"<p>Photographe Marianne Rosenstiehl Date 22 d\u00e9cembre 1995 Lieu H\u00f4tel Le Crillon, Paris, France &nbsp; S\u00e9ance photos pour l&rsquo;interview crois\u00e9e entre Myl\u00e8ne Farmer et Am\u00e9lie Nothomb publi\u00e9e dans le magazine \u00ab\u00a0Vogue\u00a0\u00bb allemand en mars 1996.<\/p>\n","protected":false},"author":2,"featured_media":0,"parent":0,"menu_order":0,"comment_status":"closed","ping_status":"closed","template":"","meta":{"_acf_changed":false,"ngg_post_thumbnail":0,"footnotes":""},"class_list":["post-4960","page","type-page","status-publish","hentry"],"acf":[],"_links":{"self":[{"href":"https:\/\/mig.mylene.net\/galeries-photos-mylene-farmer\/wp-json\/wp\/v2\/pages\/4960","targetHints":{"allow":["GET"]}}],"collection":[{"href":"https:\/\/mig.mylene.net\/galeries-photos-mylene-farmer\/wp-json\/wp\/v2\/pages"}],"about":[{"href":"https:\/\/mig.mylene.net\/galeries-photos-mylene-farmer\/wp-json\/wp\/v2\/types\/page"}],"author":[{"embeddable":true,"href":"https:\/\/mig.mylene.net\/galeries-photos-mylene-farmer\/wp-json\/wp\/v2\/users\/2"}],"replies":[{"embeddable":true,"href":"https:\/\/mig.mylene.net\/galeries-photos-mylene-farmer\/wp-json\/wp\/v2\/comments?post=4960"}],"version-history":[{"count":1,"href":"https:\/\/mig.mylene.net\/galeries-photos-mylene-farmer\/wp-json\/wp\/v2\/pages\/4960\/revisions"}],"predecessor-version":[{"id":24523,"href":"https:\/\/mig.mylene.net\/galeries-photos-mylene-farmer\/wp-json\/wp\/v2\/pages\/4960\/revisions\/24523"}],"wp:attachment":[{"href":"https:\/\/mig.mylene.net\/galeries-photos-mylene-farmer\/wp-json\/wp\/v2\/media?parent=4960"}],"curies":[{"name":"wp","href":"https:\/\/api.w.org\/{rel}","templated":true}]}}