{"id":4830,"date":"2016-05-25T14:18:46","date_gmt":"2016-05-25T13:18:46","guid":{"rendered":"http:\/\/www.mylene.net\/mfv3atw\/galeries-photos-mf\/?page_id=4830"},"modified":"2025-03-25T15:02:08","modified_gmt":"2025-03-25T14:02:08","slug":"defile-issey-miyake-1993","status":"publish","type":"page","link":"https:\/\/mig.mylene.net\/galeries-photos-mylene-farmer\/defile-issey-miyake-1993","title":{"rendered":"Myl\u00e8ne Farmer &#8211; D\u00e9fil\u00e9 Issey Miyake &#8211; Octobre 1993"},"content":{"rendered":"ngg_shortcode_0_placeholder\n<div class=\"galerie_description\">\n<div class=\"galerie_description_table\">\n<div class=\"galerie_description_line\">\n<div class=\"title themecolored\">Photographes<\/div>\n<div class=\"content\">Divers<\/div>\n<\/div>\n<div class=\"galerie_description_line\">\n<div class=\"title themecolored\">Date<\/div>\n<div class=\"content\">Octobre 1993<\/div>\n<\/div>\n<div class=\"galerie_description_line\">\n<div class=\"title themecolored\">Lieu<\/div>\n<div class=\"content\">Paris, France<\/div>\n<\/div>\n<\/div>\n<p>&nbsp;<\/p>\n<div class=\"galerie_description_fullline with_border\">\n<p>D\u00e9fil\u00e9 Issey Miyake Pr\u00eat-\u00e0-porter Printemps-Et\u00e9 1994.<br \/>\nMyl\u00e8ne porte de nombreuses tenues issues des collections Issey Miyake printemps-\u00e9t\u00e9 1990\/1991 pour son retour avec l&rsquo;album <em>L&rsquo;autre&#8230; <\/em>pour des s\u00e9ances photos et des prestations t\u00e9l\u00e9vis\u00e9es, notamment la tenue pour la chanson <em>L&rsquo;autre&#8230;<\/em>dans l&rsquo;\u00e9mission <a href=\"http:\/\/www.mylene.net\/modules\/index.php?r=322\">\u00ab\u00a0Stars 90\u00a0\u00bb sur TF1 le 13 mai 1991<\/a>.<\/p>\n<\/div>\n<\/div>\n","protected":false},"excerpt":{"rendered":"<p>Photographes Divers Date Octobre 1993 Lieu Paris, France &nbsp; D\u00e9fil\u00e9 Issey Miyake Pr\u00eat-\u00e0-porter Printemps-Et\u00e9 1994. Myl\u00e8ne porte de nombreuses tenues issues des collections Issey Miyake printemps-\u00e9t\u00e9 1990\/1991 pour son retour avec l&rsquo;album L&rsquo;autre&#8230; pour des s\u00e9ances photos et des prestations t\u00e9l\u00e9vis\u00e9es, notamment la tenue pour la chanson L&rsquo;autre&#8230;dans l&rsquo;\u00e9mission \u00ab\u00a0Stars 90\u00a0\u00bb sur TF1 le 13 &hellip; <a href=\"https:\/\/mig.mylene.net\/galeries-photos-mylene-farmer\/defile-issey-miyake-1993\" class=\"more-link\">Continue reading<span class=\"screen-reader-text\"> \u00ab\u00a0Myl\u00e8ne Farmer &#8211; D\u00e9fil\u00e9 Issey Miyake &#8211; Octobre 1993\u00a0\u00bb<\/span><\/a><\/p>\n","protected":false},"author":2,"featured_media":0,"parent":0,"menu_order":0,"comment_status":"closed","ping_status":"closed","template":"","meta":{"_acf_changed":false,"ngg_post_thumbnail":0,"footnotes":""},"class_list":["post-4830","page","type-page","status-publish","hentry"],"acf":[],"_links":{"self":[{"href":"https:\/\/mig.mylene.net\/galeries-photos-mylene-farmer\/wp-json\/wp\/v2\/pages\/4830","targetHints":{"allow":["GET"]}}],"collection":[{"href":"https:\/\/mig.mylene.net\/galeries-photos-mylene-farmer\/wp-json\/wp\/v2\/pages"}],"about":[{"href":"https:\/\/mig.mylene.net\/galeries-photos-mylene-farmer\/wp-json\/wp\/v2\/types\/page"}],"author":[{"embeddable":true,"href":"https:\/\/mig.mylene.net\/galeries-photos-mylene-farmer\/wp-json\/wp\/v2\/users\/2"}],"replies":[{"embeddable":true,"href":"https:\/\/mig.mylene.net\/galeries-photos-mylene-farmer\/wp-json\/wp\/v2\/comments?post=4830"}],"version-history":[{"count":1,"href":"https:\/\/mig.mylene.net\/galeries-photos-mylene-farmer\/wp-json\/wp\/v2\/pages\/4830\/revisions"}],"predecessor-version":[{"id":24518,"href":"https:\/\/mig.mylene.net\/galeries-photos-mylene-farmer\/wp-json\/wp\/v2\/pages\/4830\/revisions\/24518"}],"wp:attachment":[{"href":"https:\/\/mig.mylene.net\/galeries-photos-mylene-farmer\/wp-json\/wp\/v2\/media?parent=4830"}],"curies":[{"name":"wp","href":"https:\/\/api.w.org\/{rel}","templated":true}]}}