{"id":4820,"date":"2016-05-25T14:17:36","date_gmt":"2016-05-25T13:17:36","guid":{"rendered":"http:\/\/www.mylene.net\/mfv3atw\/galeries-photos-mf\/?page_id=4820"},"modified":"2025-08-17T10:09:56","modified_gmt":"2025-08-17T08:09:56","slug":"world-music-awards-12-mai-1993","status":"publish","type":"page","link":"https:\/\/mig.mylene.net\/galeries-photos-mylene-farmer\/world-music-awards-12-mai-1993","title":{"rendered":"Myl\u00e8ne Farmer &#8211; World Music Awards &#8211; 12 mai 1993"},"content":{"rendered":"ngg_shortcode_0_placeholder\nngg_shortcode_1_placeholder\nngg_shortcode_2_placeholder\n<div class=\"galerie_description\">\n<div class=\"galerie_description_table\">\n<div class=\"galerie_description_line\">\n<div class=\"title themecolored\">Photographes<\/div>\n<div class=\"content\">Divers<\/div>\n<\/div>\n<div class=\"galerie_description_line\">\n<div class=\"title themecolored\">Date<\/div>\n<div class=\"content\">12 mai 1993<\/div>\n<\/div>\n<div class=\"galerie_description_line\">\n<div class=\"title themecolored\">Lieu<\/div>\n<div class=\"content\">Sporting Club, Monaco<\/div>\n<\/div>\n<\/div>\n<\/div>\n<p>&nbsp;<\/p>\n<div class=\"galerie_description_fullline with_border\">\n<p>Myl\u00e8ne interpr\u00e8te Que mon coeur l\u00e2che accompagn\u00e9e par deux danseuses.<br \/>\nElle re\u00e7oit un Award pour les meilleures ventes de disques mondiales pour un artiste fran\u00e7ais.<br \/>\nMichael Jackson est l&rsquo;un des autres invit\u00e9s de la soir\u00e9e et assiste \u00e0 le prestation de Myl\u00e8ne dans le public (\u00e0 noter qu&rsquo;un sosie de Michael Jackson figurait dans le clip Que mon coeur l\u00e2che de Luc Besson).<\/p>\n<p><a href=\"http:\/\/www.mylene.net\/modules\/index.php?r=397\">\u00ab\u00a0World Music Awards 1993\u00a0\u00bb &#8211; Infos &amp; Vid\u00e9o<\/a><\/p>\n<\/div>\n","protected":false},"excerpt":{"rendered":"<p>&nbsp; &nbsp; Photographes Divers Date 12 mai 1993 Lieu Sporting Club, Monaco &nbsp; Myl\u00e8ne interpr\u00e8te Que mon coeur l\u00e2che accompagn\u00e9e par deux danseuses. Elle re\u00e7oit un Award pour les meilleures ventes de disques mondiales pour un artiste fran\u00e7ais. Michael Jackson est l&rsquo;un des autres invit\u00e9s de la soir\u00e9e et assiste \u00e0 le prestation de Myl\u00e8ne &hellip; <a href=\"https:\/\/mig.mylene.net\/galeries-photos-mylene-farmer\/world-music-awards-12-mai-1993\" class=\"more-link\">Continue reading<span class=\"screen-reader-text\"> \u00ab\u00a0Myl\u00e8ne Farmer &#8211; World Music Awards &#8211; 12 mai 1993\u00a0\u00bb<\/span><\/a><\/p>\n","protected":false},"author":2,"featured_media":0,"parent":0,"menu_order":0,"comment_status":"closed","ping_status":"closed","template":"","meta":{"_acf_changed":false,"ngg_post_thumbnail":0,"footnotes":""},"class_list":["post-4820","page","type-page","status-publish","hentry"],"acf":[],"_links":{"self":[{"href":"https:\/\/mig.mylene.net\/galeries-photos-mylene-farmer\/wp-json\/wp\/v2\/pages\/4820","targetHints":{"allow":["GET"]}}],"collection":[{"href":"https:\/\/mig.mylene.net\/galeries-photos-mylene-farmer\/wp-json\/wp\/v2\/pages"}],"about":[{"href":"https:\/\/mig.mylene.net\/galeries-photos-mylene-farmer\/wp-json\/wp\/v2\/types\/page"}],"author":[{"embeddable":true,"href":"https:\/\/mig.mylene.net\/galeries-photos-mylene-farmer\/wp-json\/wp\/v2\/users\/2"}],"replies":[{"embeddable":true,"href":"https:\/\/mig.mylene.net\/galeries-photos-mylene-farmer\/wp-json\/wp\/v2\/comments?post=4820"}],"version-history":[{"count":2,"href":"https:\/\/mig.mylene.net\/galeries-photos-mylene-farmer\/wp-json\/wp\/v2\/pages\/4820\/revisions"}],"predecessor-version":[{"id":24934,"href":"https:\/\/mig.mylene.net\/galeries-photos-mylene-farmer\/wp-json\/wp\/v2\/pages\/4820\/revisions\/24934"}],"wp:attachment":[{"href":"https:\/\/mig.mylene.net\/galeries-photos-mylene-farmer\/wp-json\/wp\/v2\/media?parent=4820"}],"curies":[{"name":"wp","href":"https:\/\/api.w.org\/{rel}","templated":true}]}}