{"id":4786,"date":"2016-05-25T14:16:28","date_gmt":"2016-05-25T13:16:28","guid":{"rendered":"http:\/\/www.mylene.net\/mfv3atw\/galeries-photos-mf\/?page_id=4786"},"modified":"2025-03-25T15:01:10","modified_gmt":"2025-03-25T14:01:10","slug":"stars-90-tf1-11-janvier-1993","status":"publish","type":"page","link":"https:\/\/mig.mylene.net\/galeries-photos-mylene-farmer\/stars-90-tf1-11-janvier-1993","title":{"rendered":"Myl\u00e8ne Farmer &#8211; Stars 90 &#8211; TF1 &#8211; 11 janvier 1993"},"content":{"rendered":"ngg_shortcode_0_placeholder\n<div class=\"galerie_description\">\n<div class=\"galerie_description_table\">\n<div class=\"galerie_description_line\">\n<div class=\"title themecolored\">Photographes<\/div>\n<div class=\"content\">Divers<\/div>\n<\/div>\n<div class=\"galerie_description_line\">\n<div class=\"title themecolored\">Date<\/div>\n<div class=\"content\">11 janvier 1993 (diffusion)<\/div>\n<\/div>\n<div class=\"galerie_description_line\">\n<div class=\"title themecolored\">Lieu<\/div>\n<div class=\"content\">Paris, France<\/div>\n<\/div>\n<\/div>\n<p>&nbsp;<\/p>\n<div class=\"galerie_description_fullline with_border\">\n<p>Emission pr\u00e9sent\u00e9e par Michel Drucker et diffus\u00e9e en prime time le lundi sur TF1.<br \/>\nMyl\u00e8ne interpr\u00e8te <em>Que mon c\u0153ur l\u00e2che<\/em> pour la premi\u00e8re fois \u00e0 la t\u00e9l\u00e9vision.<\/p>\n<p><a href=\"http:\/\/www.mylene.net\/modules\/index.php?r=396\">\u00ab\u00a0Stars 90\u00a0\u00bb sur TF1 le 11 janvier 1993 &#8211; Infos &amp; Vid\u00e9o<\/a><\/p>\n<\/div>\n<\/div>\n","protected":false},"excerpt":{"rendered":"<p>Photographes Divers Date 11 janvier 1993 (diffusion) Lieu Paris, France &nbsp; Emission pr\u00e9sent\u00e9e par Michel Drucker et diffus\u00e9e en prime time le lundi sur TF1. Myl\u00e8ne interpr\u00e8te Que mon c\u0153ur l\u00e2che pour la premi\u00e8re fois \u00e0 la t\u00e9l\u00e9vision. \u00ab\u00a0Stars 90\u00a0\u00bb sur TF1 le 11 janvier 1993 &#8211; Infos &amp; Vid\u00e9o<\/p>\n","protected":false},"author":2,"featured_media":0,"parent":0,"menu_order":0,"comment_status":"closed","ping_status":"closed","template":"","meta":{"_acf_changed":false,"ngg_post_thumbnail":0,"footnotes":""},"class_list":["post-4786","page","type-page","status-publish","hentry"],"acf":[],"_links":{"self":[{"href":"https:\/\/mig.mylene.net\/galeries-photos-mylene-farmer\/wp-json\/wp\/v2\/pages\/4786","targetHints":{"allow":["GET"]}}],"collection":[{"href":"https:\/\/mig.mylene.net\/galeries-photos-mylene-farmer\/wp-json\/wp\/v2\/pages"}],"about":[{"href":"https:\/\/mig.mylene.net\/galeries-photos-mylene-farmer\/wp-json\/wp\/v2\/types\/page"}],"author":[{"embeddable":true,"href":"https:\/\/mig.mylene.net\/galeries-photos-mylene-farmer\/wp-json\/wp\/v2\/users\/2"}],"replies":[{"embeddable":true,"href":"https:\/\/mig.mylene.net\/galeries-photos-mylene-farmer\/wp-json\/wp\/v2\/comments?post=4786"}],"version-history":[{"count":1,"href":"https:\/\/mig.mylene.net\/galeries-photos-mylene-farmer\/wp-json\/wp\/v2\/pages\/4786\/revisions"}],"predecessor-version":[{"id":24517,"href":"https:\/\/mig.mylene.net\/galeries-photos-mylene-farmer\/wp-json\/wp\/v2\/pages\/4786\/revisions\/24517"}],"wp:attachment":[{"href":"https:\/\/mig.mylene.net\/galeries-photos-mylene-farmer\/wp-json\/wp\/v2\/media?parent=4786"}],"curies":[{"name":"wp","href":"https:\/\/api.w.org\/{rel}","templated":true}]}}