{"id":4664,"date":"2016-05-25T14:12:08","date_gmt":"2016-05-25T13:12:08","guid":{"rendered":"http:\/\/www.mylene.net\/mfv3atw\/galeries-photos-mf\/?page_id=4664"},"modified":"2025-08-10T20:30:47","modified_gmt":"2025-08-10T18:30:47","slug":"tournage-clip-que-mon-coeur-lache-1992","status":"publish","type":"page","link":"https:\/\/mig.mylene.net\/galeries-photos-mylene-farmer\/tournage-clip-que-mon-coeur-lache-1992","title":{"rendered":"Myl\u00e8ne Farmer &#8211; Tournage clip Que mon c\u0153ur l\u00e2che &#8211; 1992"},"content":{"rendered":"<p>ngg_shortcode_0_placeholder<br \/>\nngg_shortcode_1_placeholder<\/p>\n<div class=\"galerie_description\">\n<div class=\"galerie_description_table\">\n<div class=\"galerie_description_line\">\n<div class=\"title themecolored\">Photographe<\/div>\n<div class=\"content\">Marianne Rosenstiehl<\/div>\n<\/div>\n<div class=\"galerie_description_line\">\n<div class=\"title themecolored\">Date<\/div>\n<div class=\"content\">Octobre 1992<\/div>\n<\/div>\n<div class=\"galerie_description_line\">\n<div class=\"title themecolored\">Lieu<\/div>\n<div class=\"content\">Studios d&rsquo;Arpajon, France<\/div>\n<\/div>\n<\/div>\n<\/div>\n<p>&nbsp;<\/p>\n<div class=\"galerie_description_fullline with_border\">\n<p>Clip r\u00e9alis\u00e9 par Luc Besson.<br \/>\nPage clip <a href=\"http:\/\/www.mylene.net\/mylene\/c_que-mon-coeur-lache.php\"><em>Que mon c\u0153ur l\u00e2che<\/em> <\/a><\/p>\n<\/div>\n","protected":false},"excerpt":{"rendered":"<p>Photographe Marianne Rosenstiehl Date Octobre 1992 Lieu Studios d&rsquo;Arpajon, France &nbsp; Clip r\u00e9alis\u00e9 par Luc Besson. Page clip Que mon c\u0153ur l\u00e2che<\/p>\n","protected":false},"author":2,"featured_media":0,"parent":0,"menu_order":0,"comment_status":"closed","ping_status":"closed","template":"","meta":{"_acf_changed":false,"ngg_post_thumbnail":0,"footnotes":""},"class_list":["post-4664","page","type-page","status-publish","hentry"],"acf":[],"_links":{"self":[{"href":"https:\/\/mig.mylene.net\/galeries-photos-mylene-farmer\/wp-json\/wp\/v2\/pages\/4664","targetHints":{"allow":["GET"]}}],"collection":[{"href":"https:\/\/mig.mylene.net\/galeries-photos-mylene-farmer\/wp-json\/wp\/v2\/pages"}],"about":[{"href":"https:\/\/mig.mylene.net\/galeries-photos-mylene-farmer\/wp-json\/wp\/v2\/types\/page"}],"author":[{"embeddable":true,"href":"https:\/\/mig.mylene.net\/galeries-photos-mylene-farmer\/wp-json\/wp\/v2\/users\/2"}],"replies":[{"embeddable":true,"href":"https:\/\/mig.mylene.net\/galeries-photos-mylene-farmer\/wp-json\/wp\/v2\/comments?post=4664"}],"version-history":[{"count":2,"href":"https:\/\/mig.mylene.net\/galeries-photos-mylene-farmer\/wp-json\/wp\/v2\/pages\/4664\/revisions"}],"predecessor-version":[{"id":24883,"href":"https:\/\/mig.mylene.net\/galeries-photos-mylene-farmer\/wp-json\/wp\/v2\/pages\/4664\/revisions\/24883"}],"wp:attachment":[{"href":"https:\/\/mig.mylene.net\/galeries-photos-mylene-farmer\/wp-json\/wp\/v2\/media?parent=4664"}],"curies":[{"name":"wp","href":"https:\/\/api.w.org\/{rel}","templated":true}]}}