{"id":4586,"date":"2016-05-25T14:09:52","date_gmt":"2016-05-25T13:09:52","guid":{"rendered":"http:\/\/www.mylene.net\/mfv3atw\/galeries-photos-mf\/?page_id=4586"},"modified":"2025-12-03T12:32:48","modified_gmt":"2025-12-03T11:32:48","slug":"marianne-rosenstiehl-1992","status":"publish","type":"page","link":"https:\/\/mig.mylene.net\/galeries-photos-mylene-farmer\/marianne-rosenstiehl-1992","title":{"rendered":"Myl\u00e8ne Farmer &#8211; Photographe Marianne Rosenstiehl &#8211; 1992"},"content":{"rendered":"ngg_shortcode_0_placeholder\n<div class=\"galerie_description\">\n<div class=\"galerie_description_table\">\n<div class=\"galerie_description_line\">\n<div class=\"title themecolored\">Photographe<\/div>\n<div class=\"content\">Marianne Rosenstiehl<\/div>\n<\/div>\n<div class=\"galerie_description_line\">\n<div class=\"title themecolored\">Date<\/div>\n<div class=\"content\">1992<\/div>\n<\/div>\n<div class=\"galerie_description_line\">\n<div class=\"title themecolored\">Lieu<\/div>\n<div class=\"content\">Gymnase de la Cit\u00e9 Universitaire, Paris 14, France<\/div>\n<\/div>\n<\/div>\n<\/div>\n<p>&nbsp;<\/p>\n<div class=\"galerie_description_fullline with_border\">\n<p>L&rsquo;une des photos sera utilis\u00e9e pour les supports du single <em>Beyond my control<\/em> en avril 1992 puis d&rsquo;autres photos pour le single <em>Que mon c\u0153ur l\u00e2che <\/em>et l&rsquo;album <em>Dance Remixes<\/em> en novembre 1992.<br \/>\nD&rsquo;autres photos de cette s\u00e9rie seront propos\u00e9es dans la presse, dans des fanzines ou livres consacr\u00e9s \u00e0 Myl\u00e8ne.<\/p>\n<\/div>\n","protected":false},"excerpt":{"rendered":"<p>Photographe Marianne Rosenstiehl Date 1992 Lieu Gymnase de la Cit\u00e9 Universitaire, Paris 14, France &nbsp; L&rsquo;une des photos sera utilis\u00e9e pour les supports du single Beyond my control en avril 1992 puis d&rsquo;autres photos pour le single Que mon c\u0153ur l\u00e2che et l&rsquo;album Dance Remixes en novembre 1992. D&rsquo;autres photos de cette s\u00e9rie seront propos\u00e9es &hellip; <a href=\"https:\/\/mig.mylene.net\/galeries-photos-mylene-farmer\/marianne-rosenstiehl-1992\" class=\"more-link\">Continue reading<span class=\"screen-reader-text\"> \u00ab\u00a0Myl\u00e8ne Farmer &#8211; Photographe Marianne Rosenstiehl &#8211; 1992\u00a0\u00bb<\/span><\/a><\/p>\n","protected":false},"author":2,"featured_media":0,"parent":0,"menu_order":0,"comment_status":"closed","ping_status":"closed","template":"","meta":{"_acf_changed":false,"ngg_post_thumbnail":0,"footnotes":""},"class_list":["post-4586","page","type-page","status-publish","hentry"],"acf":[],"_links":{"self":[{"href":"https:\/\/mig.mylene.net\/galeries-photos-mylene-farmer\/wp-json\/wp\/v2\/pages\/4586","targetHints":{"allow":["GET"]}}],"collection":[{"href":"https:\/\/mig.mylene.net\/galeries-photos-mylene-farmer\/wp-json\/wp\/v2\/pages"}],"about":[{"href":"https:\/\/mig.mylene.net\/galeries-photos-mylene-farmer\/wp-json\/wp\/v2\/types\/page"}],"author":[{"embeddable":true,"href":"https:\/\/mig.mylene.net\/galeries-photos-mylene-farmer\/wp-json\/wp\/v2\/users\/2"}],"replies":[{"embeddable":true,"href":"https:\/\/mig.mylene.net\/galeries-photos-mylene-farmer\/wp-json\/wp\/v2\/comments?post=4586"}],"version-history":[{"count":3,"href":"https:\/\/mig.mylene.net\/galeries-photos-mylene-farmer\/wp-json\/wp\/v2\/pages\/4586\/revisions"}],"predecessor-version":[{"id":25122,"href":"https:\/\/mig.mylene.net\/galeries-photos-mylene-farmer\/wp-json\/wp\/v2\/pages\/4586\/revisions\/25122"}],"wp:attachment":[{"href":"https:\/\/mig.mylene.net\/galeries-photos-mylene-farmer\/wp-json\/wp\/v2\/media?parent=4586"}],"curies":[{"name":"wp","href":"https:\/\/api.w.org\/{rel}","templated":true}]}}