{"id":4550,"date":"2016-05-25T10:55:57","date_gmt":"2016-05-25T09:55:57","guid":{"rendered":"http:\/\/www.mylene.net\/mfv3atw\/galeries-photos-mf\/?page_id=4550"},"modified":"2025-03-25T14:56:21","modified_gmt":"2025-03-25T13:56:21","slug":"tous-a-la-une-tf1-27-decembre-1991","status":"publish","type":"page","link":"https:\/\/mig.mylene.net\/galeries-photos-mylene-farmer\/tous-a-la-une-tf1-27-decembre-1991","title":{"rendered":"Myl\u00e8ne Farmer &#8211; Tous \u00e0 la Une &#8211; TF1 &#8211; 27 d\u00e9cembre 1991"},"content":{"rendered":"ngg_shortcode_0_placeholder\n<div class=\"galerie_description\">\n<div class=\"galerie_description_table\">\n<div class=\"galerie_description_line\">\n<div class=\"title themecolored\">Photographes<\/div>\n<div class=\"content\">Divers<\/div>\n<\/div>\n<div class=\"galerie_description_line\">\n<div class=\"title themecolored\">Date<\/div>\n<div class=\"content\">27 d\u00e9cembre 1991 (diffusion)<\/div>\n<\/div>\n<div class=\"galerie_description_line\">\n<div class=\"title themecolored\">Lieu<\/div>\n<div class=\"content\">Paris, France<\/div>\n<\/div>\n<\/div>\n<\/div>\n<p>&nbsp;<\/p>\n<div class=\"galerie_description_fullline with_border\">\n<p>Emission pr\u00e9sent\u00e9e par Patrick Sabatier et diffus\u00e9e en prime time le vendredi sur TF1.<br \/>\nMyl\u00e8ne interpr\u00e8te <em>Je t&rsquo;aime m\u00e9lancolie<\/em> et <em>L&rsquo;autre<\/em>. Elle r\u00e9pond \u00e9galement \u00e0 quelques questions.<\/p>\n<p><a href=\"http:\/\/www.mylene.net\/modules\/index.php?r=358\">\u00ab\u00a0Tous \u00e0 la Une du 27 d\u00e9cembre 1991\u00a0\u00bb &#8211; Infos &amp; Vid\u00e9os<\/a><\/p>\n<\/div>\n","protected":false},"excerpt":{"rendered":"<p>Photographes Divers Date 27 d\u00e9cembre 1991 (diffusion) Lieu Paris, France &nbsp; Emission pr\u00e9sent\u00e9e par Patrick Sabatier et diffus\u00e9e en prime time le vendredi sur TF1. Myl\u00e8ne interpr\u00e8te Je t&rsquo;aime m\u00e9lancolie et L&rsquo;autre. Elle r\u00e9pond \u00e9galement \u00e0 quelques questions. \u00ab\u00a0Tous \u00e0 la Une du 27 d\u00e9cembre 1991\u00a0\u00bb &#8211; Infos &amp; Vid\u00e9os<\/p>\n","protected":false},"author":2,"featured_media":0,"parent":0,"menu_order":0,"comment_status":"closed","ping_status":"closed","template":"","meta":{"_acf_changed":false,"ngg_post_thumbnail":0,"footnotes":""},"class_list":["post-4550","page","type-page","status-publish","hentry"],"acf":[],"_links":{"self":[{"href":"https:\/\/mig.mylene.net\/galeries-photos-mylene-farmer\/wp-json\/wp\/v2\/pages\/4550","targetHints":{"allow":["GET"]}}],"collection":[{"href":"https:\/\/mig.mylene.net\/galeries-photos-mylene-farmer\/wp-json\/wp\/v2\/pages"}],"about":[{"href":"https:\/\/mig.mylene.net\/galeries-photos-mylene-farmer\/wp-json\/wp\/v2\/types\/page"}],"author":[{"embeddable":true,"href":"https:\/\/mig.mylene.net\/galeries-photos-mylene-farmer\/wp-json\/wp\/v2\/users\/2"}],"replies":[{"embeddable":true,"href":"https:\/\/mig.mylene.net\/galeries-photos-mylene-farmer\/wp-json\/wp\/v2\/comments?post=4550"}],"version-history":[{"count":1,"href":"https:\/\/mig.mylene.net\/galeries-photos-mylene-farmer\/wp-json\/wp\/v2\/pages\/4550\/revisions"}],"predecessor-version":[{"id":24512,"href":"https:\/\/mig.mylene.net\/galeries-photos-mylene-farmer\/wp-json\/wp\/v2\/pages\/4550\/revisions\/24512"}],"wp:attachment":[{"href":"https:\/\/mig.mylene.net\/galeries-photos-mylene-farmer\/wp-json\/wp\/v2\/media?parent=4550"}],"curies":[{"name":"wp","href":"https:\/\/api.w.org\/{rel}","templated":true}]}}