{"id":4531,"date":"2016-05-25T10:53:12","date_gmt":"2016-05-25T09:53:12","guid":{"rendered":"http:\/\/www.mylene.net\/mfv3atw\/galeries-photos-mf\/?page_id=4531"},"modified":"2025-03-25T14:54:53","modified_gmt":"2025-03-25T13:54:53","slug":"stars-90-tf1-09-septembre-1991","status":"publish","type":"page","link":"https:\/\/mig.mylene.net\/galeries-photos-mylene-farmer\/stars-90-tf1-09-septembre-1991","title":{"rendered":"Myl\u00e8ne Farmer &#8211; Stars 90 &#8211; TF1 &#8211; 09 septembre 1991"},"content":{"rendered":"ngg_shortcode_0_placeholder\n<div class=\"galerie_description\">\n<div class=\"galerie_description_table\">\n<div class=\"galerie_description_line\">\n<div class=\"title themecolored\">Photographes<\/div>\n<div class=\"content\">Divers<\/div>\n<\/div>\n<div class=\"galerie_description_line\">\n<div class=\"title themecolored\">Date<\/div>\n<div class=\"content\">09 septembre 1991 (diffusion)<\/div>\n<\/div>\n<div class=\"galerie_description_line\">\n<div class=\"title themecolored\">Lieu<\/div>\n<div class=\"content\">Paris, France<\/div>\n<\/div>\n<\/div>\n<\/div>\n<p>&nbsp;<\/p>\n<div class=\"galerie_description_fullline with_border\">\n<p>Premi\u00e8re diffusion du clip <em>Regrets<\/em> et interview de Myl\u00e8ne (avec diffusion d&rsquo;images de son voyage en Arctique avec Luc Besson)<\/p>\n<p><a href=\"http:\/\/www.mylene.net\/modules\/index.php?r=303\">Infos &amp; Vid\u00e9o<\/a><\/p>\n<\/div>\n","protected":false},"excerpt":{"rendered":"<p>Photographes Divers Date 09 septembre 1991 (diffusion) Lieu Paris, France &nbsp; Premi\u00e8re diffusion du clip Regrets et interview de Myl\u00e8ne (avec diffusion d&rsquo;images de son voyage en Arctique avec Luc Besson) Infos &amp; Vid\u00e9o<\/p>\n","protected":false},"author":2,"featured_media":0,"parent":0,"menu_order":0,"comment_status":"closed","ping_status":"closed","template":"","meta":{"_acf_changed":false,"ngg_post_thumbnail":0,"footnotes":""},"class_list":["post-4531","page","type-page","status-publish","hentry"],"acf":[],"_links":{"self":[{"href":"https:\/\/mig.mylene.net\/galeries-photos-mylene-farmer\/wp-json\/wp\/v2\/pages\/4531","targetHints":{"allow":["GET"]}}],"collection":[{"href":"https:\/\/mig.mylene.net\/galeries-photos-mylene-farmer\/wp-json\/wp\/v2\/pages"}],"about":[{"href":"https:\/\/mig.mylene.net\/galeries-photos-mylene-farmer\/wp-json\/wp\/v2\/types\/page"}],"author":[{"embeddable":true,"href":"https:\/\/mig.mylene.net\/galeries-photos-mylene-farmer\/wp-json\/wp\/v2\/users\/2"}],"replies":[{"embeddable":true,"href":"https:\/\/mig.mylene.net\/galeries-photos-mylene-farmer\/wp-json\/wp\/v2\/comments?post=4531"}],"version-history":[{"count":1,"href":"https:\/\/mig.mylene.net\/galeries-photos-mylene-farmer\/wp-json\/wp\/v2\/pages\/4531\/revisions"}],"predecessor-version":[{"id":24510,"href":"https:\/\/mig.mylene.net\/galeries-photos-mylene-farmer\/wp-json\/wp\/v2\/pages\/4531\/revisions\/24510"}],"wp:attachment":[{"href":"https:\/\/mig.mylene.net\/galeries-photos-mylene-farmer\/wp-json\/wp\/v2\/media?parent=4531"}],"curies":[{"name":"wp","href":"https:\/\/api.w.org\/{rel}","templated":true}]}}