{"id":4453,"date":"2016-05-25T10:47:05","date_gmt":"2016-05-25T09:47:05","guid":{"rendered":"http:\/\/www.mylene.net\/mfv3atw\/galeries-photos-mf\/?page_id=4453"},"modified":"2025-08-17T10:08:32","modified_gmt":"2025-08-17T08:08:32","slug":"sacree-soiree-tf1-17-avril-1991","status":"publish","type":"page","link":"https:\/\/mig.mylene.net\/galeries-photos-mylene-farmer\/sacree-soiree-tf1-17-avril-1991","title":{"rendered":"Myl\u00e8ne Farmer &#8211; Sacr\u00e9e Soir\u00e9e &#8211; TF1 &#8211; 17 avril 1991"},"content":{"rendered":"ngg_shortcode_0_placeholder\nngg_shortcode_1_placeholder\nngg_shortcode_2_placeholder\n<div class=\"galerie_description\">\n<div class=\"galerie_description_table\">\n<div class=\"galerie_description_line\">\n<div class=\"title themecolored\">Photographes<\/div>\n<div class=\"content\">Divers<\/div>\n<\/div>\n<div class=\"galerie_description_line\">\n<div class=\"title themecolored\">Date<\/div>\n<div class=\"content\">17 avril 1991<\/div>\n<\/div>\n<div class=\"galerie_description_line\">\n<div class=\"title themecolored\">Lieu<\/div>\n<div class=\"content\">Paris, France<\/div>\n<\/div>\n<\/div>\n<p>&nbsp;<\/p>\n<div class=\"galerie_description_fullline with_border\">\n<p>Emission pr\u00e9sent\u00e9e par&nbsp;Jean-Pierre Foucault et diffus\u00e9e en prime time et en direct le mercredi sur TF1.<br \/>\nMyl\u00e8ne interpr\u00e8te <em>D\u00e9senchant\u00e9e<\/em> pour la premi\u00e8re fois \u00e0 la t\u00e9l\u00e9vision et r\u00e9pond \u00e0 une br\u00e8ve interview.<\/p>\n<p><a href=\"http:\/\/www.mylene.net\/modules\/index.php?r=205&amp;z=1045\">\u00ab\u00a0Sacr\u00e9e Soir\u00e9e\u00a0\u00bb sur TF1 le 17 avril 1991<\/a> &#8211; Infos &amp; Vid\u00e9o<\/p>\n<\/div>\n<\/div>\n","protected":false},"excerpt":{"rendered":"<p>&nbsp; &nbsp; Photographes Divers Date 17 avril 1991 Lieu Paris, France &nbsp; Emission pr\u00e9sent\u00e9e par&nbsp;Jean-Pierre Foucault et diffus\u00e9e en prime time et en direct le mercredi sur TF1. Myl\u00e8ne interpr\u00e8te D\u00e9senchant\u00e9e pour la premi\u00e8re fois \u00e0 la t\u00e9l\u00e9vision et r\u00e9pond \u00e0 une br\u00e8ve interview. \u00ab\u00a0Sacr\u00e9e Soir\u00e9e\u00a0\u00bb sur TF1 le 17 avril 1991 &#8211; Infos &amp; &hellip; <a href=\"https:\/\/mig.mylene.net\/galeries-photos-mylene-farmer\/sacree-soiree-tf1-17-avril-1991\" class=\"more-link\">Continue reading<span class=\"screen-reader-text\"> \u00ab\u00a0Myl\u00e8ne Farmer &#8211; Sacr\u00e9e Soir\u00e9e &#8211; TF1 &#8211; 17 avril 1991\u00a0\u00bb<\/span><\/a><\/p>\n","protected":false},"author":2,"featured_media":0,"parent":0,"menu_order":0,"comment_status":"closed","ping_status":"closed","template":"","meta":{"_acf_changed":false,"ngg_post_thumbnail":0,"footnotes":""},"class_list":["post-4453","page","type-page","status-publish","hentry"],"acf":[],"_links":{"self":[{"href":"https:\/\/mig.mylene.net\/galeries-photos-mylene-farmer\/wp-json\/wp\/v2\/pages\/4453","targetHints":{"allow":["GET"]}}],"collection":[{"href":"https:\/\/mig.mylene.net\/galeries-photos-mylene-farmer\/wp-json\/wp\/v2\/pages"}],"about":[{"href":"https:\/\/mig.mylene.net\/galeries-photos-mylene-farmer\/wp-json\/wp\/v2\/types\/page"}],"author":[{"embeddable":true,"href":"https:\/\/mig.mylene.net\/galeries-photos-mylene-farmer\/wp-json\/wp\/v2\/users\/2"}],"replies":[{"embeddable":true,"href":"https:\/\/mig.mylene.net\/galeries-photos-mylene-farmer\/wp-json\/wp\/v2\/comments?post=4453"}],"version-history":[{"count":2,"href":"https:\/\/mig.mylene.net\/galeries-photos-mylene-farmer\/wp-json\/wp\/v2\/pages\/4453\/revisions"}],"predecessor-version":[{"id":24932,"href":"https:\/\/mig.mylene.net\/galeries-photos-mylene-farmer\/wp-json\/wp\/v2\/pages\/4453\/revisions\/24932"}],"wp:attachment":[{"href":"https:\/\/mig.mylene.net\/galeries-photos-mylene-farmer\/wp-json\/wp\/v2\/media?parent=4453"}],"curies":[{"name":"wp","href":"https:\/\/api.w.org\/{rel}","templated":true}]}}