{"id":4327,"date":"2016-05-25T10:40:43","date_gmt":"2016-05-25T09:40:43","guid":{"rendered":"http:\/\/www.mylene.net\/mfv3atw\/galeries-photos-mf\/?page_id=4327"},"modified":"2025-03-25T14:50:11","modified_gmt":"2025-03-25T13:50:11","slug":"photographe-marianne-rosenstiehl-1991-3","status":"publish","type":"page","link":"https:\/\/mig.mylene.net\/galeries-photos-mylene-farmer\/photographe-marianne-rosenstiehl-1991-3","title":{"rendered":"Myl\u00e8ne Farmer &#8211; Photographe Marianne Rosenstiehl &#8211; 1991 (3)"},"content":{"rendered":"ngg_shortcode_0_placeholder\n<div class=\"galerie_description\">\n<div class=\"galerie_description_table\">\n<div class=\"galerie_description_line\">\n<div class=\"title themecolored\">Photographe<\/div>\n<div class=\"content\">Marianne Rosenstiehl<\/div>\n<\/div>\n<div class=\"galerie_description_line\">\n<div class=\"title themecolored\">Date<\/div>\n<div class=\"content\">1991<\/div>\n<\/div>\n<div class=\"galerie_description_line\">\n<div class=\"title themecolored\">Lieu<\/div>\n<div class=\"content\">Paris, France<\/div>\n<\/div>\n<\/div>\n<p>&nbsp;<\/p>\n<div class=\"galerie_description_fullline with_border\">\n<p>S\u00e9ance photo pour la promotion de l&rsquo;album <em>L&rsquo;autre&#8230;<\/em><br \/>\nPremi\u00e8re publication connue dans \u00ab\u00a0Madame Figaro\u00a0\u00bb le 01er novembre 1991.<br \/>\nMyl\u00e8ne porte une tenue sign\u00e9e Issey Miyak\u00e9.<\/p>\n<\/div>\n<\/div>\n","protected":false},"excerpt":{"rendered":"<p>Photographe Marianne Rosenstiehl Date 1991 Lieu Paris, France &nbsp; S\u00e9ance photo pour la promotion de l&rsquo;album L&rsquo;autre&#8230; Premi\u00e8re publication connue dans \u00ab\u00a0Madame Figaro\u00a0\u00bb le 01er novembre 1991. Myl\u00e8ne porte une tenue sign\u00e9e Issey Miyak\u00e9.<\/p>\n","protected":false},"author":2,"featured_media":0,"parent":0,"menu_order":0,"comment_status":"closed","ping_status":"closed","template":"","meta":{"_acf_changed":false,"ngg_post_thumbnail":0,"footnotes":""},"class_list":["post-4327","page","type-page","status-publish","hentry"],"acf":[],"_links":{"self":[{"href":"https:\/\/mig.mylene.net\/galeries-photos-mylene-farmer\/wp-json\/wp\/v2\/pages\/4327","targetHints":{"allow":["GET"]}}],"collection":[{"href":"https:\/\/mig.mylene.net\/galeries-photos-mylene-farmer\/wp-json\/wp\/v2\/pages"}],"about":[{"href":"https:\/\/mig.mylene.net\/galeries-photos-mylene-farmer\/wp-json\/wp\/v2\/types\/page"}],"author":[{"embeddable":true,"href":"https:\/\/mig.mylene.net\/galeries-photos-mylene-farmer\/wp-json\/wp\/v2\/users\/2"}],"replies":[{"embeddable":true,"href":"https:\/\/mig.mylene.net\/galeries-photos-mylene-farmer\/wp-json\/wp\/v2\/comments?post=4327"}],"version-history":[{"count":1,"href":"https:\/\/mig.mylene.net\/galeries-photos-mylene-farmer\/wp-json\/wp\/v2\/pages\/4327\/revisions"}],"predecessor-version":[{"id":24504,"href":"https:\/\/mig.mylene.net\/galeries-photos-mylene-farmer\/wp-json\/wp\/v2\/pages\/4327\/revisions\/24504"}],"wp:attachment":[{"href":"https:\/\/mig.mylene.net\/galeries-photos-mylene-farmer\/wp-json\/wp\/v2\/media?parent=4327"}],"curies":[{"name":"wp","href":"https:\/\/api.w.org\/{rel}","templated":true}]}}